{"id":734885,"date":"2025-08-27T22:36:37","date_gmt":"2025-08-27T19:36:37","guid":{"rendered":"https:\/\/roveyayinevi.com.tr\/index.php\/urun\/tevazu\/"},"modified":"2026-04-16T02:42:53","modified_gmt":"2026-04-15T23:42:53","slug":"tevazu","status":"publish","type":"product","link":"https:\/\/roveyayinevi.com.tr\/index.php\/urun\/tevazu\/","title":{"rendered":"Tevazu"},"content":{"rendered":"<p>Yapay zek\u00e2n\u0131n \u00f6ncu\u0308lu\u0308k etti\u011fi \u201cAk\u0131ll\u0131 Makine \u00c7a\u011f\u0131\u201dn\u0131 idrak etmeye \u00e7oktan ba\u015flad\u0131k. Ak\u0131ll\u0131 makineler imalatta, ofis i\u015flerinde, hizmet sekt\u00f6ru\u0308nde ve daha bir\u00e7ok alanda milyonlarca i\u015fi u\u0308stlenecek gibi g\u00f6ru\u0308nu\u0308yor. Edward Hess ve Katherine Ludwig\u2019e g\u00f6re bu makineler, bir insandan daha yu\u0308ksek say\u0131da veri al\u0131p bunlar\u0131 daha h\u0131zl\u0131 analiz etmekle kalmayacak, ayn\u0131 zamanda insan du\u0308\u015fu\u0308ncesi i\u00e7in engel te\u015fkil eden duygusal, psikolojik ve ku\u0308ltu\u0308rel birtak\u0131m unsurlar\u0131 da ortadan kald\u0131racak. Bu y\u00f6nu\u0308yle makineleri yenmemiz mu\u0308mku\u0308n g\u00f6ru\u0308nmu\u0308yor. Dolay\u0131s\u0131yla farkl\u0131 bir yolu takip etmemiz gerek. \u0130\u015fte bu kitap bize bu yol haritas\u0131n\u0131n nas\u0131l \u00e7izilece\u011fini anlat\u0131yor. Ele\u015ftirel, yarat\u0131c\u0131 ve yenilik\u00e7i du\u0308\u015fu\u0308nmeye ek olarak ba\u015fkalar\u0131yla \u201cger\u00e7ek bir ili\u015fki\u201d kurmak gibi makinelerin henu\u0308z tam anlam\u0131yla yapamad\u0131klar\u0131 baz\u0131 i\u015flemler noktas\u0131nda bize bu yollar\u0131 geli\u015ftirmenin anahtar\u0131n\u0131 veriyor. Asl\u0131nda bu\u0308tu\u0308n mesele, ak\u0131ll\u0131 olman\u0131n ne anlama geldi\u011fine dair tan\u0131m\u0131m\u0131z\u0131 de\u011fi\u015ftirmek. Hess ve Ludwig buna \u201cNew Smart\u201d [Yeni Zeki] diyor. Bu noktada eser, yeni ger\u00e7ekli\u011fe uyum sa\u011flamam\u0131za yard\u0131mc\u0131 olma noktas\u0131nda bizim i\u00e7in ayr\u0131nt\u0131l\u0131 bir rehberlik te\u015fkil ediyor. <\/p>\n","protected":false},"excerpt":{"rendered":"<p>Yapay zek\u00e2n\u0131n \u00f6ncu\u0308lu\u0308k etti\u011fi \u201cAk\u0131ll\u0131 Makine \u00c7a\u011f\u0131\u201dn\u0131 idrak etmeye \u00e7oktan ba\u015flad\u0131k. Ak\u0131ll\u0131 makineler imalatta, ofis i\u015flerinde, hizmet sekt\u00f6ru\u0308nde ve daha bir\u00e7ok alanda milyonlarca i\u015fi u\u0308stlenecek gibi<span class=\"excerpt-hellip\"> [\u2026]<\/span><\/p>\n","protected":false},"featured_media":0,"template":"","meta":{"_monsterinsights_skip_tracking":false,"_monsterinsights_sitenote_active":false,"_monsterinsights_sitenote_note":"","_monsterinsights_sitenote_category":0},"product_brand":[],"product_cat":[13043,19008],"product_tag":[],"class_list":{"0":"post-734885","1":"product","2":"type-product","3":"status-publish","5":"product_cat-ekonomi","6":"product_cat-yonetim","7":"pa_cilt-ciltsiz","8":"pa_tur-kitap","9":"pa_yayinevi-albaraka-yayinlari","10":"pa_yazar-edward-d-hess-katherine-ludwig","12":"first","13":"instock","14":"sale","15":"shipping-taxable","16":"purchasable","17":"product-type-simple"},"_links":{"self":[{"href":"https:\/\/roveyayinevi.com.tr\/index.php\/wp-json\/wp\/v2\/product\/734885","targetHints":{"allow":["GET"]}}],"collection":[{"href":"https:\/\/roveyayinevi.com.tr\/index.php\/wp-json\/wp\/v2\/product"}],"about":[{"href":"https:\/\/roveyayinevi.com.tr\/index.php\/wp-json\/wp\/v2\/types\/product"}],"wp:attachment":[{"href":"https:\/\/roveyayinevi.com.tr\/index.php\/wp-json\/wp\/v2\/media?parent=734885"}],"wp:term":[{"taxonomy":"product_brand","embeddable":true,"href":"https:\/\/roveyayinevi.com.tr\/index.php\/wp-json\/wp\/v2\/product_brand?post=734885"},{"taxonomy":"product_cat","embeddable":true,"href":"https:\/\/roveyayinevi.com.tr\/index.php\/wp-json\/wp\/v2\/product_cat?post=734885"},{"taxonomy":"product_tag","embeddable":true,"href":"https:\/\/roveyayinevi.com.tr\/index.php\/wp-json\/wp\/v2\/product_tag?post=734885"}],"curies":[{"name":"wp","href":"https:\/\/api.w.org\/{rel}","templated":true}]}}