{"id":734884,"date":"2025-08-27T22:36:37","date_gmt":"2025-08-27T19:36:37","guid":{"rendered":"https:\/\/roveyayinevi.com.tr\/index.php\/urun\/sirketi-icten-degistirmek\/"},"modified":"2026-04-16T02:42:52","modified_gmt":"2026-04-15T23:42:52","slug":"sirketi-icten-degistirmek","status":"publish","type":"product","link":"https:\/\/roveyayinevi.com.tr\/index.php\/urun\/sirketi-icten-degistirmek\/","title":{"rendered":"\u015eirketi \u0130\u00e7ten De\u011fi\u015ftirmek"},"content":{"rendered":"<p>H\u0131rsl\u0131s\u0131n\u0131z. Risk almaktan korkmuyorsunuz. Sosyal bir de\u011fi\u015fim yaratmak istiyorsunuz. Meslekta\u015flar\u0131n\u0131z arkalar\u0131nda bir dizi ba\u015far\u0131s\u0131z \u015firket b\u0131rakm\u0131\u015fken siz daha geni\u015f kapsaml\u0131, hatta k\u00fcresel etkiye sahip olabilecek bir \u015firkette k\u00f6kl\u00fc bir de\u011fi\u015fim ba\u015flatmak istiyorsunuz. Ancak yetenekli, sosyal hayat\u0131 yak\u0131ndan tan\u0131yan ve d\u00fcnyay\u0131 de\u011fi\u015ftirme kararl\u0131l\u0131\u011f\u0131na sahip biri olsan\u0131z dahi ba\u015far\u0131ya giden yol zorluklarla doludur. Bu durumda i\u015fe nas\u0131l ba\u015flar ve ba\u015far\u0131 grafi\u011finizi nas\u0131l y\u00fckseltirsiniz? \u015eirketi \u0130\u00e7ten De\u011fi\u015ftirmek, sizin ve \u015firketinizin ba\u015far\u0131s\u0131 i\u00e7in gerekli inisiyatifleri h\u0131zl\u0131 bir \u015fekilde alman\u0131z ad\u0131na yepyeni ara\u00e7lar sunmaktad\u0131r. Kitab\u0131n yazarlar\u0131 Gerald Davis ve Christopher White, etkili sosyal hareketlerden ve ba\u015far\u0131l\u0131 \u015firket i\u00e7i giri\u015fimcilerin tecr\u00fcbelerinden ilham alarak, kendi organizasyonunuzda olumlu sosyal de\u011fi\u015fimler yaratman\u0131z i\u00e7in size rehberlik edecektir. <\/p>\n","protected":false},"excerpt":{"rendered":"<p>H\u0131rsl\u0131s\u0131n\u0131z. Risk almaktan korkmuyorsunuz. Sosyal bir de\u011fi\u015fim yaratmak istiyorsunuz. Meslekta\u015flar\u0131n\u0131z arkalar\u0131nda bir dizi ba\u015far\u0131s\u0131z \u015firket b\u0131rakm\u0131\u015fken siz daha geni\u015f kapsaml\u0131, hatta k\u00fcresel etkiye sahip olabilecek bir<span class=\"excerpt-hellip\"> [\u2026]<\/span><\/p>\n","protected":false},"featured_media":0,"template":"","meta":{"_monsterinsights_skip_tracking":false,"_monsterinsights_sitenote_active":false,"_monsterinsights_sitenote_note":"","_monsterinsights_sitenote_category":0},"product_brand":[],"product_cat":[13043,19008],"product_tag":[],"class_list":{"0":"post-734884","1":"product","2":"type-product","3":"status-publish","5":"product_cat-ekonomi","6":"product_cat-yonetim","7":"pa_cilt-ciltsiz","8":"pa_tur-kitap","9":"pa_yayinevi-albaraka-yayinlari","10":"pa_yazar-gerald-f-davis-christopher-j-white","12":"first","13":"instock","14":"sale","15":"shipping-taxable","16":"purchasable","17":"product-type-simple"},"_links":{"self":[{"href":"https:\/\/roveyayinevi.com.tr\/index.php\/wp-json\/wp\/v2\/product\/734884","targetHints":{"allow":["GET"]}}],"collection":[{"href":"https:\/\/roveyayinevi.com.tr\/index.php\/wp-json\/wp\/v2\/product"}],"about":[{"href":"https:\/\/roveyayinevi.com.tr\/index.php\/wp-json\/wp\/v2\/types\/product"}],"wp:attachment":[{"href":"https:\/\/roveyayinevi.com.tr\/index.php\/wp-json\/wp\/v2\/media?parent=734884"}],"wp:term":[{"taxonomy":"product_brand","embeddable":true,"href":"https:\/\/roveyayinevi.com.tr\/index.php\/wp-json\/wp\/v2\/product_brand?post=734884"},{"taxonomy":"product_cat","embeddable":true,"href":"https:\/\/roveyayinevi.com.tr\/index.php\/wp-json\/wp\/v2\/product_cat?post=734884"},{"taxonomy":"product_tag","embeddable":true,"href":"https:\/\/roveyayinevi.com.tr\/index.php\/wp-json\/wp\/v2\/product_tag?post=734884"}],"curies":[{"name":"wp","href":"https:\/\/api.w.org\/{rel}","templated":true}]}}