{"id":734877,"date":"2025-08-27T22:36:29","date_gmt":"2025-08-27T19:36:29","guid":{"rendered":"https:\/\/roveyayinevi.com.tr\/index.php\/urun\/insan-tenhalari\/"},"modified":"2026-04-16T02:42:52","modified_gmt":"2026-04-15T23:42:52","slug":"insan-tenhalari","status":"publish","type":"product","link":"https:\/\/roveyayinevi.com.tr\/index.php\/urun\/insan-tenhalari\/","title":{"rendered":"\u0130nsan Tenhalar\u0131"},"content":{"rendered":"<p>S\u00d6K ARKA BAH\u00c7ENDEK\u0130 DE\u011eERS\u0130ZL\u0130K OTLARINI VE HUZURSUZLUK TOHUMLARINI. ISRARLA VE \u0130\u015eTAHLA YA\u015eA.   Art\u0131k iyice eminim; insan\u0131 a\u00e7l\u0131k veya \u00e7aresizlik de\u011fil, anlams\u0131zl\u0131k y\u0131k\u0131yor. Zihinsel esneklik, \u00e7evik bir ak\u0131l sonucu te\u015fkil olan bir birey, farkl\u0131 ve \u00e7at\u0131\u015fan fikirleri ho\u015f g\u00f6ren bireysel basiretin ve erdemin temel ko\u015fuludur. Bunun sonucunda da bizi ar\u0131nd\u0131ran \u015fey s\u0131namad\u0131r ve s\u0131nav\u0131 bize ters gelen verir. Yani ne yap\u0131yoruz? Arka bah\u00e7emizi temiz tutuyoruz! \u2013 U\u011fur Bat\u0131   Edebiyata g\u00f6n\u00fcl vermi\u015f gen\u00e7 kalemler insan ruhunun en tenha yerlerine gitti. \u00c7\u00fcnk\u00fc derinliklerin g\u00f6sterecekleri ve uyand\u0131racaklar\u0131 vard\u0131. Sahici hik\u00e2yeler ba\u015fka t\u00fcrl\u00fc nas\u0131l yaz\u0131labilirdi? Bu \u00e7aban\u0131n k\u0131ymetini bilmek gerek. \u2013 Mario Levi   Tersi zannedilmekle birlikte, nefes alan ve ald\u0131ran tenhalard\u0131r. Kalabal\u0131klar san\u0131lan\u0131n aksine, dibine kadar \u0131ss\u0131zd\u0131r. Beyinler ve ruhlar kalabal\u0131klarda de\u011fil \u0131ss\u0131zlarda b\u00fcy\u00fcr. C\u00fcmb\u00fcr cemaat d\u00fc\u015f\u00fcnce, fikir, yaz\u0131, \u00e7izi \u00fcretilmez, \u00e2lem yap\u0131l\u0131r. Galip gelen tabiat\u0131yla davul ve zurnan\u0131n g\u00fcr\u00fclt\u00fcs\u00fc olacakt\u0131r. \u2013 Osman Balc\u0131gil   Her insan ya\u015fam\u0131n\u0131n belli d\u00f6nemlerinde de\u011fersizlik duygusu ya\u015far. Edebiyat, kazand\u0131rd\u0131\u011f\u0131 yeni bir g\u00f6rme bi\u00e7imiyle bu duygunun kurgu \u00fczerinden ke\u015ffedilmesini sa\u011flar. Yara, dil arac\u0131l\u0131\u011f\u0131yla kurgusal alana terk edilir. Bunu nitelikli bir bi\u00e7imde yapmaya \u00e7al\u0131\u015fan yazarlar\u0131n kaleminden \u00e7\u0131kan bu metinlerin hedefi, okuyan i\u00e7in de bir kar\u015f\u0131la\u015fma alan\u0131 olmas\u0131d\u0131r. Zira s\u00f6ylendi\u011fi \u00fczere; nitelikli edebiyat nitelikli psikanalizdir. \u2013 Hakan Akdo\u011fan   Her insan\u0131n u\u011framaya pek heves etmedi\u011fi bir arka bah\u00e7esi var. Her reddedili\u015f, de\u011fer g\u00f6rmeyi\u015f ve k\u0131r\u0131l\u0131\u015f\u0131n heyelan\u0131yla, yaban otlar\u0131 peyda oluyor orada&#8230; Arka dendi\u011fine bak\u0131lmas\u0131n, asl\u0131nda \u00f6nde; lakin g\u00f6\u011f\u00fcskafesinin ta i\u00e7inde, da\u011f gibi bir y\u0131\u011f\u0131nla duruyor. Bir tek g\u00f6ren g\u00f6zlerle \u0131srarla bak\u0131ld\u0131\u011f\u0131nda ve dahas\u0131 duyuldu\u011funda ba\u011f oluyor oralar&#8230; \u2013 Sibel Algan   Zordur insan\u0131n geriye bakmas\u0131, ge\u00e7mi\u015fine karanl\u0131k bir ayna tutmas\u0131. Kendi olmas\u0131n\u0131 sa\u011flayan kendinden ba\u011f\u0131ms\u0131z \u00e7ocuklu\u011fu ile y\u00fczle\u015fmek ise daha zor. Bu kitapta bu y\u00fczle\u015fmeyi cesur \u00e7arp\u0131\u015fmalarla yapan derin \u00f6yk\u00fcler okuyacaks\u0131n\u0131z i\u015fte. \u2013 G\u00fcl\u015fah Elikbank   Arka bah\u00e7eler dolusu ya\u015fanm\u0131\u015fl\u0131klar ve itiraf edilemeyenler, tenhada kalmas\u0131n diye hayata \u0131srarla yakla\u015fanlar\u0131n kaleminden \u00e7\u0131kt\u0131. Her biri ayr\u0131 bir d\u00fcnyan\u0131n kap\u0131s\u0131n\u0131 aralayan hik\u00e2yeler, \u015fimdi okurlar\u0131 ile bulu\u015fmay\u0131 bekliyor. \u2013 Zuhal G\u00fcr\u00e7imen   Bir insan\u0131 anlatan yeg\u00e2ne \u015fey, arka bah\u00e7esinde b\u00fcy\u00fctt\u00fckleridir. Bah\u00e7\u0131vand\u0131r yazar ki\u015fi; eker, b\u00fcy\u00fct\u00fcr, a\u00e7t\u0131r\u0131r ve soldurur. Elinizde tuttu\u011funuz bu kitapta, tohumlar\u0131 hayal olanlar\u0131n hik\u00e2yeleri yaz\u0131l\u0131d\u0131r. \u2013 Hasan G\u00fcmen   Arka Bah\u00e7emiz, De\u011fersizlik Duygusu, Israr. Bu \u00fc\u00e7 kelimenin hakk\u0131n\u0131 veren arkada\u015flar\u0131m\u0131 g\u00f6n\u00fclden tebrik ediyorum. \u2013 Selda Terek <\/p>\n","protected":false},"excerpt":{"rendered":"<p>S\u00d6K ARKA BAH\u00c7ENDEK\u0130 DE\u011eERS\u0130ZL\u0130K OTLARINI VE HUZURSUZLUK TOHUMLARINI. ISRARLA VE \u0130\u015eTAHLA YA\u015eA. Art\u0131k iyice eminim; insan\u0131 a\u00e7l\u0131k veya \u00e7aresizlik de\u011fil, anlams\u0131zl\u0131k y\u0131k\u0131yor. Zihinsel esneklik, \u00e7evik bir<span class=\"excerpt-hellip\"> [\u2026]<\/span><\/p>\n","protected":false},"featured_media":0,"template":"","meta":{"_monsterinsights_skip_tracking":false,"_monsterinsights_sitenote_active":false,"_monsterinsights_sitenote_note":"","_monsterinsights_sitenote_category":0},"product_brand":[],"product_cat":[12291,12711],"product_tag":[],"class_list":{"0":"post-734877","1":"product","2":"type-product","3":"status-publish","5":"product_cat-edebiyat","6":"product_cat-roman-oyku","7":"pa_cilt-ciltsiz","8":"pa_tur-kitap","9":"pa_yayinevi-destek-yayinlari","10":"pa_yazar-destek-yayinlari-kolektif","12":"first","13":"instock","14":"sale","15":"shipping-taxable","16":"purchasable","17":"product-type-simple"},"_links":{"self":[{"href":"https:\/\/roveyayinevi.com.tr\/index.php\/wp-json\/wp\/v2\/product\/734877","targetHints":{"allow":["GET"]}}],"collection":[{"href":"https:\/\/roveyayinevi.com.tr\/index.php\/wp-json\/wp\/v2\/product"}],"about":[{"href":"https:\/\/roveyayinevi.com.tr\/index.php\/wp-json\/wp\/v2\/types\/product"}],"wp:attachment":[{"href":"https:\/\/roveyayinevi.com.tr\/index.php\/wp-json\/wp\/v2\/media?parent=734877"}],"wp:term":[{"taxonomy":"product_brand","embeddable":true,"href":"https:\/\/roveyayinevi.com.tr\/index.php\/wp-json\/wp\/v2\/product_brand?post=734877"},{"taxonomy":"product_cat","embeddable":true,"href":"https:\/\/roveyayinevi.com.tr\/index.php\/wp-json\/wp\/v2\/product_cat?post=734877"},{"taxonomy":"product_tag","embeddable":true,"href":"https:\/\/roveyayinevi.com.tr\/index.php\/wp-json\/wp\/v2\/product_tag?post=734877"}],"curies":[{"name":"wp","href":"https:\/\/api.w.org\/{rel}","templated":true}]}}