{"id":734876,"date":"2025-08-27T22:36:28","date_gmt":"2025-08-27T19:36:28","guid":{"rendered":"https:\/\/roveyayinevi.com.tr\/index.php\/urun\/dinle-sebastian\/"},"modified":"2026-04-08T02:52:18","modified_gmt":"2026-04-07T23:52:18","slug":"dinle-sebastian","status":"publish","type":"product","link":"https:\/\/roveyayinevi.com.tr\/index.php\/urun\/dinle-sebastian\/","title":{"rendered":"Dinle Sebastian"},"content":{"rendered":"<p>K\u00e2mile bir g\u00fcn, bir Alman kad\u0131n arkada\u015f\u0131 ile spor yapt\u0131ktan sonra, erkek ve kad\u0131nlar\u0131n birlikte girebildikleri bir saunaya gitmi\u015f. Uzanm\u0131\u015f tahta banklara sere serpe. Siyah uzun sa\u00e7lar\u0131, hafif tombul olu\u015fu ve esmer teninden yola \u00e7\u0131km\u0131\u015f olsa gerek bir Alman erkek, K\u00e2mile\u2019nin T\u00fcrkiyeli, daha do\u011frusu M\u00fcsl\u00fcman oldu\u011funu d\u00fc\u015f\u00fcnm\u00fc\u015f. K\u0131sa bir s\u00fcre sonra kendisiyle ufak ve terletici bir sohbete koyulmu\u015f. Pek gecikmeden de as\u0131l terleten soru gelmi\u015f: \u201cBa\u015f\u00f6rt\u00fcn\u00fcz nerede?\u201d Anadili gibi Almanca konu\u015fan arkada\u015f\u0131m da arkada\u015f\u0131 da \u015fa\u015f\u0131rm\u0131\u015f ve soran g\u00f6zlerle bak\u0131nca, Alman bir hata yapt\u0131\u011f\u0131n\u0131 anlam\u0131\u015f, d\u00fczeltmeye \u00e7al\u0131\u015f\u0131rken ise kelimenin tam anlam\u0131yla ka\u015f yaparken g\u00f6z \u00e7\u0131karm\u0131\u015f. \u201c\u015eey! Yani d\u0131\u015far\u0131da ba\u015f\u00f6rt\u00fcs\u00fc tak\u0131yor musunuz demek istedim&#8230;\u201d   Gazeteci Fulya Can\u015fen\u2019in birdenbire ba\u015flayan Almanya maceras\u0131n\u0131 ve iki \u00fclke aras\u0131nda ge\u00e7en, ne oral\u0131 ne bural\u0131 bir hik\u00e2yeyi anlatt\u0131\u011f\u0131 D\u0130NLE SEBASIAN, g\u00f6zlemci bir gazeteci g\u00f6z\u00fcyle Almanlara, \u201cAlman b\u00fcrokrasisi\u201dne, Almanlar\u0131n T\u00fcrklere ve \u201cAlamanc\u0131lar\u201da bak\u0131\u015f\u0131na dair ho\u015f ayr\u0131nt\u0131lar i\u00e7eriyor. \u0130\u00e7ten, a\u00e7\u0131ks\u00f6zl\u00fc ve samimi an\u0131larla bezeli D\u0130NLE SEBASIAN, cesur bir kad\u0131n\u0131n kimlikler ve etiketler d\u00fczlemine hi\u00e7 bula\u015fmadan kendini ger\u00e7ekle\u015ftirmesinin hik\u00e2yesi. <\/p>\n","protected":false},"excerpt":{"rendered":"<p>K\u00e2mile bir g\u00fcn, bir Alman kad\u0131n arkada\u015f\u0131 ile spor yapt\u0131ktan sonra, erkek ve kad\u0131nlar\u0131n birlikte girebildikleri bir saunaya gitmi\u015f. Uzanm\u0131\u015f tahta banklara sere serpe. Siyah uzun<span class=\"excerpt-hellip\"> [\u2026]<\/span><\/p>\n","protected":false},"featured_media":0,"template":"","meta":{"_monsterinsights_skip_tracking":false,"_monsterinsights_sitenote_active":false,"_monsterinsights_sitenote_note":"","_monsterinsights_sitenote_category":0},"product_brand":[],"product_cat":[12291,12711],"product_tag":[],"class_list":{"0":"post-734876","1":"product","2":"type-product","3":"status-publish","5":"product_cat-edebiyat","6":"product_cat-roman-oyku","7":"pa_cilt-ciltsiz","8":"pa_tur-kitap","9":"pa_yayinevi-kara-karga-yayinlari","10":"pa_yazar-fulya-cansen","12":"first","13":"instock","14":"sale","15":"shipping-taxable","16":"purchasable","17":"product-type-simple"},"_links":{"self":[{"href":"https:\/\/roveyayinevi.com.tr\/index.php\/wp-json\/wp\/v2\/product\/734876","targetHints":{"allow":["GET"]}}],"collection":[{"href":"https:\/\/roveyayinevi.com.tr\/index.php\/wp-json\/wp\/v2\/product"}],"about":[{"href":"https:\/\/roveyayinevi.com.tr\/index.php\/wp-json\/wp\/v2\/types\/product"}],"wp:attachment":[{"href":"https:\/\/roveyayinevi.com.tr\/index.php\/wp-json\/wp\/v2\/media?parent=734876"}],"wp:term":[{"taxonomy":"product_brand","embeddable":true,"href":"https:\/\/roveyayinevi.com.tr\/index.php\/wp-json\/wp\/v2\/product_brand?post=734876"},{"taxonomy":"product_cat","embeddable":true,"href":"https:\/\/roveyayinevi.com.tr\/index.php\/wp-json\/wp\/v2\/product_cat?post=734876"},{"taxonomy":"product_tag","embeddable":true,"href":"https:\/\/roveyayinevi.com.tr\/index.php\/wp-json\/wp\/v2\/product_tag?post=734876"}],"curies":[{"name":"wp","href":"https:\/\/api.w.org\/{rel}","templated":true}]}}