{"id":734875,"date":"2025-08-27T22:36:27","date_gmt":"2025-08-27T19:36:27","guid":{"rendered":"https:\/\/roveyayinevi.com.tr\/index.php\/urun\/mustafa-kemal-ataturk-ve-turk-havaciligi\/"},"modified":"2026-04-16T02:42:52","modified_gmt":"2026-04-15T23:42:52","slug":"mustafa-kemal-ataturk-ve-turk-havaciligi","status":"publish","type":"product","link":"https:\/\/roveyayinevi.com.tr\/index.php\/urun\/mustafa-kemal-ataturk-ve-turk-havaciligi\/","title":{"rendered":"Mustafa Kemal Atat\u00fcrk ve T\u00fcrk Havac\u0131l\u0131\u011f\u0131"},"content":{"rendered":"<p>D\u00fcnya Havac\u0131l\u0131\u011f\u0131n\u0131n Do\u011fu\u015fu ve Havac\u0131l\u0131k Tarihinde T\u00fcrkler\u2026         T\u00fcrk Havac\u0131l\u0131k Tarihi ve T\u00fcrk Havac\u0131l\u0131\u011f\u0131 kurulu\u015f \u00e7al\u0131\u015fmalar\u0131\u2026  Milli M\u00fccadele\u2019de; \u0130n\u00f6n\u00fc Sava\u015flar\u0131, Sakarya Meydan Muharebesi ve B\u00fcy\u00fck Taarruz\u2019da T\u00fcrk Havac\u0131l\u0131\u011f\u0131\u2026 T\u00fcrk Havac\u0131l\u0131\u011f\u0131n\u0131n temelini te\u015fkil eden T\u00fcrk Tayyare Cemiyeti, T\u00fcrkku\u015fu ve T\u00fcrk Hava Kurumunun Kurulu\u015fu\u2026 D\u00fcnyan\u0131n ilk kad\u0131n sava\u015f pilotu Sabiha G\u00f6k\u00e7en\u2019in  ilkleri ve rekorlar\u0131\u2026 Kayseri, Eski\u015fehir ve Etimesgut U\u00e7ak ve Motor Fabrikalar\u0131n\u0131n Kurulu\u015fu\u2026 Ankara R\u00fczg\u00e2r T\u00fcneli\u2026 Milli M\u00fccadele Kahraman\u0131: Vecihi H\u00fcrku\u015f\u2026 \u0130lk milli ve yerli u\u00e7a\u011f\u0131n \u00fcreticisi ve sivil u\u00e7u\u015f okulu kurucusu: Nuri Demira\u011f\u2026 T\u00fcrkiye\u2019nin ilk u\u00e7ak m\u00fchendisi: Selahattin Alan\u2026 \u00dcretti\u011fi plan\u00f6r ile d\u00fcnya rekoru k\u0131ran; Emrullah Ali Y\u0131ld\u0131z\u2026 \u00dcretti\u011fi u\u00e7ak bombas\u0131n\u0131 ihra\u00e7 eden; \u015eakir Z\u00fcmre\u2026 T\u00fcrkiye\u2019de Sivil Havac\u0131l\u0131\u011f\u0131n temelinin at\u0131lmas\u0131\u2026 T\u00fcrk Hava Yollar\u0131n\u0131n kurulu\u015fu&#8230; Ve T\u00fcrk Havac\u0131l\u0131k Tarihine dair bir\u00e7ok bilinmeyen\u2026 <\/p>\n","protected":false},"excerpt":{"rendered":"<p>D\u00fcnya Havac\u0131l\u0131\u011f\u0131n\u0131n Do\u011fu\u015fu ve Havac\u0131l\u0131k Tarihinde T\u00fcrkler\u2026 T\u00fcrk Havac\u0131l\u0131k Tarihi ve T\u00fcrk Havac\u0131l\u0131\u011f\u0131 kurulu\u015f \u00e7al\u0131\u015fmalar\u0131\u2026 Milli M\u00fccadele\u2019de; \u0130n\u00f6n\u00fc Sava\u015flar\u0131, Sakarya Meydan Muharebesi ve B\u00fcy\u00fck Taarruz\u2019da T\u00fcrk<span class=\"excerpt-hellip\"> [\u2026]<\/span><\/p>\n","protected":false},"featured_media":0,"template":"","meta":{"_monsterinsights_skip_tracking":false,"_monsterinsights_sitenote_active":false,"_monsterinsights_sitenote_note":"","_monsterinsights_sitenote_category":0},"product_brand":[],"product_cat":[12370,12304],"product_tag":[],"class_list":{"0":"post-734875","1":"product","2":"type-product","3":"status-publish","5":"product_cat-arastirma-inceleme","6":"product_cat-tarih","7":"pa_cilt-ciltsiz","8":"pa_tur-kitap","9":"pa_yayinevi-galeati-yayincilik","10":"pa_yazar-cengiz-tatar","12":"first","13":"instock","14":"sale","15":"shipping-taxable","16":"purchasable","17":"product-type-simple"},"_links":{"self":[{"href":"https:\/\/roveyayinevi.com.tr\/index.php\/wp-json\/wp\/v2\/product\/734875","targetHints":{"allow":["GET"]}}],"collection":[{"href":"https:\/\/roveyayinevi.com.tr\/index.php\/wp-json\/wp\/v2\/product"}],"about":[{"href":"https:\/\/roveyayinevi.com.tr\/index.php\/wp-json\/wp\/v2\/types\/product"}],"wp:attachment":[{"href":"https:\/\/roveyayinevi.com.tr\/index.php\/wp-json\/wp\/v2\/media?parent=734875"}],"wp:term":[{"taxonomy":"product_brand","embeddable":true,"href":"https:\/\/roveyayinevi.com.tr\/index.php\/wp-json\/wp\/v2\/product_brand?post=734875"},{"taxonomy":"product_cat","embeddable":true,"href":"https:\/\/roveyayinevi.com.tr\/index.php\/wp-json\/wp\/v2\/product_cat?post=734875"},{"taxonomy":"product_tag","embeddable":true,"href":"https:\/\/roveyayinevi.com.tr\/index.php\/wp-json\/wp\/v2\/product_tag?post=734875"}],"curies":[{"name":"wp","href":"https:\/\/api.w.org\/{rel}","templated":true}]}}