{"id":734874,"date":"2025-08-27T22:36:26","date_gmt":"2025-08-27T19:36:26","guid":{"rendered":"https:\/\/roveyayinevi.com.tr\/index.php\/urun\/ebeveynlere-balonlar\/"},"modified":"2026-04-16T02:42:52","modified_gmt":"2026-04-15T23:42:52","slug":"ebeveynlere-balonlar","status":"publish","type":"product","link":"https:\/\/roveyayinevi.com.tr\/index.php\/urun\/ebeveynlere-balonlar\/","title":{"rendered":"Ebeveynlere Balonlar"},"content":{"rendered":"<p>Dr. Nevzat Adil, \u201c\u015eimdiye kadar edindi\u011fim birikimimi gen\u00e7 ebeveynlerle payla\u015farak &#8220;mutlu ve \u00f6zg\u00fcr&#8221; \u00e7ocuklar yeti\u015ftirmelerine katk\u0131 sa\u011flamak istedim\u201d diye ba\u015fl\u0131yor kitab\u0131na. \u2026\u00c7ocuklar\u0131n\u0131za bilin\u00e7li tutum ve tav\u0131rlarla yakla\u015fabilirseniz hem kendinizin hem de \u00e7ocuklar\u0131n\u0131z\u0131n hayat\u0131n\u0131 kolayla\u015ft\u0131rabilirsiniz. Burada &#8220;Her \u015feyi b\u0131rak\u0131n, sadece \u00e7ocu\u011funuza odaklan\u0131n&#8221; gibi ger\u00e7ek\u00e7i ve do\u011fru olmayan bir mesaj vermek istemiyorum. Kusursuz ebeveyn olma \u00e7abalar\u0131 beraberinde ba\u015fka sorunlar getirebilir. Unutmay\u0131n, ebeveynlerin de hem kendileri hem de birbirleri i\u00e7in ayr\u0131lm\u0131\u015f \u00f6zel zamana ihtiyac\u0131 vard\u0131r. Bu da ailenin mutlulu\u011funu ve dolay\u0131s\u0131yla \u00e7ocu\u011fun geli\u015fimini olumlu y\u00f6nde etkileyecektir. Bir e\u011fitimcinin deneyimlerini, g\u00f6zlemlerini ve \u00f6nerilerini bulacaks\u0131n\u0131z bu kitapta. Her biri ya\u015fanm\u0131\u015f \u00f6rnekler ve yazar\u0131n bu konudaki yorumlar\u0131 sizlere yol g\u00f6sterecek. <\/p>\n","protected":false},"excerpt":{"rendered":"<p>Dr. Nevzat Adil, \u201c\u015eimdiye kadar edindi\u011fim birikimimi gen\u00e7 ebeveynlerle payla\u015farak &#8220;mutlu ve \u00f6zg\u00fcr&#8221; \u00e7ocuklar yeti\u015ftirmelerine katk\u0131 sa\u011flamak istedim\u201d diye ba\u015fl\u0131yor kitab\u0131na. \u2026\u00c7ocuklar\u0131n\u0131za bilin\u00e7li tutum ve tav\u0131rlarla<span class=\"excerpt-hellip\"> [\u2026]<\/span><\/p>\n","protected":false},"featured_media":0,"template":"","meta":{"_monsterinsights_skip_tracking":false,"_monsterinsights_sitenote_active":false,"_monsterinsights_sitenote_note":"","_monsterinsights_sitenote_category":0},"product_brand":[],"product_cat":[17996,12364],"product_tag":[],"class_list":{"0":"post-734874","1":"product","2":"type-product","3":"status-publish","5":"product_cat-ebeveyn-kitaplari","6":"product_cat-genel-konular","7":"pa_cilt-ciltsiz","8":"pa_tur-kitap","9":"pa_yayinevi-elma-yayinevi","10":"pa_yazar-nevzat-adil","12":"first","13":"instock","14":"sale","15":"shipping-taxable","16":"purchasable","17":"product-type-simple"},"_links":{"self":[{"href":"https:\/\/roveyayinevi.com.tr\/index.php\/wp-json\/wp\/v2\/product\/734874","targetHints":{"allow":["GET"]}}],"collection":[{"href":"https:\/\/roveyayinevi.com.tr\/index.php\/wp-json\/wp\/v2\/product"}],"about":[{"href":"https:\/\/roveyayinevi.com.tr\/index.php\/wp-json\/wp\/v2\/types\/product"}],"wp:attachment":[{"href":"https:\/\/roveyayinevi.com.tr\/index.php\/wp-json\/wp\/v2\/media?parent=734874"}],"wp:term":[{"taxonomy":"product_brand","embeddable":true,"href":"https:\/\/roveyayinevi.com.tr\/index.php\/wp-json\/wp\/v2\/product_brand?post=734874"},{"taxonomy":"product_cat","embeddable":true,"href":"https:\/\/roveyayinevi.com.tr\/index.php\/wp-json\/wp\/v2\/product_cat?post=734874"},{"taxonomy":"product_tag","embeddable":true,"href":"https:\/\/roveyayinevi.com.tr\/index.php\/wp-json\/wp\/v2\/product_tag?post=734874"}],"curies":[{"name":"wp","href":"https:\/\/api.w.org\/{rel}","templated":true}]}}