{"id":734872,"date":"2025-08-27T22:36:23","date_gmt":"2025-08-27T19:36:23","guid":{"rendered":"https:\/\/roveyayinevi.com.tr\/index.php\/urun\/besi-iki-geciyor\/"},"modified":"2026-04-16T02:42:52","modified_gmt":"2026-04-15T23:42:52","slug":"besi-iki-geciyor","status":"publish","type":"product","link":"https:\/\/roveyayinevi.com.tr\/index.php\/urun\/besi-iki-geciyor\/","title":{"rendered":"Be\u015fi \u0130ki Ge\u00e7iyor"},"content":{"rendered":"<p>E.D. Poulain\u2019in \u00f6yk\u00fcleri, do\u011frudan do\u011fruya onun gezilerine dayan\u0131r. Bazen y\u00fcksek\u00e7e bir binan\u0131n penceresinden mahalleleri\/evleri g\u00f6zlemler. Her tabakadan insanlar\u0131 \u00f6yk\u00fclerine konu edinir. Bazen yolculuk, bazen toplumsal bir olay, bazen tek ba\u015f\u0131na bir bireydir konular\u0131. Sade bir dil kullan\u0131r. Okuyucuyu yormaz, anlatmak istediklerini ak\u0131c\u0131 bir dille anlat\u0131r. T\u00fcrk \u00f6yk\u00fc yaz\u0131m\u0131na yeni bir soluk getirece\u011fi muhakkak. <\/p>\n","protected":false},"excerpt":{"rendered":"<p>E.D. Poulain\u2019in \u00f6yk\u00fcleri, do\u011frudan do\u011fruya onun gezilerine dayan\u0131r. Bazen y\u00fcksek\u00e7e bir binan\u0131n penceresinden mahalleleri\/evleri g\u00f6zlemler. Her tabakadan insanlar\u0131 \u00f6yk\u00fclerine konu edinir. Bazen yolculuk, bazen toplumsal bir<span class=\"excerpt-hellip\"> [\u2026]<\/span><\/p>\n","protected":false},"featured_media":0,"template":"","meta":{"_monsterinsights_skip_tracking":false,"_monsterinsights_sitenote_active":false,"_monsterinsights_sitenote_note":"","_monsterinsights_sitenote_category":0},"product_brand":[],"product_cat":[12291,12509],"product_tag":[],"class_list":{"0":"post-734872","1":"product","2":"type-product","3":"status-publish","5":"product_cat-edebiyat","6":"product_cat-siir","7":"pa_cilt-ciltsiz","8":"pa_tur-kitap","9":"pa_yayinevi-myrina-yayinlari","10":"pa_yazar-emel-dereboylu-poulain","12":"first","13":"instock","14":"sale","15":"shipping-taxable","16":"purchasable","17":"product-type-simple"},"_links":{"self":[{"href":"https:\/\/roveyayinevi.com.tr\/index.php\/wp-json\/wp\/v2\/product\/734872","targetHints":{"allow":["GET"]}}],"collection":[{"href":"https:\/\/roveyayinevi.com.tr\/index.php\/wp-json\/wp\/v2\/product"}],"about":[{"href":"https:\/\/roveyayinevi.com.tr\/index.php\/wp-json\/wp\/v2\/types\/product"}],"wp:attachment":[{"href":"https:\/\/roveyayinevi.com.tr\/index.php\/wp-json\/wp\/v2\/media?parent=734872"}],"wp:term":[{"taxonomy":"product_brand","embeddable":true,"href":"https:\/\/roveyayinevi.com.tr\/index.php\/wp-json\/wp\/v2\/product_brand?post=734872"},{"taxonomy":"product_cat","embeddable":true,"href":"https:\/\/roveyayinevi.com.tr\/index.php\/wp-json\/wp\/v2\/product_cat?post=734872"},{"taxonomy":"product_tag","embeddable":true,"href":"https:\/\/roveyayinevi.com.tr\/index.php\/wp-json\/wp\/v2\/product_tag?post=734872"}],"curies":[{"name":"wp","href":"https:\/\/api.w.org\/{rel}","templated":true}]}}