{"id":734871,"date":"2025-08-27T22:36:22","date_gmt":"2025-08-27T19:36:22","guid":{"rendered":"https:\/\/roveyayinevi.com.tr\/index.php\/urun\/besi-bir-geciyor\/"},"modified":"2026-04-16T02:42:52","modified_gmt":"2026-04-15T23:42:52","slug":"besi-bir-geciyor","status":"publish","type":"product","link":"https:\/\/roveyayinevi.com.tr\/index.php\/urun\/besi-bir-geciyor\/","title":{"rendered":"Be\u015fi Bir Ge\u00e7iyor"},"content":{"rendered":"<p>Be\u015fi Bir Ge\u00e7iyor: Eksik \u015eiirler, Emel Dereboylu Poulain\u2019in gezip g\u00f6rd\u00fc\u011f\u00fc yerlerde kar\u015f\u0131la\u015ft\u0131\u011f\u0131 olaylar\u0131n kendisinde uyand\u0131rd\u0131\u011f\u0131 duygularla kaleme al\u0131nm\u0131\u015f \u015fiirlerinden olu\u015fmaktad\u0131r. <\/p>\n","protected":false},"excerpt":{"rendered":"<p>Be\u015fi Bir Ge\u00e7iyor: Eksik \u015eiirler, Emel Dereboylu Poulain\u2019in gezip g\u00f6rd\u00fc\u011f\u00fc yerlerde kar\u015f\u0131la\u015ft\u0131\u011f\u0131 olaylar\u0131n kendisinde uyand\u0131rd\u0131\u011f\u0131 duygularla kaleme al\u0131nm\u0131\u015f \u015fiirlerinden olu\u015fmaktad\u0131r.<\/p>\n","protected":false},"featured_media":0,"template":"","meta":{"_monsterinsights_skip_tracking":false,"_monsterinsights_sitenote_active":false,"_monsterinsights_sitenote_note":"","_monsterinsights_sitenote_category":0},"product_brand":[],"product_cat":[12291,12509],"product_tag":[],"class_list":{"0":"post-734871","1":"product","2":"type-product","3":"status-publish","5":"product_cat-edebiyat","6":"product_cat-siir","7":"pa_cilt-ciltsiz","8":"pa_tur-kitap","9":"pa_yayinevi-myrina-yayinlari","10":"pa_yazar-emel-dereboylu-poulain","12":"first","13":"instock","14":"sale","15":"shipping-taxable","16":"purchasable","17":"product-type-simple"},"_links":{"self":[{"href":"https:\/\/roveyayinevi.com.tr\/index.php\/wp-json\/wp\/v2\/product\/734871","targetHints":{"allow":["GET"]}}],"collection":[{"href":"https:\/\/roveyayinevi.com.tr\/index.php\/wp-json\/wp\/v2\/product"}],"about":[{"href":"https:\/\/roveyayinevi.com.tr\/index.php\/wp-json\/wp\/v2\/types\/product"}],"wp:attachment":[{"href":"https:\/\/roveyayinevi.com.tr\/index.php\/wp-json\/wp\/v2\/media?parent=734871"}],"wp:term":[{"taxonomy":"product_brand","embeddable":true,"href":"https:\/\/roveyayinevi.com.tr\/index.php\/wp-json\/wp\/v2\/product_brand?post=734871"},{"taxonomy":"product_cat","embeddable":true,"href":"https:\/\/roveyayinevi.com.tr\/index.php\/wp-json\/wp\/v2\/product_cat?post=734871"},{"taxonomy":"product_tag","embeddable":true,"href":"https:\/\/roveyayinevi.com.tr\/index.php\/wp-json\/wp\/v2\/product_tag?post=734871"}],"curies":[{"name":"wp","href":"https:\/\/api.w.org\/{rel}","templated":true}]}}