{"id":734869,"date":"2025-08-27T22:36:21","date_gmt":"2025-08-27T19:36:21","guid":{"rendered":"https:\/\/roveyayinevi.com.tr\/index.php\/urun\/ilk-harfi-eliftir-son-harfi-he\/"},"modified":"2026-04-16T02:42:52","modified_gmt":"2026-04-15T23:42:52","slug":"ilk-harfi-eliftir-son-harfi-he","status":"publish","type":"product","link":"https:\/\/roveyayinevi.com.tr\/index.php\/urun\/ilk-harfi-eliftir-son-harfi-he\/","title":{"rendered":"\u0130lk Harfi Elif&#8217;tir Son Harfi He"},"content":{"rendered":"<p>Kalbin 99 kap\u0131s\u0131 vard\u0131r derler.Giri\u015f kap\u0131s\u0131na \u2018Allah\u2019 ismi nak\u015fedilmi\u015ftir. Ve Allah ile a\u00e7\u0131l\u0131r kap\u0131lar.Sonra \u2018Vedud, Rahim\u2019 diye diye 98 kap\u0131ya var\u0131l\u0131r.Her kap\u0131n\u0131n ayr\u0131 bir g\u00fczelli\u011fi ve s\u0131rr\u0131 vard\u0131r.Her kap\u0131da Allah, sevdi\u011fi kuluna ba\u015fka ba\u015fka tecelli eder.Bundand\u0131r ki her kap\u0131n\u0131n ayr\u0131 bir duas\u0131 vard\u0131r.Kalpler Esma\u00fc\u2019l-H\u00fcsna ile a\u00e7\u0131l\u0131r Allah\u2019a.Allah ile a\u00e7\u0131l\u0131r kalpler sonsuzlu\u011fa. Ve Allah ile girilir kalplere&#8230;Zira O, b\u00fct\u00fcn sevgilerin, muhabbetlerin, a\u015fklar\u0131n, \u015fevklerin kayna\u011f\u0131d\u0131r.Bu kitapta, Esma\u00fc\u2019l-H\u00fcsna\u2019dan kalbe yans\u0131yan tatl\u0131 esintiler hissedeceksiniz.<\/p>\n","protected":false},"excerpt":{"rendered":"<p>Kalbin 99 kap\u0131s\u0131 vard\u0131r derler.Giri\u015f kap\u0131s\u0131na \u2018Allah\u2019 ismi nak\u015fedilmi\u015ftir. Ve Allah ile a\u00e7\u0131l\u0131r kap\u0131lar.Sonra \u2018Vedud, Rahim\u2019 diye diye 98 kap\u0131ya var\u0131l\u0131r.Her kap\u0131n\u0131n ayr\u0131 bir g\u00fczelli\u011fi ve<span class=\"excerpt-hellip\"> [\u2026]<\/span><\/p>\n","protected":false},"featured_media":0,"template":"","meta":{"_monsterinsights_skip_tracking":false,"_monsterinsights_sitenote_active":false,"_monsterinsights_sitenote_note":"","_monsterinsights_sitenote_category":0},"product_brand":[],"product_cat":[12718,12719],"product_tag":[],"class_list":{"0":"post-734869","1":"product","2":"type-product","3":"status-publish","5":"product_cat-din","6":"product_cat-islam","7":"pa_cilt-ciltsiz","8":"pa_tur-kitap","9":"pa_yayinevi-selen-yayinevi","10":"pa_yazar-sadik-yalsizucanlar","12":"first","13":"instock","14":"sale","15":"shipping-taxable","16":"purchasable","17":"product-type-simple"},"_links":{"self":[{"href":"https:\/\/roveyayinevi.com.tr\/index.php\/wp-json\/wp\/v2\/product\/734869","targetHints":{"allow":["GET"]}}],"collection":[{"href":"https:\/\/roveyayinevi.com.tr\/index.php\/wp-json\/wp\/v2\/product"}],"about":[{"href":"https:\/\/roveyayinevi.com.tr\/index.php\/wp-json\/wp\/v2\/types\/product"}],"wp:attachment":[{"href":"https:\/\/roveyayinevi.com.tr\/index.php\/wp-json\/wp\/v2\/media?parent=734869"}],"wp:term":[{"taxonomy":"product_brand","embeddable":true,"href":"https:\/\/roveyayinevi.com.tr\/index.php\/wp-json\/wp\/v2\/product_brand?post=734869"},{"taxonomy":"product_cat","embeddable":true,"href":"https:\/\/roveyayinevi.com.tr\/index.php\/wp-json\/wp\/v2\/product_cat?post=734869"},{"taxonomy":"product_tag","embeddable":true,"href":"https:\/\/roveyayinevi.com.tr\/index.php\/wp-json\/wp\/v2\/product_tag?post=734869"}],"curies":[{"name":"wp","href":"https:\/\/api.w.org\/{rel}","templated":true}]}}