{"id":734866,"date":"2025-08-27T22:36:17","date_gmt":"2025-08-27T19:36:17","guid":{"rendered":"https:\/\/roveyayinevi.com.tr\/index.php\/urun\/aklimda-oldugun-aklinda-olsun\/"},"modified":"2026-04-16T02:42:52","modified_gmt":"2026-04-15T23:42:52","slug":"aklimda-oldugun-aklinda-olsun","status":"publish","type":"product","link":"https:\/\/roveyayinevi.com.tr\/index.php\/urun\/aklimda-oldugun-aklinda-olsun\/","title":{"rendered":"Akl\u0131mda Oldu\u011fun Akl\u0131nda Olsun"},"content":{"rendered":"<p>Geldi R\u00fczg\u00e2r, tam i\u00e7imde durdu.Haydi, dedi, haydi!E\u011fle\u015fmek olmaz. \u00c7ok zaman kaybettik. \u00c7ok beklettik.\u00d6zledik ve \u00f6zlendik.Kuytularda bekleyenlerimiz var. Tenhalarda topla\u015fanlar\u0131m\u0131z var.Ve vakit eri\u015fti&#8230;Kalem ve kelam ustas\u0131 U\u011fur Canbolat, bu kitab\u0131yla okuyucular\u0131n\u0131 insanl\u0131\u011f\u0131n farkl\u0131 mevsimlerinde dola\u015ft\u0131r\u0131yor. U\u011frad\u0131\u011f\u0131 her mevsimde kar\u015f\u0131la\u015ft\u0131\u011f\u0131 insanl\u0131\u011f\u0131n farkl\u0131 hava durumlar\u0131n\u0131, kendine has \u00fcslubuyla dile getiriyor, okuyucular\u0131yla payla\u015f\u0131yor. Olanla olmas\u0131 gereken aras\u0131na kal\u0131n bir halat \u00e7ekerek aralar\u0131na kopmaz bir ba\u011flant\u0131 kuruyor.Yazar bu kitapla farkl\u0131 bir tarz geli\u015ftiriyor. Roman ile denemeyi birle\u015ftirerek novella tarz\u0131nda bir roman-deneme ile kar\u015f\u0131m\u0131za \u00e7\u0131k\u0131yor. Edebiyat ile bilgiyi harmanl\u0131yor. Elbette bize de al\u0131p okumak ve bu ya\u015fanm\u0131\u015fl\u0131klar\u0131 ya\u015famak d\u00fc\u015f\u00fcyor&#8230;<\/p>\n","protected":false},"excerpt":{"rendered":"<p>Geldi R\u00fczg\u00e2r, tam i\u00e7imde durdu.Haydi, dedi, haydi!E\u011fle\u015fmek olmaz. \u00c7ok zaman kaybettik. \u00c7ok beklettik.\u00d6zledik ve \u00f6zlendik.Kuytularda bekleyenlerimiz var. Tenhalarda topla\u015fanlar\u0131m\u0131z var.Ve vakit eri\u015fti&#8230;Kalem ve kelam ustas\u0131 U\u011fur<span class=\"excerpt-hellip\"> [\u2026]<\/span><\/p>\n","protected":false},"featured_media":0,"template":"","meta":{"_monsterinsights_skip_tracking":false,"_monsterinsights_sitenote_active":false,"_monsterinsights_sitenote_note":"","_monsterinsights_sitenote_category":0},"product_brand":[],"product_cat":[12777,12291],"product_tag":[],"class_list":{"0":"post-734866","1":"product","2":"type-product","3":"status-publish","5":"product_cat-deneme","6":"product_cat-edebiyat","7":"pa_cilt-ciltsiz","8":"pa_tur-kitap","9":"pa_yayinevi-foliant-yayinlari","10":"pa_yazar-ugur-canbolat","12":"first","13":"instock","14":"sale","15":"shipping-taxable","16":"purchasable","17":"product-type-simple"},"_links":{"self":[{"href":"https:\/\/roveyayinevi.com.tr\/index.php\/wp-json\/wp\/v2\/product\/734866","targetHints":{"allow":["GET"]}}],"collection":[{"href":"https:\/\/roveyayinevi.com.tr\/index.php\/wp-json\/wp\/v2\/product"}],"about":[{"href":"https:\/\/roveyayinevi.com.tr\/index.php\/wp-json\/wp\/v2\/types\/product"}],"wp:attachment":[{"href":"https:\/\/roveyayinevi.com.tr\/index.php\/wp-json\/wp\/v2\/media?parent=734866"}],"wp:term":[{"taxonomy":"product_brand","embeddable":true,"href":"https:\/\/roveyayinevi.com.tr\/index.php\/wp-json\/wp\/v2\/product_brand?post=734866"},{"taxonomy":"product_cat","embeddable":true,"href":"https:\/\/roveyayinevi.com.tr\/index.php\/wp-json\/wp\/v2\/product_cat?post=734866"},{"taxonomy":"product_tag","embeddable":true,"href":"https:\/\/roveyayinevi.com.tr\/index.php\/wp-json\/wp\/v2\/product_tag?post=734866"}],"curies":[{"name":"wp","href":"https:\/\/api.w.org\/{rel}","templated":true}]}}