{"id":734864,"date":"2025-08-27T22:36:15","date_gmt":"2025-08-27T19:36:15","guid":{"rendered":"https:\/\/roveyayinevi.com.tr\/index.php\/urun\/domatesin-ezigini-secen-adam\/"},"modified":"2026-01-20T03:12:53","modified_gmt":"2026-01-20T00:12:53","slug":"domatesin-ezigini-secen-adam","status":"publish","type":"product","link":"https:\/\/roveyayinevi.com.tr\/index.php\/urun\/domatesin-ezigini-secen-adam\/","title":{"rendered":"Domatesin Ezi\u011fini Se\u00e7en Adam"},"content":{"rendered":"<p>Yeni kitab\u0131n\u0131 yazma tela\u015f\u0131nda olan \u015fehirli gen\u00e7 bir yazar&#8230; Ve \u00fccra bir k\u00f6y\u00fcn uzak bir noktas\u0131nda yaln\u0131z ya\u015fayan ya\u015fl\u0131 bir bilge&#8230; Yollar\u0131 kesi\u015fir. Gen\u00e7 Yazar\u2019\u0131n yazmay\u0131 d\u00fc\u015f\u00fcnd\u00fc\u011f\u00fc kitap tamamen de\u011fi\u015fir. Kitab\u0131n\u0131n sadece son b\u00f6l\u00fcm\u00fc kendi kalemindendir. Asl\u0131nda o b\u00f6l\u00fcm\u00fc de kendisi yazmak istemez. Ama \u00e7ok sars\u0131c\u0131 bir s\u00fcrpriz sonras\u0131, kitab\u0131 tamamlamak zorunda kal\u0131r.Domatesin Ezi\u011fini Se\u00e7en Adam, usta yazar Vehbi Vakkaso\u011flu\u2019nun kaleminden, Anadolu irfan\u0131n\u0131n tatl\u0131 \u00f6rneklerini bulaca\u011f\u0131n\u0131z etkileyici bir an\u0131 roman&#8230;<\/p>\n","protected":false},"excerpt":{"rendered":"<p>Yeni kitab\u0131n\u0131 yazma tela\u015f\u0131nda olan \u015fehirli gen\u00e7 bir yazar&#8230; Ve \u00fccra bir k\u00f6y\u00fcn uzak bir noktas\u0131nda yaln\u0131z ya\u015fayan ya\u015fl\u0131 bir bilge&#8230; Yollar\u0131 kesi\u015fir. Gen\u00e7 Yazar\u2019\u0131n yazmay\u0131<span class=\"excerpt-hellip\"> [\u2026]<\/span><\/p>\n","protected":false},"featured_media":0,"template":"","meta":{"_monsterinsights_skip_tracking":false,"_monsterinsights_sitenote_active":false,"_monsterinsights_sitenote_note":"","_monsterinsights_sitenote_category":0},"product_brand":[],"product_cat":[13701,12291],"product_tag":[],"class_list":{"0":"post-734864","1":"product","2":"type-product","3":"status-publish","5":"product_cat-ani-mektup-gunluk","6":"product_cat-edebiyat","7":"pa_cilt-ciltsiz","8":"pa_tur-kitap","9":"pa_yayinevi-selen-yayinevi","10":"pa_yazar-vehbi-vakkasoglu","12":"first","13":"instock","14":"sale","15":"shipping-taxable","16":"purchasable","17":"product-type-simple"},"_links":{"self":[{"href":"https:\/\/roveyayinevi.com.tr\/index.php\/wp-json\/wp\/v2\/product\/734864","targetHints":{"allow":["GET"]}}],"collection":[{"href":"https:\/\/roveyayinevi.com.tr\/index.php\/wp-json\/wp\/v2\/product"}],"about":[{"href":"https:\/\/roveyayinevi.com.tr\/index.php\/wp-json\/wp\/v2\/types\/product"}],"wp:attachment":[{"href":"https:\/\/roveyayinevi.com.tr\/index.php\/wp-json\/wp\/v2\/media?parent=734864"}],"wp:term":[{"taxonomy":"product_brand","embeddable":true,"href":"https:\/\/roveyayinevi.com.tr\/index.php\/wp-json\/wp\/v2\/product_brand?post=734864"},{"taxonomy":"product_cat","embeddable":true,"href":"https:\/\/roveyayinevi.com.tr\/index.php\/wp-json\/wp\/v2\/product_cat?post=734864"},{"taxonomy":"product_tag","embeddable":true,"href":"https:\/\/roveyayinevi.com.tr\/index.php\/wp-json\/wp\/v2\/product_tag?post=734864"}],"curies":[{"name":"wp","href":"https:\/\/api.w.org\/{rel}","templated":true}]}}