{"id":734861,"date":"2025-08-27T22:36:11","date_gmt":"2025-08-27T19:36:11","guid":{"rendered":"https:\/\/roveyayinevi.com.tr\/index.php\/urun\/halid-bin-velid-2\/"},"modified":"2026-04-16T02:42:52","modified_gmt":"2026-04-15T23:42:52","slug":"halid-bin-velid-2","status":"publish","type":"product","link":"https:\/\/roveyayinevi.com.tr\/index.php\/urun\/halid-bin-velid-2\/","title":{"rendered":"Halid Bin Velid"},"content":{"rendered":"<p>\u201cHalid bin Velid Allah\u2019\u0131n ne iyi kuludur ve o ne iyi karde\u015ftir! O, Allah\u2019\u0131n k\u00e2firlere ve m\u00fcnaf\u0131klara kar\u015f\u0131 \u00e7ekti\u011fi k\u0131l\u0131\u00e7lardan biridir.\u201dBu roman, bir yandan Cahiliye kas\u0131rgas\u0131n\u0131n her \u015feyi savurdu\u011fu bir heng\u00e2mede tatl\u0131 bir esintiyle do\u011fan ve ruhlara huzur \u00fcfleyen \u0130slamiyet\u2019in ilk y\u0131llar\u0131n\u0131 ele al\u0131rken, di\u011fer yandan Halid bin Velid\u2019in zaferleri \u00e7er\u00e7evesinde \u0130slam\u2019\u0131n ilk fetihlerini anlat\u0131yor.Halid bin Velid, tarihin ilk defa kaydetti\u011fi pek \u00e7ok sava\u015f takti\u011fine sahip olan bir sava\u015f d\u00e2hisinin ve kumandan olarak kat\u0131ld\u0131\u011f\u0131 k\u00fc\u00e7\u00fck-b\u00fcy\u00fck hi\u00e7bir sava\u015ftan zafer elde etmeden ayr\u0131lmayan e\u015fsiz bir komutan\u0131n roman\u0131&#8230;gizle.<\/p>\n","protected":false},"excerpt":{"rendered":"<p>\u201cHalid bin Velid Allah\u2019\u0131n ne iyi kuludur ve o ne iyi karde\u015ftir! O, Allah\u2019\u0131n k\u00e2firlere ve m\u00fcnaf\u0131klara kar\u015f\u0131 \u00e7ekti\u011fi k\u0131l\u0131\u00e7lardan biridir.\u201dBu roman, bir yandan Cahiliye kas\u0131rgas\u0131n\u0131n<span class=\"excerpt-hellip\"> [\u2026]<\/span><\/p>\n","protected":false},"featured_media":0,"template":"","meta":{"_monsterinsights_skip_tracking":false,"_monsterinsights_sitenote_active":false,"_monsterinsights_sitenote_note":"","_monsterinsights_sitenote_category":0},"product_brand":[],"product_cat":[12291,12711],"product_tag":[],"class_list":{"0":"post-734861","1":"product","2":"type-product","3":"status-publish","5":"product_cat-edebiyat","6":"product_cat-roman-oyku","7":"pa_cilt-ciltsiz","8":"pa_tur-kitap","9":"pa_yayinevi-foliant-yayinlari","10":"pa_yazar-ikram-arslan","12":"first","13":"instock","14":"sale","15":"shipping-taxable","16":"purchasable","17":"product-type-simple"},"_links":{"self":[{"href":"https:\/\/roveyayinevi.com.tr\/index.php\/wp-json\/wp\/v2\/product\/734861","targetHints":{"allow":["GET"]}}],"collection":[{"href":"https:\/\/roveyayinevi.com.tr\/index.php\/wp-json\/wp\/v2\/product"}],"about":[{"href":"https:\/\/roveyayinevi.com.tr\/index.php\/wp-json\/wp\/v2\/types\/product"}],"wp:attachment":[{"href":"https:\/\/roveyayinevi.com.tr\/index.php\/wp-json\/wp\/v2\/media?parent=734861"}],"wp:term":[{"taxonomy":"product_brand","embeddable":true,"href":"https:\/\/roveyayinevi.com.tr\/index.php\/wp-json\/wp\/v2\/product_brand?post=734861"},{"taxonomy":"product_cat","embeddable":true,"href":"https:\/\/roveyayinevi.com.tr\/index.php\/wp-json\/wp\/v2\/product_cat?post=734861"},{"taxonomy":"product_tag","embeddable":true,"href":"https:\/\/roveyayinevi.com.tr\/index.php\/wp-json\/wp\/v2\/product_tag?post=734861"}],"curies":[{"name":"wp","href":"https:\/\/api.w.org\/{rel}","templated":true}]}}