{"id":734860,"date":"2025-08-27T22:36:10","date_gmt":"2025-08-27T19:36:10","guid":{"rendered":"https:\/\/roveyayinevi.com.tr\/index.php\/urun\/kirmizi-soytari\/"},"modified":"2026-04-16T02:42:52","modified_gmt":"2026-04-15T23:42:52","slug":"kirmizi-soytari","status":"publish","type":"product","link":"https:\/\/roveyayinevi.com.tr\/index.php\/urun\/kirmizi-soytari\/","title":{"rendered":"K\u0131rm\u0131z\u0131 Soytar\u0131"},"content":{"rendered":"<p>\u201cBizim d\u00fcnyam\u0131z sizinkine benzemez. Burada \u00f6nemli olan, sizin hangi krom \u00fcyesi oldu\u011funuzdur.\u201dHerkesin maske takt\u0131\u011f\u0131 ve \u00e7ok say\u0131da bat\u0131l inan\u00e7 ta\u015f\u0131d\u0131\u011f\u0131 bir d\u00fcnyada, kromunuzun rengi sizin kim oldu\u011funuzu ve nerede ya\u015fad\u0131\u011f\u0131n\u0131z\u0131 belirler. Ve ya\u015fayaca\u011f\u0131n\u0131z\u0131&#8230;E\u011fer hayatta kalabilecekseniz!K\u0131rm\u0131z\u0131 Soytar\u0131 serisi; efsanevi sava\u015flar\u0131n, trajik k\u0131r\u0131lmalar\u0131n ve insafs\u0131z k\u00f6t\u00fc adamlar\u0131n oldu\u011fu bir ortamda, m\u00fctevaz\u0131 kahramanlar\u0131n ortaya at\u0131ld\u0131\u011f\u0131 epik bir maceray\u0131 ve duygusal bir a\u015fk hikayesini konu al\u0131yor. Fakat kalbinde de\u011fi\u015fim ile ilgili ilham verici bir hik\u00e2ye var. Hem de her okuyan\u0131n kendi kalbinde yank\u0131 bulaca\u011f\u0131 t\u00fcrden bir ilham&#8230;<\/p>\n","protected":false},"excerpt":{"rendered":"<p>\u201cBizim d\u00fcnyam\u0131z sizinkine benzemez. Burada \u00f6nemli olan, sizin hangi krom \u00fcyesi oldu\u011funuzdur.\u201dHerkesin maske takt\u0131\u011f\u0131 ve \u00e7ok say\u0131da bat\u0131l inan\u00e7 ta\u015f\u0131d\u0131\u011f\u0131 bir d\u00fcnyada, kromunuzun rengi sizin kim<span class=\"excerpt-hellip\"> [\u2026]<\/span><\/p>\n","protected":false},"featured_media":0,"template":"","meta":{"_monsterinsights_skip_tracking":false,"_monsterinsights_sitenote_active":false,"_monsterinsights_sitenote_note":"","_monsterinsights_sitenote_category":0},"product_brand":[],"product_cat":[12291,12711],"product_tag":[],"class_list":{"0":"post-734860","1":"product","2":"type-product","3":"status-publish","5":"product_cat-edebiyat","6":"product_cat-roman-oyku","7":"pa_cilt-ciltsiz","8":"pa_tur-kitap","9":"pa_yayinevi-foliant-yayinlari","10":"pa_yazar-roberto-ricci","12":"first","13":"instock","14":"sale","15":"shipping-taxable","16":"purchasable","17":"product-type-simple"},"_links":{"self":[{"href":"https:\/\/roveyayinevi.com.tr\/index.php\/wp-json\/wp\/v2\/product\/734860","targetHints":{"allow":["GET"]}}],"collection":[{"href":"https:\/\/roveyayinevi.com.tr\/index.php\/wp-json\/wp\/v2\/product"}],"about":[{"href":"https:\/\/roveyayinevi.com.tr\/index.php\/wp-json\/wp\/v2\/types\/product"}],"wp:attachment":[{"href":"https:\/\/roveyayinevi.com.tr\/index.php\/wp-json\/wp\/v2\/media?parent=734860"}],"wp:term":[{"taxonomy":"product_brand","embeddable":true,"href":"https:\/\/roveyayinevi.com.tr\/index.php\/wp-json\/wp\/v2\/product_brand?post=734860"},{"taxonomy":"product_cat","embeddable":true,"href":"https:\/\/roveyayinevi.com.tr\/index.php\/wp-json\/wp\/v2\/product_cat?post=734860"},{"taxonomy":"product_tag","embeddable":true,"href":"https:\/\/roveyayinevi.com.tr\/index.php\/wp-json\/wp\/v2\/product_tag?post=734860"}],"curies":[{"name":"wp","href":"https:\/\/api.w.org\/{rel}","templated":true}]}}