{"id":734859,"date":"2025-08-27T22:36:09","date_gmt":"2025-08-27T19:36:09","guid":{"rendered":"https:\/\/roveyayinevi.com.tr\/index.php\/urun\/ejderha-adasi\/"},"modified":"2026-04-16T02:42:52","modified_gmt":"2026-04-15T23:42:52","slug":"ejderha-adasi","status":"publish","type":"product","link":"https:\/\/roveyayinevi.com.tr\/index.php\/urun\/ejderha-adasi\/","title":{"rendered":"Ejderha Adas\u0131"},"content":{"rendered":"<p>Matti, Paris\u2019te koruyucu ailesi ile ya\u015famaktad\u0131r. Ger\u00e7ek ailesi, o hen\u00fcz \u00e7ok k\u00fc\u00e7\u00fckken kaybolmu\u015ftur. Herkes onlar\u0131n \u00f6ld\u00fc\u011f\u00fcn\u00fc s\u00f6ylemektedir ancak Matti\u2019nin bu konudaki g\u00f6r\u00fc\u015f\u00fc fakl\u0131d\u0131r. B\u00fcy\u00fcd\u00fc\u011f\u00fcnde ise onlar\u0131 aramaya kararl\u0131d\u0131r.Matti\u2019nin Tink ad\u0131nda bir de arkada\u015f\u0131 vard\u0131r. Tink, ilgin\u00e7 ve maceralarla dolu bir ya\u015fam hayal eden hayalperest birisidir. Fakat gizemlerle dolu d\u0131\u015f d\u00fcnyayla tan\u0131\u015fma f\u0131rsat\u0131n\u0131 ilk bulan Matti olacakt\u0131r.Amcas\u0131 Jussi, Matti\u2019yi Drekar Mohoao Adas\u0131\u2019na, Ejderha S\u00fcvarileri Yolda\u015fl\u0131\u011f\u0131\u2019n\u0131n merkezine g\u00f6t\u00fcr\u00fcr. Matti, t\u00fcm bu ejderha sa\u00e7mal\u0131\u011f\u0131na inanmaz ve amcas\u0131 Jussi ile dostlar\u0131n\u0131 garipser. Ta ki ger\u00e7ek bir ejderha ile burun buruna gelinceye kadar&#8230;\u201cEjderha S\u00fcvarileri Yolda\u015fl\u0131\u011f\u0131\u201d serisinin ilk kitab\u0131 olan Ejderha Adas\u0131, macera dolu bir d\u00fcnyan\u0131n kap\u0131s\u0131n\u0131 aral\u0131yor.<\/p>\n","protected":false},"excerpt":{"rendered":"<p>Matti, Paris\u2019te koruyucu ailesi ile ya\u015famaktad\u0131r. Ger\u00e7ek ailesi, o hen\u00fcz \u00e7ok k\u00fc\u00e7\u00fckken kaybolmu\u015ftur. Herkes onlar\u0131n \u00f6ld\u00fc\u011f\u00fcn\u00fc s\u00f6ylemektedir ancak Matti\u2019nin bu konudaki g\u00f6r\u00fc\u015f\u00fc fakl\u0131d\u0131r. B\u00fcy\u00fcd\u00fc\u011f\u00fcnde ise onlar\u0131<span class=\"excerpt-hellip\"> [\u2026]<\/span><\/p>\n","protected":false},"featured_media":0,"template":"","meta":{"_monsterinsights_skip_tracking":false,"_monsterinsights_sitenote_active":false,"_monsterinsights_sitenote_note":"","_monsterinsights_sitenote_category":0},"product_brand":[],"product_cat":[12275,12274],"product_tag":[],"class_list":{"0":"post-734859","1":"product","2":"type-product","3":"status-publish","5":"product_cat-6-12-yas-kitaplari","6":"product_cat-cocuk-ve-genclik-kitaplari","7":"pa_cilt-ciltsiz","8":"pa_tur-kitap","9":"pa_yayinevi-selen-yayinevi","10":"pa_yazar-fiona-rempt","12":"first","13":"instock","14":"sale","15":"shipping-taxable","16":"purchasable","17":"product-type-simple"},"_links":{"self":[{"href":"https:\/\/roveyayinevi.com.tr\/index.php\/wp-json\/wp\/v2\/product\/734859","targetHints":{"allow":["GET"]}}],"collection":[{"href":"https:\/\/roveyayinevi.com.tr\/index.php\/wp-json\/wp\/v2\/product"}],"about":[{"href":"https:\/\/roveyayinevi.com.tr\/index.php\/wp-json\/wp\/v2\/types\/product"}],"wp:attachment":[{"href":"https:\/\/roveyayinevi.com.tr\/index.php\/wp-json\/wp\/v2\/media?parent=734859"}],"wp:term":[{"taxonomy":"product_brand","embeddable":true,"href":"https:\/\/roveyayinevi.com.tr\/index.php\/wp-json\/wp\/v2\/product_brand?post=734859"},{"taxonomy":"product_cat","embeddable":true,"href":"https:\/\/roveyayinevi.com.tr\/index.php\/wp-json\/wp\/v2\/product_cat?post=734859"},{"taxonomy":"product_tag","embeddable":true,"href":"https:\/\/roveyayinevi.com.tr\/index.php\/wp-json\/wp\/v2\/product_tag?post=734859"}],"curies":[{"name":"wp","href":"https:\/\/api.w.org\/{rel}","templated":true}]}}