{"id":734858,"date":"2025-08-27T22:36:07","date_gmt":"2025-08-27T19:36:07","guid":{"rendered":"https:\/\/roveyayinevi.com.tr\/index.php\/urun\/dede-davut-masallari-ciltli\/"},"modified":"2026-04-16T02:42:52","modified_gmt":"2026-04-15T23:42:52","slug":"dede-davut-masallari-ciltli","status":"publish","type":"product","link":"https:\/\/roveyayinevi.com.tr\/index.php\/urun\/dede-davut-masallari-ciltli\/","title":{"rendered":"Dede Davut Masallar\u0131 (Ciltli)"},"content":{"rendered":"<p>Bizden \u00e7ok uzaklarda, u\u00e7suz bucaks\u0131z Kazakistan bozk\u0131rlar\u0131n\u0131n unutulmu\u015f k\u00fc\u00e7\u00fck bir k\u00f6y\u00fcnde, yal\u0131nayak hazine pe\u015finde ko\u015fan, y\u0131lanlardan mucizevi bir \u015fekilde kurtulan ve sad\u0131k, \u00e7ocuksu dostlu\u011fun hat\u0131ralar\u0131yla ge\u00e7en bir \u00e7ocukluk&#8230; Sava\u015f sonras\u0131 zorlu d\u00f6nemlere denk gelmesine ra\u011fmen, bir \u00e7ocu\u011fun deneyimleri ac\u0131 ger\u00e7eklere ald\u0131r\u0131\u015f etmeden, canl\u0131 tasvirleriyle ve ya\u015fama sevinciyle dolu \u015fekilde aktar\u0131l\u0131yor bizlere.Dede Davut Masallar\u0131, bir \u00e7ocu\u011fun an\u0131lar\u0131 i\u00e7ine parlak renkli iplerle i\u015flenmi\u015f b\u00fcy\u00fcl\u00fc masallardan dokunan muhte\u015fem bir hal\u0131 gibi&#8230;<\/p>\n","protected":false},"excerpt":{"rendered":"<p>Bizden \u00e7ok uzaklarda, u\u00e7suz bucaks\u0131z Kazakistan bozk\u0131rlar\u0131n\u0131n unutulmu\u015f k\u00fc\u00e7\u00fck bir k\u00f6y\u00fcnde, yal\u0131nayak hazine pe\u015finde ko\u015fan, y\u0131lanlardan mucizevi bir \u015fekilde kurtulan ve sad\u0131k, \u00e7ocuksu dostlu\u011fun hat\u0131ralar\u0131yla ge\u00e7en<span class=\"excerpt-hellip\"> [\u2026]<\/span><\/p>\n","protected":false},"featured_media":0,"template":"","meta":{"_monsterinsights_skip_tracking":false,"_monsterinsights_sitenote_active":false,"_monsterinsights_sitenote_note":"","_monsterinsights_sitenote_category":0},"product_brand":[],"product_cat":[12274,12284],"product_tag":[],"class_list":{"0":"post-734858","1":"product","2":"type-product","3":"status-publish","5":"product_cat-cocuk-ve-genclik-kitaplari","6":"product_cat-hikayeler","7":"pa_cilt-ciltli","8":"pa_tur-kitap","9":"pa_yayinevi-selen-yayinevi","10":"pa_yazar-kolektif","12":"first","13":"instock","14":"sale","15":"shipping-taxable","16":"purchasable","17":"product-type-simple"},"_links":{"self":[{"href":"https:\/\/roveyayinevi.com.tr\/index.php\/wp-json\/wp\/v2\/product\/734858","targetHints":{"allow":["GET"]}}],"collection":[{"href":"https:\/\/roveyayinevi.com.tr\/index.php\/wp-json\/wp\/v2\/product"}],"about":[{"href":"https:\/\/roveyayinevi.com.tr\/index.php\/wp-json\/wp\/v2\/types\/product"}],"wp:attachment":[{"href":"https:\/\/roveyayinevi.com.tr\/index.php\/wp-json\/wp\/v2\/media?parent=734858"}],"wp:term":[{"taxonomy":"product_brand","embeddable":true,"href":"https:\/\/roveyayinevi.com.tr\/index.php\/wp-json\/wp\/v2\/product_brand?post=734858"},{"taxonomy":"product_cat","embeddable":true,"href":"https:\/\/roveyayinevi.com.tr\/index.php\/wp-json\/wp\/v2\/product_cat?post=734858"},{"taxonomy":"product_tag","embeddable":true,"href":"https:\/\/roveyayinevi.com.tr\/index.php\/wp-json\/wp\/v2\/product_tag?post=734858"}],"curies":[{"name":"wp","href":"https:\/\/api.w.org\/{rel}","templated":true}]}}