{"id":734850,"date":"2025-08-27T22:35:59","date_gmt":"2025-08-27T19:35:59","guid":{"rendered":"https:\/\/roveyayinevi.com.tr\/index.php\/urun\/dans-eden-oniki-prenses-ciltli\/"},"modified":"2026-04-16T02:42:52","modified_gmt":"2026-04-15T23:42:52","slug":"dans-eden-oniki-prenses-ciltli","status":"publish","type":"product","link":"https:\/\/roveyayinevi.com.tr\/index.php\/urun\/dans-eden-oniki-prenses-ciltli\/","title":{"rendered":"Dans Eden Oniki Prenses (Ciltli)"},"content":{"rendered":"<p>Kral, her gece ayakkab\u0131lar\u0131 parampar\u00e7a olan oniki k\u0131z\u0131n\u0131n s\u0131rr\u0131n\u0131 \u00e7\u00f6zen ki\u015fiye b\u00fcy\u00fck bir \u00f6d\u00fcl vaat etmi\u015ftir. S\u0131rr\u0131 \u00e7\u00f6zmeye gelen bir\u00e7ok prens de ertesi g\u00fcn kay\u0131plara kar\u0131\u015fm\u0131\u015ft\u0131r.Michael de prenseslerin s\u0131rr\u0131n\u0131 \u00e7\u00f6zmek i\u00e7in saraya do\u011fru yola \u00e7\u0131kar. Yolda kar\u015f\u0131s\u0131na \u00e7\u0131kan ihtiyar kad\u0131n\u0131n tavsiyesine uyarak sarayda bah\u00e7\u0131van olarak i\u015fe ba\u015flar ve prensesleri g\u00f6zetlemeye ba\u015flar.Prensesleri gizlice takip eden Michael, b\u00fcy\u00fcl\u00fc ormanlardan ge\u00e7erek b\u00fcy\u00fck bir saraya ula\u015f\u0131r. Prenseslerden Lina\u2019ya \u00e2\u015f\u0131k olan gen\u00e7 Michael, prensler gibi b\u00fcy\u00fclenmeden s\u0131rr\u0131 \u00e7\u00f6zmek ve sevdi\u011fi prenses ile evlenmenin yolunu bulmak zorundad\u0131r.Ruth Sanderson, d\u00fcnyan\u0131n en \u00e7ok bilinen masallar\u0131ndan olan Dans Eden Oniki Prenses\u2019i muhte\u015fem sulu boya resimler e\u015fli\u011finde yeniden yorumlad\u0131.<\/p>\n","protected":false},"excerpt":{"rendered":"<p>Kral, her gece ayakkab\u0131lar\u0131 parampar\u00e7a olan oniki k\u0131z\u0131n\u0131n s\u0131rr\u0131n\u0131 \u00e7\u00f6zen ki\u015fiye b\u00fcy\u00fck bir \u00f6d\u00fcl vaat etmi\u015ftir. S\u0131rr\u0131 \u00e7\u00f6zmeye gelen bir\u00e7ok prens de ertesi g\u00fcn kay\u0131plara kar\u0131\u015fm\u0131\u015ft\u0131r.Michael<span class=\"excerpt-hellip\"> [\u2026]<\/span><\/p>\n","protected":false},"featured_media":0,"template":"","meta":{"_monsterinsights_skip_tracking":false,"_monsterinsights_sitenote_active":false,"_monsterinsights_sitenote_note":"","_monsterinsights_sitenote_category":0},"product_brand":[],"product_cat":[12274,12523],"product_tag":[],"class_list":{"0":"post-734850","1":"product","2":"type-product","3":"status-publish","5":"product_cat-cocuk-ve-genclik-kitaplari","6":"product_cat-masallar","7":"pa_cilt-ciltli","8":"pa_tur-kitap","9":"pa_yayinevi-selen-yayinevi","10":"pa_yazar-ruth-sanderson","12":"first","13":"instock","14":"sale","15":"shipping-taxable","16":"purchasable","17":"product-type-simple"},"_links":{"self":[{"href":"https:\/\/roveyayinevi.com.tr\/index.php\/wp-json\/wp\/v2\/product\/734850","targetHints":{"allow":["GET"]}}],"collection":[{"href":"https:\/\/roveyayinevi.com.tr\/index.php\/wp-json\/wp\/v2\/product"}],"about":[{"href":"https:\/\/roveyayinevi.com.tr\/index.php\/wp-json\/wp\/v2\/types\/product"}],"wp:attachment":[{"href":"https:\/\/roveyayinevi.com.tr\/index.php\/wp-json\/wp\/v2\/media?parent=734850"}],"wp:term":[{"taxonomy":"product_brand","embeddable":true,"href":"https:\/\/roveyayinevi.com.tr\/index.php\/wp-json\/wp\/v2\/product_brand?post=734850"},{"taxonomy":"product_cat","embeddable":true,"href":"https:\/\/roveyayinevi.com.tr\/index.php\/wp-json\/wp\/v2\/product_cat?post=734850"},{"taxonomy":"product_tag","embeddable":true,"href":"https:\/\/roveyayinevi.com.tr\/index.php\/wp-json\/wp\/v2\/product_tag?post=734850"}],"curies":[{"name":"wp","href":"https:\/\/api.w.org\/{rel}","templated":true}]}}