{"id":734849,"date":"2025-08-27T22:35:57","date_gmt":"2025-08-27T19:35:57","guid":{"rendered":"https:\/\/roveyayinevi.com.tr\/index.php\/urun\/ceyko-okumayi-seviyor-7-kitap-takim\/"},"modified":"2026-04-16T02:42:52","modified_gmt":"2026-04-15T23:42:52","slug":"ceyko-okumayi-seviyor-7-kitap-takim","status":"publish","type":"product","link":"https:\/\/roveyayinevi.com.tr\/index.php\/urun\/ceyko-okumayi-seviyor-7-kitap-takim\/","title":{"rendered":"Ceyko Okumay\u0131 Seviyor (7 Kitap Tak\u0131m)"},"content":{"rendered":"<p>Hey, \u00e7ocuklar!Sevimli mi sevimli ceylan yavrusu Ceyko\u2019nun ser\u00fcvenine kat\u0131lmaya ne dersiniz?Kahraman\u0131m\u0131z Ceyko, bir park ke\u015ffediyor. Fakat bu park \u00f6yle bildi\u011finiz parklardan de\u011fil! Ad\u0131 da bir garip. Bilgi ve E\u011flence diye bir park m\u0131 olurmu\u015f?Evet evet, yanl\u0131\u015f duymad\u0131n\u0131z, Bilgi ve E\u011flence Park\u0131. Hem \u00e7ok bilgilendirici hem de \u00e7ok e\u011flenceli!Hadi hadi, gelin. Vakit kaybetmeden siz de kat\u0131l\u0131n Ceyko\u2019ya!Bu parkta neler mi var? Neler yok ki! Aralay\u0131n park\u0131n kap\u0131s\u0131n\u0131 ve ke\u015ffe ba\u015flay\u0131n&#8230;<\/p>\n","protected":false},"excerpt":{"rendered":"<p>Hey, \u00e7ocuklar!Sevimli mi sevimli ceylan yavrusu Ceyko\u2019nun ser\u00fcvenine kat\u0131lmaya ne dersiniz?Kahraman\u0131m\u0131z Ceyko, bir park ke\u015ffediyor. Fakat bu park \u00f6yle bildi\u011finiz parklardan de\u011fil! Ad\u0131 da bir garip.<span class=\"excerpt-hellip\"> [\u2026]<\/span><\/p>\n","protected":false},"featured_media":0,"template":"","meta":{"_monsterinsights_skip_tracking":false,"_monsterinsights_sitenote_active":false,"_monsterinsights_sitenote_note":"","_monsterinsights_sitenote_category":0},"product_brand":[],"product_cat":[12274,12284],"product_tag":[],"class_list":{"0":"post-734849","1":"product","2":"type-product","3":"status-publish","5":"product_cat-cocuk-ve-genclik-kitaplari","6":"product_cat-hikayeler","7":"pa_cilt-takim","8":"pa_tur-kitap","9":"pa_yayinevi-selen-yayinevi","10":"pa_yazar-ali-karacam","12":"first","13":"instock","14":"sale","15":"shipping-taxable","16":"purchasable","17":"product-type-simple"},"_links":{"self":[{"href":"https:\/\/roveyayinevi.com.tr\/index.php\/wp-json\/wp\/v2\/product\/734849","targetHints":{"allow":["GET"]}}],"collection":[{"href":"https:\/\/roveyayinevi.com.tr\/index.php\/wp-json\/wp\/v2\/product"}],"about":[{"href":"https:\/\/roveyayinevi.com.tr\/index.php\/wp-json\/wp\/v2\/types\/product"}],"wp:attachment":[{"href":"https:\/\/roveyayinevi.com.tr\/index.php\/wp-json\/wp\/v2\/media?parent=734849"}],"wp:term":[{"taxonomy":"product_brand","embeddable":true,"href":"https:\/\/roveyayinevi.com.tr\/index.php\/wp-json\/wp\/v2\/product_brand?post=734849"},{"taxonomy":"product_cat","embeddable":true,"href":"https:\/\/roveyayinevi.com.tr\/index.php\/wp-json\/wp\/v2\/product_cat?post=734849"},{"taxonomy":"product_tag","embeddable":true,"href":"https:\/\/roveyayinevi.com.tr\/index.php\/wp-json\/wp\/v2\/product_tag?post=734849"}],"curies":[{"name":"wp","href":"https:\/\/api.w.org\/{rel}","templated":true}]}}