{"id":734848,"date":"2025-08-27T22:35:56","date_gmt":"2025-08-27T19:35:56","guid":{"rendered":"https:\/\/roveyayinevi.com.tr\/index.php\/urun\/dostluk-ve-arkadaslik\/"},"modified":"2026-04-16T02:42:51","modified_gmt":"2026-04-15T23:42:51","slug":"dostluk-ve-arkadaslik","status":"publish","type":"product","link":"https:\/\/roveyayinevi.com.tr\/index.php\/urun\/dostluk-ve-arkadaslik\/","title":{"rendered":"Dostluk ve Arkada\u015fl\u0131k"},"content":{"rendered":"<p>Bir varm\u0131\u015f bir yokmu\u015f, dostlar\u0131n masal\u0131 \u00e7okmu\u015f&#8230; Evvel zaman i\u00e7inde, masal ustalar\u0131 bir araya gelmi\u015fler ve birbirinden g\u00fczel masallar anlatm\u0131\u015flar. Ger\u00e7ek dostlu\u011fu, dost olup dost kalmay\u0131 anlata anlata bitirememi\u015fler. \u00c7\u00fcnk\u00fc onlar anlatt\u0131k\u00e7a dostluk \u00e7o\u011falm\u0131\u015f, b\u00fcy\u00fcm\u00fc\u015f. B\u00fcy\u00fcd\u00fck\u00e7e de g\u00fczelle\u015fmi\u015f. Bu masallar\u0131 dinleyen dostlar da bu g\u00fczellikten nasibini alm\u0131\u015f.Dostluk ve Arkada\u015fl\u0131k\u2019ta Mevl\u00e2na, Sadi \u015eirazi, Ezop, Beydeba, Lao Tzu, Sokrat, Konf\u00fc\u00e7y\u00fcs, Ferid\u00fcddin Attar, Friedrich von Schiller, Grim Karde\u015fler, Filozof Diyojen gibi d\u00fcnyaca bilinen anlat\u0131 ustalar\u0131n\u0131n birbirinden g\u00fczel ve merak uyand\u0131ran masallar\u0131 yer al\u0131yor. Minik okurlar\u0131m\u0131z\u0131, dostluk ve arkada\u015fl\u0131\u011f\u0131n renkli d\u00fcnyas\u0131n\u0131n resmedildi\u011fi masallar diyar\u0131na davet ediyoruz.<\/p>\n","protected":false},"excerpt":{"rendered":"<p>Bir varm\u0131\u015f bir yokmu\u015f, dostlar\u0131n masal\u0131 \u00e7okmu\u015f&#8230; Evvel zaman i\u00e7inde, masal ustalar\u0131 bir araya gelmi\u015fler ve birbirinden g\u00fczel masallar anlatm\u0131\u015flar. Ger\u00e7ek dostlu\u011fu, dost olup dost kalmay\u0131<span class=\"excerpt-hellip\"> [\u2026]<\/span><\/p>\n","protected":false},"featured_media":0,"template":"","meta":{"_monsterinsights_skip_tracking":false,"_monsterinsights_sitenote_active":false,"_monsterinsights_sitenote_note":"","_monsterinsights_sitenote_category":0},"product_brand":[],"product_cat":[12274,12523],"product_tag":[],"class_list":{"0":"post-734848","1":"product","2":"type-product","3":"status-publish","5":"product_cat-cocuk-ve-genclik-kitaplari","6":"product_cat-masallar","7":"pa_cilt-ciltsiz","8":"pa_tur-kitap","9":"pa_yayinevi-selen-yayinevi","10":"pa_yazar-lale-suphandagi","12":"first","13":"instock","14":"sale","15":"shipping-taxable","16":"purchasable","17":"product-type-simple"},"_links":{"self":[{"href":"https:\/\/roveyayinevi.com.tr\/index.php\/wp-json\/wp\/v2\/product\/734848","targetHints":{"allow":["GET"]}}],"collection":[{"href":"https:\/\/roveyayinevi.com.tr\/index.php\/wp-json\/wp\/v2\/product"}],"about":[{"href":"https:\/\/roveyayinevi.com.tr\/index.php\/wp-json\/wp\/v2\/types\/product"}],"wp:attachment":[{"href":"https:\/\/roveyayinevi.com.tr\/index.php\/wp-json\/wp\/v2\/media?parent=734848"}],"wp:term":[{"taxonomy":"product_brand","embeddable":true,"href":"https:\/\/roveyayinevi.com.tr\/index.php\/wp-json\/wp\/v2\/product_brand?post=734848"},{"taxonomy":"product_cat","embeddable":true,"href":"https:\/\/roveyayinevi.com.tr\/index.php\/wp-json\/wp\/v2\/product_cat?post=734848"},{"taxonomy":"product_tag","embeddable":true,"href":"https:\/\/roveyayinevi.com.tr\/index.php\/wp-json\/wp\/v2\/product_tag?post=734848"}],"curies":[{"name":"wp","href":"https:\/\/api.w.org\/{rel}","templated":true}]}}