{"id":734847,"date":"2025-08-27T22:35:55","date_gmt":"2025-08-27T19:35:55","guid":{"rendered":"https:\/\/roveyayinevi.com.tr\/index.php\/urun\/allahin-isimlerini-ogreniyorum-6-kitap-takim\/"},"modified":"2026-04-16T02:42:51","modified_gmt":"2026-04-15T23:42:51","slug":"allahin-isimlerini-ogreniyorum-6-kitap-takim","status":"publish","type":"product","link":"https:\/\/roveyayinevi.com.tr\/index.php\/urun\/allahin-isimlerini-ogreniyorum-6-kitap-takim\/","title":{"rendered":"Allah&#8217;\u0131n \u0130simlerini \u00d6\u011freniyorum (6 Kitap Tak\u0131m)"},"content":{"rendered":"<p>Ev d\u0131\u015f\u0131nda, tabiatla i\u00e7 i\u00e7e oyun oynama \u00f6zg\u00fcrl\u00fc\u011f\u00fc olan bir tatil beldesinde ya\u015fanan g\u00fczel, bazen de ilgin\u00e7 olaylar\u0131n anlat\u0131ld\u0131\u011f\u0131 bu hik\u00e2ye seti \u00e7ocuklar\u0131n \u00e7ok ho\u015funa gidecek!Mutlu bir ailede anne, baba ve karde\u015flerin birbirleriyle olan ili\u015fkileri ve davran\u0131\u015flar\u0131 e\u015fli\u011finde \u00f6\u011frenilen Allah\u2019\u0131n isimleri, \u00e7ocuklar\u0131n meraklar\u0131n\u0131 giderecek ve Allah\u2019\u0131 tan\u0131ma \u00e7abalar\u0131na cevap olacak niteliktedir.Alt\u0131 kitaptan olu\u015fan bu setle \u00e7ocuklar hem e\u011flenecek hem de Allah\u2019\u0131n \u015fu isimlerini \u00f6\u011frenecekler:C\u00e2mi, Rezzak, Kadir, Nur, \u015eafi, \u015eekur, Settar, Kudd\u00fcs, Hak\u00eem, Ved\u00fbd, RahmanSette yer alan kitaplar:1. Bir Koli Kar\u0131nca2. Sebzeler Yemek Yer mi?3. Y\u0131ld\u0131zlar Ay&#8217;\u0131n Yard\u0131mc\u0131s\u0131 m\u0131?4. Sevin\u00e7li Bir G\u00fcn5. Bah\u00e7eyi Kim Temizledi?6. Ailesine Do\u011fru U\u00e7an Ku\u015f<\/p>\n","protected":false},"excerpt":{"rendered":"<p>Ev d\u0131\u015f\u0131nda, tabiatla i\u00e7 i\u00e7e oyun oynama \u00f6zg\u00fcrl\u00fc\u011f\u00fc olan bir tatil beldesinde ya\u015fanan g\u00fczel, bazen de ilgin\u00e7 olaylar\u0131n anlat\u0131ld\u0131\u011f\u0131 bu hik\u00e2ye seti \u00e7ocuklar\u0131n \u00e7ok ho\u015funa gidecek!Mutlu<span class=\"excerpt-hellip\"> [\u2026]<\/span><\/p>\n","protected":false},"featured_media":0,"template":"","meta":{"_monsterinsights_skip_tracking":false,"_monsterinsights_sitenote_active":false,"_monsterinsights_sitenote_note":"","_monsterinsights_sitenote_category":0},"product_brand":[],"product_cat":[12274,18802],"product_tag":[],"class_list":{"0":"post-734847","1":"product","2":"type-product","3":"status-publish","5":"product_cat-cocuk-ve-genclik-kitaplari","6":"product_cat-din-egitimi","7":"pa_cilt-ciltsiz","8":"pa_tur-kitap","9":"pa_yayinevi-selen-yayinevi","10":"pa_yazar-aysegul-akakus-akgun","12":"first","13":"instock","14":"sale","15":"shipping-taxable","16":"purchasable","17":"product-type-simple"},"_links":{"self":[{"href":"https:\/\/roveyayinevi.com.tr\/index.php\/wp-json\/wp\/v2\/product\/734847","targetHints":{"allow":["GET"]}}],"collection":[{"href":"https:\/\/roveyayinevi.com.tr\/index.php\/wp-json\/wp\/v2\/product"}],"about":[{"href":"https:\/\/roveyayinevi.com.tr\/index.php\/wp-json\/wp\/v2\/types\/product"}],"wp:attachment":[{"href":"https:\/\/roveyayinevi.com.tr\/index.php\/wp-json\/wp\/v2\/media?parent=734847"}],"wp:term":[{"taxonomy":"product_brand","embeddable":true,"href":"https:\/\/roveyayinevi.com.tr\/index.php\/wp-json\/wp\/v2\/product_brand?post=734847"},{"taxonomy":"product_cat","embeddable":true,"href":"https:\/\/roveyayinevi.com.tr\/index.php\/wp-json\/wp\/v2\/product_cat?post=734847"},{"taxonomy":"product_tag","embeddable":true,"href":"https:\/\/roveyayinevi.com.tr\/index.php\/wp-json\/wp\/v2\/product_tag?post=734847"}],"curies":[{"name":"wp","href":"https:\/\/api.w.org\/{rel}","templated":true}]}}