{"id":734845,"date":"2025-08-27T22:35:53","date_gmt":"2025-08-27T19:35:53","guid":{"rendered":"https:\/\/roveyayinevi.com.tr\/index.php\/urun\/degerler-egitimi-seti-5-kitap-takim\/"},"modified":"2026-04-16T02:42:51","modified_gmt":"2026-04-15T23:42:51","slug":"degerler-egitimi-seti-5-kitap-takim","status":"publish","type":"product","link":"https:\/\/roveyayinevi.com.tr\/index.php\/urun\/degerler-egitimi-seti-5-kitap-takim\/","title":{"rendered":"De\u011ferler E\u011fitimi Seti (5 Kitap Tak\u0131m)"},"content":{"rendered":"<p>Gelecekte \u00e7ocuklar\u0131m\u0131z\u0131n daha mutlu bir d\u00fcnyada ya\u015famalar\u0131 i\u00e7in evrensel de\u011ferleri i\u00e7selle\u015ftirmeleri ve davran\u0131\u015flar\u0131na yans\u0131tmalar\u0131 gerekir. \u00c7ocuk Geli\u015fimi Uzman\u0131 Hayr\u00fcnnisa \u015een\u2019in bu ama\u00e7la haz\u0131rlad\u0131\u011f\u0131 De\u011ferler E\u011fitimi Seti, \u00f6zg\u00fcven, sorumluluk, yard\u0131mla\u015fma, ba\u015fkalar\u0131yla alay etmemek, dostluk ve tak\u0131m \u00e7al\u0131\u015fmas\u0131 gibi de\u011ferleri, sevimli hayvan hik\u00e2yeleriyle ve \u00e7ocuklar\u0131n ho\u015flar\u0131na gidecek resimlerle sunuyor.Sette yer alan hikayeler:\u2022 Minik Kar\u0131nca\u2022 Vatoz\u2019un \u00dcz\u00fcnt\u00fcs\u00fc\u2022 Kirpi ile Tav\u015fan\u2022 Tembel Ar\u0131 Olur mu?\u2022 Akkaz ve Arkada\u015flar\u0131<\/p>\n","protected":false},"excerpt":{"rendered":"<p>Gelecekte \u00e7ocuklar\u0131m\u0131z\u0131n daha mutlu bir d\u00fcnyada ya\u015famalar\u0131 i\u00e7in evrensel de\u011ferleri i\u00e7selle\u015ftirmeleri ve davran\u0131\u015flar\u0131na yans\u0131tmalar\u0131 gerekir. \u00c7ocuk Geli\u015fimi Uzman\u0131 Hayr\u00fcnnisa \u015een\u2019in bu ama\u00e7la haz\u0131rlad\u0131\u011f\u0131 De\u011ferler E\u011fitimi Seti,<span class=\"excerpt-hellip\"> [\u2026]<\/span><\/p>\n","protected":false},"featured_media":0,"template":"","meta":{"_monsterinsights_skip_tracking":false,"_monsterinsights_sitenote_active":false,"_monsterinsights_sitenote_note":"","_monsterinsights_sitenote_category":0},"product_brand":[],"product_cat":[12274,12284],"product_tag":[],"class_list":{"0":"post-734845","1":"product","2":"type-product","3":"status-publish","5":"product_cat-cocuk-ve-genclik-kitaplari","6":"product_cat-hikayeler","7":"pa_cilt-ciltsiz","8":"pa_tur-kitap","9":"pa_yayinevi-selen-yayinevi","10":"pa_yazar-hayrunnisa-sen","12":"first","13":"instock","14":"sale","15":"shipping-taxable","16":"purchasable","17":"product-type-simple"},"_links":{"self":[{"href":"https:\/\/roveyayinevi.com.tr\/index.php\/wp-json\/wp\/v2\/product\/734845","targetHints":{"allow":["GET"]}}],"collection":[{"href":"https:\/\/roveyayinevi.com.tr\/index.php\/wp-json\/wp\/v2\/product"}],"about":[{"href":"https:\/\/roveyayinevi.com.tr\/index.php\/wp-json\/wp\/v2\/types\/product"}],"wp:attachment":[{"href":"https:\/\/roveyayinevi.com.tr\/index.php\/wp-json\/wp\/v2\/media?parent=734845"}],"wp:term":[{"taxonomy":"product_brand","embeddable":true,"href":"https:\/\/roveyayinevi.com.tr\/index.php\/wp-json\/wp\/v2\/product_brand?post=734845"},{"taxonomy":"product_cat","embeddable":true,"href":"https:\/\/roveyayinevi.com.tr\/index.php\/wp-json\/wp\/v2\/product_cat?post=734845"},{"taxonomy":"product_tag","embeddable":true,"href":"https:\/\/roveyayinevi.com.tr\/index.php\/wp-json\/wp\/v2\/product_tag?post=734845"}],"curies":[{"name":"wp","href":"https:\/\/api.w.org\/{rel}","templated":true}]}}