{"id":734844,"date":"2025-08-27T22:35:52","date_gmt":"2025-08-27T19:35:52","guid":{"rendered":"https:\/\/roveyayinevi.com.tr\/index.php\/urun\/the-last-prophet-muhammad-4-cilt-takim\/"},"modified":"2026-04-16T02:42:51","modified_gmt":"2026-04-15T23:42:51","slug":"the-last-prophet-muhammad-4-cilt-takim","status":"publish","type":"product","link":"https:\/\/roveyayinevi.com.tr\/index.php\/urun\/the-last-prophet-muhammad-4-cilt-takim\/","title":{"rendered":"The Last Prophet Muhammad (4 Cilt Tak\u0131m )"},"content":{"rendered":"<p>The Last Prophet Muhammad serisi, \u0130ngilizceyi yeni \u00f6\u011frenenler ve pratik yaparak okuma becerisini geli\u015ftirmek isteyenler i\u00e7in basit hik\u00e2ye mant\u0131\u011f\u0131yla haz\u0131rland\u0131. Okuyanlar\u0131n anlama seviyesini artt\u0131rmak i\u00e7in de konu sonlar\u0131na al\u0131\u015ft\u0131rma sorular\u0131 eklendi. Her bir kitab\u0131n sonuna konulan s\u00f6zl\u00fckle de okuyanlar\u0131n metinde anlamad\u0131klar\u0131 kelimeyi h\u0131zl\u0131ca bulup kavramas\u0131 ve b\u00f6ylelikle kelime da\u011farc\u0131\u011f\u0131n\u0131 geli\u015ftirmesi hedeflendi.Bu seri, ilk\u00f6\u011fretim-lise m\u00fcfredat\u0131na ve CEFR (Common European Framework) standartlar\u0131na uygun olarak haz\u0131rland\u0131. B\u00f6ylece \u00f6\u011frenciler, okulda \u00f6\u011frendikleri yap\u0131lar\u0131n prati\u011fini yapma imk\u00e2n\u0131 da bulacaklard\u0131r.Sette yer alan kitaplar:1. The Holy Birth2. With His Wet Nurse Haleemah3. Back to Amine and Abdulmuttalib4. The Years with Abu Talib<\/p>\n","protected":false},"excerpt":{"rendered":"<p>The Last Prophet Muhammad serisi, \u0130ngilizceyi yeni \u00f6\u011frenenler ve pratik yaparak okuma becerisini geli\u015ftirmek isteyenler i\u00e7in basit hik\u00e2ye mant\u0131\u011f\u0131yla haz\u0131rland\u0131. Okuyanlar\u0131n anlama seviyesini artt\u0131rmak i\u00e7in de<span class=\"excerpt-hellip\"> [\u2026]<\/span><\/p>\n","protected":false},"featured_media":0,"template":"","meta":{"_monsterinsights_skip_tracking":false,"_monsterinsights_sitenote_active":false,"_monsterinsights_sitenote_note":"","_monsterinsights_sitenote_category":0},"product_brand":[],"product_cat":[12472],"product_tag":[],"class_list":{"0":"post-734844","1":"product","2":"type-product","3":"status-publish","5":"product_cat-yabanci-dilde-kitaplar","6":"pa_cilt-ciltsiz","7":"pa_tur-kitap","8":"pa_yayinevi-foliant-yayinlari","9":"pa_yazar-fatih-karahan","11":"first","12":"instock","13":"sale","14":"shipping-taxable","15":"purchasable","16":"product-type-simple"},"_links":{"self":[{"href":"https:\/\/roveyayinevi.com.tr\/index.php\/wp-json\/wp\/v2\/product\/734844","targetHints":{"allow":["GET"]}}],"collection":[{"href":"https:\/\/roveyayinevi.com.tr\/index.php\/wp-json\/wp\/v2\/product"}],"about":[{"href":"https:\/\/roveyayinevi.com.tr\/index.php\/wp-json\/wp\/v2\/types\/product"}],"wp:attachment":[{"href":"https:\/\/roveyayinevi.com.tr\/index.php\/wp-json\/wp\/v2\/media?parent=734844"}],"wp:term":[{"taxonomy":"product_brand","embeddable":true,"href":"https:\/\/roveyayinevi.com.tr\/index.php\/wp-json\/wp\/v2\/product_brand?post=734844"},{"taxonomy":"product_cat","embeddable":true,"href":"https:\/\/roveyayinevi.com.tr\/index.php\/wp-json\/wp\/v2\/product_cat?post=734844"},{"taxonomy":"product_tag","embeddable":true,"href":"https:\/\/roveyayinevi.com.tr\/index.php\/wp-json\/wp\/v2\/product_tag?post=734844"}],"curies":[{"name":"wp","href":"https:\/\/api.w.org\/{rel}","templated":true}]}}