{"id":734841,"date":"2025-08-27T22:35:49","date_gmt":"2025-08-27T19:35:49","guid":{"rendered":"https:\/\/roveyayinevi.com.tr\/index.php\/urun\/allahi-bildiren-bilmeceler\/"},"modified":"2026-04-16T02:42:51","modified_gmt":"2026-04-15T23:42:51","slug":"allahi-bildiren-bilmeceler","status":"publish","type":"product","link":"https:\/\/roveyayinevi.com.tr\/index.php\/urun\/allahi-bildiren-bilmeceler\/","title":{"rendered":"Allah&#8217;\u0131 Bildiren Bilmeceler"},"content":{"rendered":"<p>\u015eimdiki \u00e7ocuklar eski \u00e7ocuklar de\u011fil art\u0131k. \u00c7\u00fcnk\u00fc hepsi ba\u015fka bir alemde b\u00fcy\u00fcm\u00fc\u015f ve daha sonra d\u00fcnyam\u0131za ayak\u00fcst\u00fc u\u011frayarak: \u201cYeni bir \u015fey var m\u0131?\u201d diye soruyormu\u015f gibiler.K\u0131sacas\u0131 i\u015fimiz \u00f6yle zor ki&#8230;Bu ak\u0131ll\u0131 varl\u0131klar\u0131 nas\u0131l e\u011fitir ve haklar\u0131n\u0131 nas\u0131l veririz bilmiyorum. Fakat bir mimar olarak \u00fcst\u00fcme d\u00fc\u015feni yap\u0131p sa\u011flam bir temel atmay\u0131 planl\u0131yorum. Bunun i\u00e7in de en k\u0131ymetli varl\u0131\u011f\u0131m\u0131z olan evlatlar\u0131m\u0131za bu evrenin Sahibini tan\u0131tmak istiyorum.Elinizdeki kitap, birbirinden g\u00fczel 11 bilmece ile bu hay\u0131rl\u0131 i\u015fe kap\u0131 a\u00e7acakt\u0131r in\u015fallah.<\/p>\n","protected":false},"excerpt":{"rendered":"<p>\u015eimdiki \u00e7ocuklar eski \u00e7ocuklar de\u011fil art\u0131k. \u00c7\u00fcnk\u00fc hepsi ba\u015fka bir alemde b\u00fcy\u00fcm\u00fc\u015f ve daha sonra d\u00fcnyam\u0131za ayak\u00fcst\u00fc u\u011frayarak: \u201cYeni bir \u015fey var m\u0131?\u201d diye soruyormu\u015f gibiler.K\u0131sacas\u0131<span class=\"excerpt-hellip\"> [\u2026]<\/span><\/p>\n","protected":false},"featured_media":0,"template":"","meta":{"_monsterinsights_skip_tracking":false,"_monsterinsights_sitenote_active":false,"_monsterinsights_sitenote_note":"","_monsterinsights_sitenote_category":0},"product_brand":[],"product_cat":[12492,12274],"product_tag":[],"class_list":{"0":"post-734841","1":"product","2":"type-product","3":"status-publish","5":"product_cat-bilmece-bulmaca","6":"product_cat-cocuk-ve-genclik-kitaplari","7":"pa_cilt-ciltsiz","8":"pa_tur-kitap","9":"pa_yayinevi-foliant-yayinlari","10":"pa_yazar-cuneyd-suavi","12":"first","13":"instock","14":"sale","15":"shipping-taxable","16":"purchasable","17":"product-type-simple"},"_links":{"self":[{"href":"https:\/\/roveyayinevi.com.tr\/index.php\/wp-json\/wp\/v2\/product\/734841","targetHints":{"allow":["GET"]}}],"collection":[{"href":"https:\/\/roveyayinevi.com.tr\/index.php\/wp-json\/wp\/v2\/product"}],"about":[{"href":"https:\/\/roveyayinevi.com.tr\/index.php\/wp-json\/wp\/v2\/types\/product"}],"wp:attachment":[{"href":"https:\/\/roveyayinevi.com.tr\/index.php\/wp-json\/wp\/v2\/media?parent=734841"}],"wp:term":[{"taxonomy":"product_brand","embeddable":true,"href":"https:\/\/roveyayinevi.com.tr\/index.php\/wp-json\/wp\/v2\/product_brand?post=734841"},{"taxonomy":"product_cat","embeddable":true,"href":"https:\/\/roveyayinevi.com.tr\/index.php\/wp-json\/wp\/v2\/product_cat?post=734841"},{"taxonomy":"product_tag","embeddable":true,"href":"https:\/\/roveyayinevi.com.tr\/index.php\/wp-json\/wp\/v2\/product_tag?post=734841"}],"curies":[{"name":"wp","href":"https:\/\/api.w.org\/{rel}","templated":true}]}}