{"id":734840,"date":"2025-08-27T22:35:47","date_gmt":"2025-08-27T19:35:47","guid":{"rendered":"https:\/\/roveyayinevi.com.tr\/index.php\/urun\/ustun-yetenekliler-kulubu\/"},"modified":"2026-04-16T02:42:51","modified_gmt":"2026-04-15T23:42:51","slug":"ustun-yetenekliler-kulubu","status":"publish","type":"product","link":"https:\/\/roveyayinevi.com.tr\/index.php\/urun\/ustun-yetenekliler-kulubu\/","title":{"rendered":"\u00dcst\u00fcn Yetenekliler Kul\u00fcb\u00fc"},"content":{"rendered":"<p>Bas\u0131n mensuplar\u0131 okuldaki ba\u015far\u0131n\u0131n s\u0131rr\u0131n\u0131 \u00e7\u00f6zmek i\u00e7in sorular soruyordu. Gizli mahzendeki tarih\u00ee kano ve minib\u00fcs\u00fcn ke\u015ffi g\u00fcndeme bomba gibi d\u00fc\u015fm\u00fc\u015ft\u00fc. \u0130catlar, ke\u015fifler, madalyalar, podcastler herkesin dikkatini \u00e7ekmi\u015fti. Okulun santralinin telefonlar\u0131 susmak bilmiyordu. Ba\u015far\u0131n\u0131n mimarlar\u0131na ula\u015fmak i\u00e7in \u00fclkenin her k\u00f6\u015fesinden okulu ar\u0131yorlard\u0131. \u0130lginin nedeni, bu okulda kurulan \u00dcst\u00fcn Yetenekliler Kul\u00fcb\u00fc\u2019n\u00fcn (\u00dcYK) ortaya koydu\u011fu b\u00fcy\u00fck ba\u015far\u0131yd\u0131. Bu ba\u015far\u0131, yurdun d\u00f6rt bir yan\u0131nda yank\u0131lan\u0131yordu.Sen de kendini ke\u015ffet!Bu kitab\u0131n kahramanlar\u0131 gibi sen de \u00fcst\u00fcn yetenekli bir \u00e7ocuksun. Neden sen de kendini ke\u015ffetmiyorsun? \u0130stiyor musun? \u00d6yleyse hemen okumaya ba\u015fla&#8230;Sana k\u00fc\u00e7\u00fck bir s\u0131r vereyim: Her insan\u0131n mutlaka \u00fcst\u00fcn bir yetene\u011fi vard\u0131r. Sen de \u00e7ok ba\u015far\u0131l\u0131 bir \u00f6\u011frenci olabilirsin.Haydi, \u015fimdi sen de bu kitab\u0131 oku ve kendi okulunda \u00dcYK\u2019n\u0131 kur!<\/p>\n","protected":false},"excerpt":{"rendered":"<p>Bas\u0131n mensuplar\u0131 okuldaki ba\u015far\u0131n\u0131n s\u0131rr\u0131n\u0131 \u00e7\u00f6zmek i\u00e7in sorular soruyordu. Gizli mahzendeki tarih\u00ee kano ve minib\u00fcs\u00fcn ke\u015ffi g\u00fcndeme bomba gibi d\u00fc\u015fm\u00fc\u015ft\u00fc. \u0130catlar, ke\u015fifler, madalyalar, podcastler herkesin dikkatini<span class=\"excerpt-hellip\"> [\u2026]<\/span><\/p>\n","protected":false},"featured_media":0,"template":"","meta":{"_monsterinsights_skip_tracking":false,"_monsterinsights_sitenote_active":false,"_monsterinsights_sitenote_note":"","_monsterinsights_sitenote_category":0},"product_brand":[],"product_cat":[12275,12274],"product_tag":[],"class_list":{"0":"post-734840","1":"product","2":"type-product","3":"status-publish","5":"product_cat-6-12-yas-kitaplari","6":"product_cat-cocuk-ve-genclik-kitaplari","7":"pa_cilt-ciltsiz","8":"pa_tur-kitap","9":"pa_yayinevi-foliant-yayinlari","10":"pa_yazar-nadir-comak","12":"first","13":"instock","14":"sale","15":"shipping-taxable","16":"purchasable","17":"product-type-simple"},"_links":{"self":[{"href":"https:\/\/roveyayinevi.com.tr\/index.php\/wp-json\/wp\/v2\/product\/734840","targetHints":{"allow":["GET"]}}],"collection":[{"href":"https:\/\/roveyayinevi.com.tr\/index.php\/wp-json\/wp\/v2\/product"}],"about":[{"href":"https:\/\/roveyayinevi.com.tr\/index.php\/wp-json\/wp\/v2\/types\/product"}],"wp:attachment":[{"href":"https:\/\/roveyayinevi.com.tr\/index.php\/wp-json\/wp\/v2\/media?parent=734840"}],"wp:term":[{"taxonomy":"product_brand","embeddable":true,"href":"https:\/\/roveyayinevi.com.tr\/index.php\/wp-json\/wp\/v2\/product_brand?post=734840"},{"taxonomy":"product_cat","embeddable":true,"href":"https:\/\/roveyayinevi.com.tr\/index.php\/wp-json\/wp\/v2\/product_cat?post=734840"},{"taxonomy":"product_tag","embeddable":true,"href":"https:\/\/roveyayinevi.com.tr\/index.php\/wp-json\/wp\/v2\/product_tag?post=734840"}],"curies":[{"name":"wp","href":"https:\/\/api.w.org\/{rel}","templated":true}]}}