{"id":734839,"date":"2025-08-27T22:35:47","date_gmt":"2025-08-27T19:35:47","guid":{"rendered":"https:\/\/roveyayinevi.com.tr\/index.php\/urun\/yar-i-gar\/"},"modified":"2026-04-16T02:42:51","modified_gmt":"2026-04-15T23:42:51","slug":"yar-i-gar","status":"publish","type":"product","link":"https:\/\/roveyayinevi.com.tr\/index.php\/urun\/yar-i-gar\/","title":{"rendered":"Yar-i Gar"},"content":{"rendered":"<p>\u201cDost ol ki\u015fidir ki y\u00e2r-i g\u00e2rd\u0131r.\u201d Dedi Feride.\u201cMa\u011fara arkada\u015f\u0131d\u0131r. G\u00f6mle\u011finden kesti\u011fi her par\u00e7ay\u0131 bir deli\u011fe t\u0131kayand\u0131r. Kalan son deli\u011fe aya\u011f\u0131n\u0131 koyand\u0131r.\u201d*\u201cSeninle birlikte etti\u011fimiz sohbetler;Al\u0131\u015fkanl\u0131ktan m\u0131d\u0131r?Unutkanl\u0131ktan m\u0131d\u0131r?Yoksa ataletten midir nedir?Bilip de geri planda b\u0131rakt\u0131\u011f\u0131m\u0131z \u00e7ok bilgiyi hat\u0131rlat\u0131pG\u00fcnl\u00fck ya\u015fant\u0131m\u0131za kazand\u0131r\u0131yor.Bu sebeple sana \u00e7ok te\u015fekk\u00fcr ediyorum Feride.\u201d*\u201cNe demek efendim vazifemiz, hem ne demi\u015fler:De\u011firmen iki ta\u015ftan, muhabbet iki ba\u015ftan.\u201d<\/p>\n","protected":false},"excerpt":{"rendered":"<p>\u201cDost ol ki\u015fidir ki y\u00e2r-i g\u00e2rd\u0131r.\u201d Dedi Feride.\u201cMa\u011fara arkada\u015f\u0131d\u0131r. G\u00f6mle\u011finden kesti\u011fi her par\u00e7ay\u0131 bir deli\u011fe t\u0131kayand\u0131r. Kalan son deli\u011fe aya\u011f\u0131n\u0131 koyand\u0131r.\u201d*\u201cSeninle birlikte etti\u011fimiz sohbetler;Al\u0131\u015fkanl\u0131ktan m\u0131d\u0131r?Unutkanl\u0131ktan m\u0131d\u0131r?Yoksa<span class=\"excerpt-hellip\"> [\u2026]<\/span><\/p>\n","protected":false},"featured_media":0,"template":"","meta":{"_monsterinsights_skip_tracking":false,"_monsterinsights_sitenote_active":false,"_monsterinsights_sitenote_note":"","_monsterinsights_sitenote_category":0},"product_brand":[],"product_cat":[12365,12364],"product_tag":[],"class_list":{"0":"post-734839","1":"product","2":"type-product","3":"status-publish","5":"product_cat-diger-genel-konular","6":"product_cat-genel-konular","7":"pa_cilt-ciltsiz","8":"pa_tur-kitap","9":"pa_yayinevi-foliant-yayinlari","10":"pa_yazar-sait-kosk","12":"first","13":"instock","14":"sale","15":"shipping-taxable","16":"purchasable","17":"product-type-simple"},"_links":{"self":[{"href":"https:\/\/roveyayinevi.com.tr\/index.php\/wp-json\/wp\/v2\/product\/734839","targetHints":{"allow":["GET"]}}],"collection":[{"href":"https:\/\/roveyayinevi.com.tr\/index.php\/wp-json\/wp\/v2\/product"}],"about":[{"href":"https:\/\/roveyayinevi.com.tr\/index.php\/wp-json\/wp\/v2\/types\/product"}],"wp:attachment":[{"href":"https:\/\/roveyayinevi.com.tr\/index.php\/wp-json\/wp\/v2\/media?parent=734839"}],"wp:term":[{"taxonomy":"product_brand","embeddable":true,"href":"https:\/\/roveyayinevi.com.tr\/index.php\/wp-json\/wp\/v2\/product_brand?post=734839"},{"taxonomy":"product_cat","embeddable":true,"href":"https:\/\/roveyayinevi.com.tr\/index.php\/wp-json\/wp\/v2\/product_cat?post=734839"},{"taxonomy":"product_tag","embeddable":true,"href":"https:\/\/roveyayinevi.com.tr\/index.php\/wp-json\/wp\/v2\/product_tag?post=734839"}],"curies":[{"name":"wp","href":"https:\/\/api.w.org\/{rel}","templated":true}]}}