{"id":734838,"date":"2025-08-27T22:35:45","date_gmt":"2025-08-27T19:35:45","guid":{"rendered":"https:\/\/roveyayinevi.com.tr\/index.php\/urun\/mehmet-akif-ersoy\/"},"modified":"2026-01-20T03:12:53","modified_gmt":"2026-01-20T00:12:53","slug":"mehmet-akif-ersoy","status":"publish","type":"product","link":"https:\/\/roveyayinevi.com.tr\/index.php\/urun\/mehmet-akif-ersoy\/","title":{"rendered":"Mehmet Akif Ersoy"},"content":{"rendered":"<p>\u015eair, hayk\u0131rmakla g\u00f6revlidir. Hak bildi\u011fi yolda yapayaln\u0131z da kalsa, bu toprak i\u00e7in yorulacakt\u0131r&#8230;Akif, bu ger\u00e7e\u011fi bilen ve k\u0131yas\u0131ya yorulan bir insand\u0131r.\u015eair, do\u011fruyu ve g\u00fczeli hem duyacak hem duyuracakt\u0131r. Bildi\u011fini saklamayacakt\u0131r. Topra\u011f\u0131n\u0131n ve \u00f6z medeniyetinin insan\u0131 i\u00e7in \u00e7\u0131rp\u0131nacak ve asla y\u0131lmayacakt\u0131r.Akif, y\u0131lmak bilinmeyen bir \u2018ger\u00e7ek\u2019 adamd\u0131r.\u015eair, \u015fahs\u0131 i\u00e7in de\u011fil, ger\u00e7ek de\u011ferler i\u00e7in hissedecek ve yazacakt\u0131r. G\u00f6nl\u00fcn\u00fcn g\u0131das\u0131 sadece cesareti ve d\u00fcr\u00fcstl\u00fc\u011f\u00fc olacakt\u0131r.Akif, d\u00fcr\u00fcstl\u00fc\u011f\u00fcn ve cesaretin yolcusudur.E\u011fip b\u00fckmeden \u0130slam&#8217;\u0131 s\u00f6yleyen ve iman heyecan\u0131 ile co\u015fan mill\u00ee \u015fairimizi kendi usul\u00fc ile e\u011fip b\u00fckmeden, gevelemeden s\u00f6yleyelim:Akif, ne \u015fu idi ne de bu&#8230; Sadece M\u00fcsl\u00fcmand\u0131. \u0130slam i\u00e7in ya\u015fad\u0131, \u0130slam i\u00e7in \u00f6ld\u00fc.Bu kitapta, Mehmet Akif Ersoy&#8217;un hayat\u0131n\u0131 ve m\u00fccadelelerini ayr\u0131nt\u0131l\u0131 bir \u015fekilde okuyacaks\u0131n\u0131z.<\/p>\n","protected":false},"excerpt":{"rendered":"<p>\u015eair, hayk\u0131rmakla g\u00f6revlidir. Hak bildi\u011fi yolda yapayaln\u0131z da kalsa, bu toprak i\u00e7in yorulacakt\u0131r&#8230;Akif, bu ger\u00e7e\u011fi bilen ve k\u0131yas\u0131ya yorulan bir insand\u0131r.\u015eair, do\u011fruyu ve g\u00fczeli hem duyacak<span class=\"excerpt-hellip\"> [\u2026]<\/span><\/p>\n","protected":false},"featured_media":0,"template":"","meta":{"_monsterinsights_skip_tracking":false,"_monsterinsights_sitenote_active":false,"_monsterinsights_sitenote_note":"","_monsterinsights_sitenote_category":0},"product_brand":[],"product_cat":[14009,12291],"product_tag":[],"class_list":{"0":"post-734838","1":"product","2":"type-product","3":"status-publish","5":"product_cat-biyografi-otobiyografi-edebiyat","6":"product_cat-edebiyat","7":"pa_cilt-ciltsiz","8":"pa_tur-kitap","9":"pa_yayinevi-selen-yayinevi","10":"pa_yazar-vehbi-vakkasoglu","12":"first","13":"instock","14":"sale","15":"shipping-taxable","16":"purchasable","17":"product-type-simple"},"_links":{"self":[{"href":"https:\/\/roveyayinevi.com.tr\/index.php\/wp-json\/wp\/v2\/product\/734838","targetHints":{"allow":["GET"]}}],"collection":[{"href":"https:\/\/roveyayinevi.com.tr\/index.php\/wp-json\/wp\/v2\/product"}],"about":[{"href":"https:\/\/roveyayinevi.com.tr\/index.php\/wp-json\/wp\/v2\/types\/product"}],"wp:attachment":[{"href":"https:\/\/roveyayinevi.com.tr\/index.php\/wp-json\/wp\/v2\/media?parent=734838"}],"wp:term":[{"taxonomy":"product_brand","embeddable":true,"href":"https:\/\/roveyayinevi.com.tr\/index.php\/wp-json\/wp\/v2\/product_brand?post=734838"},{"taxonomy":"product_cat","embeddable":true,"href":"https:\/\/roveyayinevi.com.tr\/index.php\/wp-json\/wp\/v2\/product_cat?post=734838"},{"taxonomy":"product_tag","embeddable":true,"href":"https:\/\/roveyayinevi.com.tr\/index.php\/wp-json\/wp\/v2\/product_tag?post=734838"}],"curies":[{"name":"wp","href":"https:\/\/api.w.org\/{rel}","templated":true}]}}