{"id":734835,"date":"2025-08-27T22:35:42","date_gmt":"2025-08-27T19:35:42","guid":{"rendered":"https:\/\/roveyayinevi.com.tr\/index.php\/urun\/diplomasi-tarihi-2-arap-israil-savasi-1967\/"},"modified":"2026-04-16T02:42:51","modified_gmt":"2026-04-15T23:42:51","slug":"diplomasi-tarihi-2-arap-israil-savasi-1967","status":"publish","type":"product","link":"https:\/\/roveyayinevi.com.tr\/index.php\/urun\/diplomasi-tarihi-2-arap-israil-savasi-1967\/","title":{"rendered":"Diplomasi Tarihi 2 &#8211; Arap \u0130srail Sava\u015f\u0131 1967"},"content":{"rendered":"<p>Diplomaside \u00f6ncelikle, ulusal \u00e7\u0131karlara etki eden, tehdit olu\u015fturan ya da zarar veren durumla ilgili olarak, sa\u011fl\u0131kl\u0131 bilgilerin toplanmas\u0131, hedeflerin ve \u00f6ncelik s\u0131ras\u0131n\u0131n belirlenmesi, ulusal ve uluslararas\u0131 konjonkt\u00fcr\u00fcn de\u011ferlendirilmesi, izlenecek politika\/stratejiyle ilgili t\u00fcm se\u00e7eneklerin tespit edilerek incelenmesi hayati bir \u00f6nem ta\u015f\u0131maktad\u0131r. Bu ba\u011flamda g\u00fcc\u00fcn, kapasitenin ve taktik becerilerin, stratejilerin do\u011fru tahlil edilmesi gerekmektedir.   Dahas\u0131 bu s\u00fcre\u00e7, bir\u00e7ok fakt\u00f6r taraf\u0131ndan \u015fekillendirilmektedir. \u0130mgeler ve inan\u00e7 sistemleri, duygular, analojiler, liderlerin ki\u015fili\u011fi, liderlik tarz\u0131, hesap hatalar\u0131 ve yanl\u0131\u015f alg\u0131lamalar gibi kararlar\u0131 \u015fekillendiren bir dizi psikolojik; kararlar\u0131n nispeten k\u0131sa bir zaman diliminde, stres ve belirsizlik alt\u0131nda al\u0131nmas\u0131 gibi \u00e7evresel; cayd\u0131r\u0131c\u0131l\u0131k, silahlanma yar\u0131\u015f\u0131, hasm\u0131n rejim tipi, stratejik s\u00fcrpriz, ekonomik ko\u015fullar, kamuoyu ve se\u00e7im d\u00f6ng\u00fcleri gibi uluslararas\u0131 ve yerel fakt\u00f6rlerin tamam\u0131 karar s\u00fcre\u00e7lerini etkilemektedir.   Bir yanda Arap d\u00fcnyas\u0131n\u0131n liderli\u011fine soyunan M\u0131s\u0131r\u2019\u0131n sempatik ve karizmatik lideri Cemal Abd\u00fcnn\u00e2s\u0131r ve iktidarlar\u0131n\u0131 korumaya \u00e7al\u0131\u015fan Arap liderler, di\u011fer yanda tarihsel ve teolojik ihtiraslarla dolu \u0130srailliler\u2026 \u0130srail i\u00e7in \u201cAlt\u0131 G\u00fcn Sava\u015f\u0131\u201d, Araplar i\u00e7inse \u201cFelaket\u201d\u2026   1967 Arap-\u0130srail Sava\u015f\u0131, modern Ortado\u011fu tarihinde tam anlam\u0131yla bir d\u00f6n\u00fcm noktas\u0131d\u0131r. Ad\u0131m ad\u0131m t\u0131rmanan krizde g\u00fcc\u00fcn\u00fc ve kapasitesini do\u011fru tahlil edemeyip zafer kazanma tutkusuyla kendinden emin bir \u015fekilde \u00fclkesini maceraya s\u00fcr\u00fckleyen N\u00e2s\u0131r\u2019\u0131n diplomatik hamleleri ile Ortado\u011fu\u2019da etkileri ve m\u00fccadeleleri g\u00fcn\u00fcm\u00fczde de devam eden ABD ile Sovyet Rusya aras\u0131ndaki n\u00fcfuz sava\u015f\u0131 diplomasi tarihinde adeta bir ders niteli\u011findedir.<\/p>\n","protected":false},"excerpt":{"rendered":"<p>Diplomaside \u00f6ncelikle, ulusal \u00e7\u0131karlara etki eden, tehdit olu\u015fturan ya da zarar veren durumla ilgili olarak, sa\u011fl\u0131kl\u0131 bilgilerin toplanmas\u0131, hedeflerin ve \u00f6ncelik s\u0131ras\u0131n\u0131n belirlenmesi, ulusal ve uluslararas\u0131<span class=\"excerpt-hellip\"> [\u2026]<\/span><\/p>\n","protected":false},"featured_media":0,"template":"","meta":{"_monsterinsights_skip_tracking":false,"_monsterinsights_sitenote_active":false,"_monsterinsights_sitenote_note":"","_monsterinsights_sitenote_category":0},"product_brand":[],"product_cat":[12337,14706],"product_tag":[],"class_list":{"0":"post-734835","1":"product","2":"type-product","3":"status-publish","5":"product_cat-politika-siyaset","6":"product_cat-siyaset-bilimi","7":"pa_cilt-ciltsiz","8":"pa_tur-kitap","9":"pa_yayinevi-dogu-bati-yayinlari","10":"pa_yazar-ferhat-balekoglu","12":"first","13":"instock","14":"sale","15":"shipping-taxable","16":"purchasable","17":"product-type-simple"},"_links":{"self":[{"href":"https:\/\/roveyayinevi.com.tr\/index.php\/wp-json\/wp\/v2\/product\/734835","targetHints":{"allow":["GET"]}}],"collection":[{"href":"https:\/\/roveyayinevi.com.tr\/index.php\/wp-json\/wp\/v2\/product"}],"about":[{"href":"https:\/\/roveyayinevi.com.tr\/index.php\/wp-json\/wp\/v2\/types\/product"}],"wp:attachment":[{"href":"https:\/\/roveyayinevi.com.tr\/index.php\/wp-json\/wp\/v2\/media?parent=734835"}],"wp:term":[{"taxonomy":"product_brand","embeddable":true,"href":"https:\/\/roveyayinevi.com.tr\/index.php\/wp-json\/wp\/v2\/product_brand?post=734835"},{"taxonomy":"product_cat","embeddable":true,"href":"https:\/\/roveyayinevi.com.tr\/index.php\/wp-json\/wp\/v2\/product_cat?post=734835"},{"taxonomy":"product_tag","embeddable":true,"href":"https:\/\/roveyayinevi.com.tr\/index.php\/wp-json\/wp\/v2\/product_tag?post=734835"}],"curies":[{"name":"wp","href":"https:\/\/api.w.org\/{rel}","templated":true}]}}