{"id":734834,"date":"2025-08-27T22:35:41","date_gmt":"2025-08-27T19:35:41","guid":{"rendered":"https:\/\/roveyayinevi.com.tr\/index.php\/urun\/diplomasi-tarihi-1-kuba-fuze-krizi-1962\/"},"modified":"2026-04-16T02:42:51","modified_gmt":"2026-04-15T23:42:51","slug":"diplomasi-tarihi-1-kuba-fuze-krizi-1962","status":"publish","type":"product","link":"https:\/\/roveyayinevi.com.tr\/index.php\/urun\/diplomasi-tarihi-1-kuba-fuze-krizi-1962\/","title":{"rendered":"Diplomasi Tarihi &#8211; 1 K\u00fcba F\u00fcze Krizi 1962"},"content":{"rendered":"<p>A\u00e7\u0131klanm\u0131\u015f ve eri\u015fime a\u00e7\u0131lm\u0131\u015f gizli yaz\u0131\u015fmalara, belgelere, istihbarat raporlar\u0131na ve bilgi notlar\u0131na dayanarak haz\u0131rlanan 20. Y\u00fczy\u0131l Diplomasi Tarihi dizisiyle diplomasi tarihinin ilk elden okumalar\u0131na farkl\u0131 bir boyut getirerek \u00f6nemli bir referans kayna\u011f\u0131 sunmak ama\u00e7lanm\u0131\u015ft\u0131r.   D\u0131\u015f politika kararlar\u0131n\u0131n, bir yandan tarihi \u015fekillendirirken, di\u011fer yandan tarih\u00ee deneyimlerden de etkilenmesi s\u0131kl\u0131kla kar\u015f\u0131la\u015f\u0131lan bir durumdur. B\u00f6ylesi krizlerde ve karar anlar\u0131nda ge\u00e7mi\u015f tecr\u00fcbelere, olaylara yeniden d\u00f6n\u00fcl\u00fcp bak\u0131lmas\u0131, ona g\u00f6re stratejiler ve taktikler geli\u015ftirilmesi ihtiyac\u0131 daima hissedilmi\u015ftir. Kar\u015f\u0131l\u0131kl\u0131 niyet okumalar\u0131, propagandalar, tehditler, \u00f6rt\u00fcl\u00fc ya da a\u00e7\u0131k ekonomik ya da asker\u00ee g\u00fc\u00e7 kullan\u0131mlar\u0131, a\u00e7\u0131k ve gizli m\u00fczakereler, hepsi diplomasinin \u00e7e\u015fitli unsurlar\u0131d\u0131r. \u00d6te yandan d\u00fcnya siyasetinin seyri liderlerin kararlar\u0131yla \u015fekillenmektedir ve liderlerin ki\u015filikleri, ideolojileri, liderlik tarz\u0131 gibi karar alma s\u00fcre\u00e7lerini do\u011frudan etkileyen unsurlara at\u0131fta bulunmadan d\u0131\u015f politika tercihlerinin, krizlerin veya sava\u015flar\u0131n anla\u015f\u0131lmas\u0131 m\u00fcmk\u00fcn de\u011fildir.   K\u00fcba F\u00fcze Krizi d\u00fcnya diplomasi tarihinde kriz y\u00f6netimi anlam\u0131nda her a\u015famas\u0131 ders niteli\u011finde bir\u00e7ok unsur bar\u0131nd\u0131ran So\u011fuk Sava\u015f d\u00f6neminde ortaya \u00e7\u0131kan en b\u00fcy\u00fck ve en tehlikeli krizdir. \u0130ki s\u00fcper g\u00fcc\u00fc n\u00fckleer sava\u015f\u0131n e\u015fi\u011fine getiren bu krizde liderler seviyesinde ileti\u015fim-m\u00fczakere kanallar\u0131 a\u00e7\u0131k tutulmu\u015f, burada edinilen tecr\u00fcbe sonraki krizlerde ve diplomatik m\u00fczakerelerde \u00f6nemli \u00f6l\u00e7\u00fcde belirleyici ve etkili olmu\u015ftur. Sonucu itibar\u0131yla T\u00fcrkiye\u2019yi yak\u0131ndan ilgilendiren bu kriz ayn\u0131 zamanda d\u00fcnya \u00e7ap\u0131nda topyek\u00fbn bir n\u00fckleer hesapla\u015fmaya dair tek vaka incelemesi olmaya devam etmektedir. <\/p>\n","protected":false},"excerpt":{"rendered":"<p>A\u00e7\u0131klanm\u0131\u015f ve eri\u015fime a\u00e7\u0131lm\u0131\u015f gizli yaz\u0131\u015fmalara, belgelere, istihbarat raporlar\u0131na ve bilgi notlar\u0131na dayanarak haz\u0131rlanan 20. Y\u00fczy\u0131l Diplomasi Tarihi dizisiyle diplomasi tarihinin ilk elden okumalar\u0131na farkl\u0131 bir<span class=\"excerpt-hellip\"> [\u2026]<\/span><\/p>\n","protected":false},"featured_media":0,"template":"","meta":{"_monsterinsights_skip_tracking":false,"_monsterinsights_sitenote_active":false,"_monsterinsights_sitenote_note":"","_monsterinsights_sitenote_category":0},"product_brand":[],"product_cat":[12337,14706],"product_tag":[],"class_list":{"0":"post-734834","1":"product","2":"type-product","3":"status-publish","5":"product_cat-politika-siyaset","6":"product_cat-siyaset-bilimi","7":"pa_cilt-ciltsiz","8":"pa_tur-kitap","9":"pa_yayinevi-dogu-bati-yayinlari","10":"pa_yazar-ferhat-balekoglu","12":"first","13":"instock","14":"sale","15":"shipping-taxable","16":"purchasable","17":"product-type-simple"},"_links":{"self":[{"href":"https:\/\/roveyayinevi.com.tr\/index.php\/wp-json\/wp\/v2\/product\/734834","targetHints":{"allow":["GET"]}}],"collection":[{"href":"https:\/\/roveyayinevi.com.tr\/index.php\/wp-json\/wp\/v2\/product"}],"about":[{"href":"https:\/\/roveyayinevi.com.tr\/index.php\/wp-json\/wp\/v2\/types\/product"}],"wp:attachment":[{"href":"https:\/\/roveyayinevi.com.tr\/index.php\/wp-json\/wp\/v2\/media?parent=734834"}],"wp:term":[{"taxonomy":"product_brand","embeddable":true,"href":"https:\/\/roveyayinevi.com.tr\/index.php\/wp-json\/wp\/v2\/product_brand?post=734834"},{"taxonomy":"product_cat","embeddable":true,"href":"https:\/\/roveyayinevi.com.tr\/index.php\/wp-json\/wp\/v2\/product_cat?post=734834"},{"taxonomy":"product_tag","embeddable":true,"href":"https:\/\/roveyayinevi.com.tr\/index.php\/wp-json\/wp\/v2\/product_tag?post=734834"}],"curies":[{"name":"wp","href":"https:\/\/api.w.org\/{rel}","templated":true}]}}