{"id":734830,"date":"2025-08-27T22:35:36","date_gmt":"2025-08-27T19:35:36","guid":{"rendered":"https:\/\/roveyayinevi.com.tr\/index.php\/urun\/proje-x-veni\/"},"modified":"2026-04-16T02:42:51","modified_gmt":"2026-04-15T23:42:51","slug":"proje-x-veni","status":"publish","type":"product","link":"https:\/\/roveyayinevi.com.tr\/index.php\/urun\/proje-x-veni\/","title":{"rendered":"Proje X &#8211; Veni"},"content":{"rendered":"<p>GE\u00c7M\u0130\u015e\u0130 DE\u011e\u0130\u015eT\u0130RME \u015eANSIN OLSA, NELER\u0130 DE\u011e\u0130\u015eT\u0130R\u0130RD\u0130N?   \u201cYumruklar\u0131m\u0131z havada kalmayacakt\u0131. Ama bir yere sert\u00e7e indirmenin bize bir faydas\u0131 da yoktu. B\u00fct\u00fcn bu olanlara havaya kald\u0131r\u0131p kimseye vurmad\u0131\u011f\u0131m\u0131z yumruklar\u0131m\u0131zla son verecektik.\u201d   2112 y\u0131l\u0131nda insanlar ikiye ayr\u0131lm\u0131\u015f ve sudan bula\u015fan bir salg\u0131nla u\u011fra\u015fmaktad\u0131rlar. Colony \u015firketinin \u00f6nderli\u011finde y\u00f6netilen yeni d\u00fcnya d\u00fczeni, gizli bir kararg\u00e2htaki be\u015f ki\u015fi taraf\u0131ndan de\u011fi\u015ftirilmek istenmektedir. Salg\u0131nda t\u00fcm sevdiklerini kaybeden Aron, ba\u015f\u0131na geleceklere ald\u0131rmadan ge\u00e7mi\u015fe giderek, bu d\u00fczeni de\u011fi\u015ftirmeye kararl\u0131d\u0131r. Aron ve arkada\u015flar\u0131 yapt\u0131klar\u0131 kader program\u0131 sayesinde ge\u00e7mi\u015fe d\u00f6nerek,  gelece\u011fin kurtar\u0131c\u0131s\u0131 olarak g\u00f6rd\u00fckleri Eva\u2019ya ula\u015f\u0131rlar. Gelecekten geldi\u011fini s\u00f6yleyen d\u00f6rt arkada\u015f kar\u015f\u0131s\u0131nda Eva, esir tutuldu\u011fu odadan ka\u00e7mak i\u00e7in onlar\u0131 bir f\u0131rsat olarak g\u00f6recektir. Sorunu \u00e7\u00f6zmek i\u00e7in daha uzak bir ge\u00e7mi\u015fe gitmeleri gerekti\u011fini \u00f6\u011frendiklerinde, i\u015flerin daha da kar\u0131\u015faca\u011f\u0131ndan hi\u00e7birinin haberi yoktur. Olaylar ilerledik\u00e7e yeni bir tak\u0131m olmu\u015f, kendilerini bir direni\u015fin ortas\u0131nda bulmu\u015flard\u0131r. Ve kendileri as\u0131l direni\u015fin kurucular\u0131d\u0131r.   Onlarla birlikte d\u00fczeni de\u011fi\u015ftirmeye haz\u0131r m\u0131s\u0131n? Biz haz\u0131r\u0131z.<\/p>\n","protected":false},"excerpt":{"rendered":"<p>GE\u00c7M\u0130\u015e\u0130 DE\u011e\u0130\u015eT\u0130RME \u015eANSIN OLSA, NELER\u0130 DE\u011e\u0130\u015eT\u0130R\u0130RD\u0130N? \u201cYumruklar\u0131m\u0131z havada kalmayacakt\u0131. Ama bir yere sert\u00e7e indirmenin bize bir faydas\u0131 da yoktu. B\u00fct\u00fcn bu olanlara havaya kald\u0131r\u0131p kimseye vurmad\u0131\u011f\u0131m\u0131z<span class=\"excerpt-hellip\"> [\u2026]<\/span><\/p>\n","protected":false},"featured_media":0,"template":"","meta":{"_monsterinsights_skip_tracking":false,"_monsterinsights_sitenote_active":false,"_monsterinsights_sitenote_note":"","_monsterinsights_sitenote_category":0},"product_brand":[],"product_cat":[12540,12291],"product_tag":[],"class_list":{"0":"post-734830","1":"product","2":"type-product","3":"status-publish","5":"product_cat-bilim-kurgu","6":"product_cat-edebiyat","7":"pa_cilt-ciltsiz","8":"pa_tur-kitap","9":"pa_yayinevi-dokuz-yayinlari","10":"pa_yazar-mehmet-arslan","12":"first","13":"instock","14":"sale","15":"shipping-taxable","16":"purchasable","17":"product-type-simple"},"_links":{"self":[{"href":"https:\/\/roveyayinevi.com.tr\/index.php\/wp-json\/wp\/v2\/product\/734830","targetHints":{"allow":["GET"]}}],"collection":[{"href":"https:\/\/roveyayinevi.com.tr\/index.php\/wp-json\/wp\/v2\/product"}],"about":[{"href":"https:\/\/roveyayinevi.com.tr\/index.php\/wp-json\/wp\/v2\/types\/product"}],"wp:attachment":[{"href":"https:\/\/roveyayinevi.com.tr\/index.php\/wp-json\/wp\/v2\/media?parent=734830"}],"wp:term":[{"taxonomy":"product_brand","embeddable":true,"href":"https:\/\/roveyayinevi.com.tr\/index.php\/wp-json\/wp\/v2\/product_brand?post=734830"},{"taxonomy":"product_cat","embeddable":true,"href":"https:\/\/roveyayinevi.com.tr\/index.php\/wp-json\/wp\/v2\/product_cat?post=734830"},{"taxonomy":"product_tag","embeddable":true,"href":"https:\/\/roveyayinevi.com.tr\/index.php\/wp-json\/wp\/v2\/product_tag?post=734830"}],"curies":[{"name":"wp","href":"https:\/\/api.w.org\/{rel}","templated":true}]}}