{"id":734828,"date":"2025-08-27T22:35:26","date_gmt":"2025-08-27T19:35:26","guid":{"rendered":"https:\/\/roveyayinevi.com.tr\/index.php\/urun\/feveran-veda\/"},"modified":"2026-04-16T02:42:51","modified_gmt":"2026-04-15T23:42:51","slug":"feveran-veda","status":"publish","type":"product","link":"https:\/\/roveyayinevi.com.tr\/index.php\/urun\/feveran-veda\/","title":{"rendered":"Feveran &#8211; Veda"},"content":{"rendered":"<p>G\u00f6z\u00fcnden akan tek bir damla ya\u015fa k\u0131yamad\u0131\u011f\u0131m kad\u0131n bana ihanet etti&#8230;&#8221;   Ya\u015fanan t\u00fcm ac\u0131lar ve mutluluklar tek kalemde silinebilir miydi?  Yi\u011fit Arslano\u011flu, ac\u0131 \u00e7ekiyordu\u2026 Asya ise bir girdab\u0131n i\u00e7inde savruluyordu. Bir yanda sevdi\u011fi adam  bir yanda karde\u015f bildi\u011fi kad\u0131n vard\u0131. Birbirine g\u00f6n\u00fclden ba\u011fl\u0131 iki insan\u0131n a\u015fk\u0131 u\u011fruna sava\u015fm\u0131\u015ft\u0131. Ancak Yi\u011fit, bu sava\u015fta kar\u015f\u0131s\u0131ndayd\u0131. Yi\u011fit ve Asya aras\u0131ndaki ko\u015fulsuz a\u015fk bu yalan\u0131 unutturabilir miydi?   Asya Arslano\u011flu\u2026 Masum, g\u00fczel ve bir o kadar da tutkulu bir kad\u0131n\u2026 Yi\u011fit Arslano\u011flu gururuna ve o derin feveran\u0131na ra\u011fmen bu k\u00fc\u00e7\u00fck kad\u0131n\u0131n a\u015fk\u0131na bir kez daha yenilecek miydi?<\/p>\n","protected":false},"excerpt":{"rendered":"<p>G\u00f6z\u00fcnden akan tek bir damla ya\u015fa k\u0131yamad\u0131\u011f\u0131m kad\u0131n bana ihanet etti&#8230;&#8221; Ya\u015fanan t\u00fcm ac\u0131lar ve mutluluklar tek kalemde silinebilir miydi? Yi\u011fit Arslano\u011flu, ac\u0131 \u00e7ekiyordu\u2026 Asya ise<span class=\"excerpt-hellip\"> [\u2026]<\/span><\/p>\n","protected":false},"featured_media":0,"template":"","meta":{"_monsterinsights_skip_tracking":false,"_monsterinsights_sitenote_active":false,"_monsterinsights_sitenote_note":"","_monsterinsights_sitenote_category":0},"product_brand":[],"product_cat":[12291,12711],"product_tag":[],"class_list":{"0":"post-734828","1":"product","2":"type-product","3":"status-publish","5":"product_cat-edebiyat","6":"product_cat-roman-oyku","7":"pa_cilt-ciltsiz","8":"pa_tur-kitap","9":"pa_yayinevi-dokuz-yayinlari","10":"pa_yazar-rumeysa-gulhan","12":"first","13":"instock","14":"sale","15":"shipping-taxable","16":"purchasable","17":"product-type-simple"},"_links":{"self":[{"href":"https:\/\/roveyayinevi.com.tr\/index.php\/wp-json\/wp\/v2\/product\/734828","targetHints":{"allow":["GET"]}}],"collection":[{"href":"https:\/\/roveyayinevi.com.tr\/index.php\/wp-json\/wp\/v2\/product"}],"about":[{"href":"https:\/\/roveyayinevi.com.tr\/index.php\/wp-json\/wp\/v2\/types\/product"}],"wp:attachment":[{"href":"https:\/\/roveyayinevi.com.tr\/index.php\/wp-json\/wp\/v2\/media?parent=734828"}],"wp:term":[{"taxonomy":"product_brand","embeddable":true,"href":"https:\/\/roveyayinevi.com.tr\/index.php\/wp-json\/wp\/v2\/product_brand?post=734828"},{"taxonomy":"product_cat","embeddable":true,"href":"https:\/\/roveyayinevi.com.tr\/index.php\/wp-json\/wp\/v2\/product_cat?post=734828"},{"taxonomy":"product_tag","embeddable":true,"href":"https:\/\/roveyayinevi.com.tr\/index.php\/wp-json\/wp\/v2\/product_tag?post=734828"}],"curies":[{"name":"wp","href":"https:\/\/api.w.org\/{rel}","templated":true}]}}