{"id":734825,"date":"2025-08-27T22:35:23","date_gmt":"2025-08-27T19:35:23","guid":{"rendered":"https:\/\/roveyayinevi.com.tr\/index.php\/urun\/yildiz-duser-geceye\/"},"modified":"2026-04-16T02:42:51","modified_gmt":"2026-04-15T23:42:51","slug":"yildiz-duser-geceye","status":"publish","type":"product","link":"https:\/\/roveyayinevi.com.tr\/index.php\/urun\/yildiz-duser-geceye\/","title":{"rendered":"Y\u0131ld\u0131z D\u00fc\u015fer Geceye"},"content":{"rendered":"<p>K\u00dcSME HAYATA   \u00d6yle dertli, h\u00fcz\u00fcnl\u00fc bakma y\u00fcz\u00fcme, A\u011f\u0131r kah\u0131rlar y\u00fckleme y\u00fcre\u011fine. Sisler da\u011f\u0131l\u0131r, g\u00fcne\u015f yeniden do\u011far, Bamba\u015fka bir hayat serilir \u00f6n\u00fcne. \u00c7atma ka\u015flar\u0131n\u0131, d\u00f6kme g\u00f6zya\u015flar\u0131n\u0131, G\u00fczel gamzelerin \u00fcz\u00fclmesin, Y\u0131kma kendini, devrilmi\u015f \u00e7\u0131nar gibi. Yeni g\u00fcn ba\u015flar, unutulur dertler, Her yan\u0131n\u0131 sarar reng\u00e2renk d\u00fcnya. Bilirsin; Dertler, hastal\u0131klar insan i\u00e7in Yokluk, yoksulluk, \u00f6l\u00fcm, Sevin\u00e7, mutluluk, tasa, Her \u015fey insan i\u00e7in. \u00d6yle kolayca y\u0131k\u0131l\u0131p gitmek yok! \u0130nad\u0131na direnmek sonuna kadar. Kimse \u00f6l\u00fcm\u00fc beklemek i\u00e7in do\u011fmaz, Biraz da olsa hakk\u0131d\u0131r, G\u00f6n\u00fcl tad\u0131nda ya\u015famak. <\/p>\n","protected":false},"excerpt":{"rendered":"<p>K\u00dcSME HAYATA \u00d6yle dertli, h\u00fcz\u00fcnl\u00fc bakma y\u00fcz\u00fcme, A\u011f\u0131r kah\u0131rlar y\u00fckleme y\u00fcre\u011fine. Sisler da\u011f\u0131l\u0131r, g\u00fcne\u015f yeniden do\u011far, Bamba\u015fka bir hayat serilir \u00f6n\u00fcne. \u00c7atma ka\u015flar\u0131n\u0131, d\u00f6kme g\u00f6zya\u015flar\u0131n\u0131, G\u00fczel<span class=\"excerpt-hellip\"> [\u2026]<\/span><\/p>\n","protected":false},"featured_media":0,"template":"","meta":{"_monsterinsights_skip_tracking":false,"_monsterinsights_sitenote_active":false,"_monsterinsights_sitenote_note":"","_monsterinsights_sitenote_category":0},"product_brand":[],"product_cat":[12291,12509],"product_tag":[],"class_list":{"0":"post-734825","1":"product","2":"type-product","3":"status-publish","5":"product_cat-edebiyat","6":"product_cat-siir","7":"pa_cilt-ciltsiz","8":"pa_tur-kitap","9":"pa_yayinevi-favori-yayinlari","10":"pa_yazar-cetin-yilmaz","12":"first","13":"instock","14":"sale","15":"shipping-taxable","16":"purchasable","17":"product-type-simple"},"_links":{"self":[{"href":"https:\/\/roveyayinevi.com.tr\/index.php\/wp-json\/wp\/v2\/product\/734825","targetHints":{"allow":["GET"]}}],"collection":[{"href":"https:\/\/roveyayinevi.com.tr\/index.php\/wp-json\/wp\/v2\/product"}],"about":[{"href":"https:\/\/roveyayinevi.com.tr\/index.php\/wp-json\/wp\/v2\/types\/product"}],"wp:attachment":[{"href":"https:\/\/roveyayinevi.com.tr\/index.php\/wp-json\/wp\/v2\/media?parent=734825"}],"wp:term":[{"taxonomy":"product_brand","embeddable":true,"href":"https:\/\/roveyayinevi.com.tr\/index.php\/wp-json\/wp\/v2\/product_brand?post=734825"},{"taxonomy":"product_cat","embeddable":true,"href":"https:\/\/roveyayinevi.com.tr\/index.php\/wp-json\/wp\/v2\/product_cat?post=734825"},{"taxonomy":"product_tag","embeddable":true,"href":"https:\/\/roveyayinevi.com.tr\/index.php\/wp-json\/wp\/v2\/product_tag?post=734825"}],"curies":[{"name":"wp","href":"https:\/\/api.w.org\/{rel}","templated":true}]}}