{"id":734822,"date":"2025-08-27T22:35:19","date_gmt":"2025-08-27T19:35:19","guid":{"rendered":"https:\/\/roveyayinevi.com.tr\/index.php\/urun\/elvide\/"},"modified":"2026-04-16T02:42:51","modified_gmt":"2026-04-15T23:42:51","slug":"elvide","status":"publish","type":"product","link":"https:\/\/roveyayinevi.com.tr\/index.php\/urun\/elvide\/","title":{"rendered":"Elvide"},"content":{"rendered":"<p>Co\u011frafyas\u0131 ne kadar \u00e7etinse, insanlar\u0131 da o kadar \u00e7etindir Karadeniz\u2019in.   Elinizde tuttu\u011funuz kitab\u0131n ilk \u00f6yk\u00fcs\u00fcnde, y\u00f6rede ya\u015fayan herkesin tan\u0131d\u0131\u011f\u0131; ama kiminin meczup, kiminin de evliya olarak de\u011ferlendirdi\u011fi Elvide ve Kurtulu\u015f Sava\u015f\u0131\u2019n\u0131n isimsiz kahramanlar\u0131ndan annesi ve \u015eerife Bac\u0131 ile \u0130nebolu\u2019nun denk kay\u0131k\u00e7\u0131lar\u0131n\u0131n bo\u011faz\u0131n\u0131z\u0131 d\u00fc\u011f\u00fcmleyecek hazin hik\u00e2yeleri;   \u0130kinci \u00f6yk\u00fcde, Kurtulu\u015f Sava\u015f\u0131 d\u00f6neminde Anadolu direni\u015fine silah ve cephane ta\u015f\u0131yan Karadeniz\u2019in kahraman denizcilerinden Ate\u015f Kaptan\u2019\u0131n \u015fehadet destan\u0131;   \u00dc\u00e7\u00fcnc\u00fc \u00f6yk\u00fcde, ge\u00e7ti\u011fimiz g\u00fcnlerde Karadeniz\u2019de ya\u015fanan b\u00fcy\u00fck sel felaketinde hayatta kalabilme m\u00fccadelesi veren \u2018\u2018Y\u0131k\u0131lmaz Apartman\u0131\u2019\u2019 sakinlerinin g\u00f6zlerinizi ya\u015fartacak \u00e7aresizlikleri;   Son \u00f6yk\u00fcde de y\u00f6rede ya\u015fam\u0131\u015f bir kad\u0131n\u0131n ibretlik dram\u0131; son derece sade ve ak\u0131c\u0131 bir dille anlat\u0131l\u0131yor\u2026 <\/p>\n","protected":false},"excerpt":{"rendered":"<p>Co\u011frafyas\u0131 ne kadar \u00e7etinse, insanlar\u0131 da o kadar \u00e7etindir Karadeniz\u2019in. Elinizde tuttu\u011funuz kitab\u0131n ilk \u00f6yk\u00fcs\u00fcnde, y\u00f6rede ya\u015fayan herkesin tan\u0131d\u0131\u011f\u0131; ama kiminin meczup, kiminin de evliya olarak<span class=\"excerpt-hellip\"> [\u2026]<\/span><\/p>\n","protected":false},"featured_media":0,"template":"","meta":{"_monsterinsights_skip_tracking":false,"_monsterinsights_sitenote_active":false,"_monsterinsights_sitenote_note":"","_monsterinsights_sitenote_category":0},"product_brand":[],"product_cat":[12291,12711],"product_tag":[],"class_list":{"0":"post-734822","1":"product","2":"type-product","3":"status-publish","5":"product_cat-edebiyat","6":"product_cat-roman-oyku","7":"pa_cilt-ciltsiz","8":"pa_tur-kitap","9":"pa_yayinevi-favori-yayinlari","10":"pa_yazar-nevzat-sinan","12":"first","13":"instock","14":"sale","15":"shipping-taxable","16":"purchasable","17":"product-type-simple"},"_links":{"self":[{"href":"https:\/\/roveyayinevi.com.tr\/index.php\/wp-json\/wp\/v2\/product\/734822","targetHints":{"allow":["GET"]}}],"collection":[{"href":"https:\/\/roveyayinevi.com.tr\/index.php\/wp-json\/wp\/v2\/product"}],"about":[{"href":"https:\/\/roveyayinevi.com.tr\/index.php\/wp-json\/wp\/v2\/types\/product"}],"wp:attachment":[{"href":"https:\/\/roveyayinevi.com.tr\/index.php\/wp-json\/wp\/v2\/media?parent=734822"}],"wp:term":[{"taxonomy":"product_brand","embeddable":true,"href":"https:\/\/roveyayinevi.com.tr\/index.php\/wp-json\/wp\/v2\/product_brand?post=734822"},{"taxonomy":"product_cat","embeddable":true,"href":"https:\/\/roveyayinevi.com.tr\/index.php\/wp-json\/wp\/v2\/product_cat?post=734822"},{"taxonomy":"product_tag","embeddable":true,"href":"https:\/\/roveyayinevi.com.tr\/index.php\/wp-json\/wp\/v2\/product_tag?post=734822"}],"curies":[{"name":"wp","href":"https:\/\/api.w.org\/{rel}","templated":true}]}}