{"id":734821,"date":"2025-08-27T22:35:18","date_gmt":"2025-08-27T19:35:18","guid":{"rendered":"https:\/\/roveyayinevi.com.tr\/index.php\/urun\/tuketimin-oteki-yuzu\/"},"modified":"2026-04-16T02:42:51","modified_gmt":"2026-04-15T23:42:51","slug":"tuketimin-oteki-yuzu","status":"publish","type":"product","link":"https:\/\/roveyayinevi.com.tr\/index.php\/urun\/tuketimin-oteki-yuzu\/","title":{"rendered":"T\u00fcketimin \u00d6teki Y\u00fcz\u00fc"},"content":{"rendered":"<p>1.      DE\u011e\u0130\u015eEN T\u00dcKET\u0130M DAVRANI\u015eI 2.      MATERYAL\u0130ST T\u00dcKET\u0130M 3.      G\u00d6STER\u0130\u015e\u00c7\u0130 T\u00dcKET\u0130M 4.      SEMBOL\u0130K T\u00dcKET\u0130M 5.      HEDON\u0130K T\u00dcKET\u0130M 6.      TAKINTILI T\u00dcKET\u0130M 7.      ANLIK SATIN ALMA 8.      D\u0130DEROT ETK\u0130S\u0130 9.      SNOB ETK\u0130S\u0130 10.  BANDWAGON ETK\u0130S\u0130 <\/p>\n","protected":false},"excerpt":{"rendered":"<p>1. DE\u011e\u0130\u015eEN T\u00dcKET\u0130M DAVRANI\u015eI 2. MATERYAL\u0130ST T\u00dcKET\u0130M 3. G\u00d6STER\u0130\u015e\u00c7\u0130 T\u00dcKET\u0130M 4. SEMBOL\u0130K T\u00dcKET\u0130M 5. HEDON\u0130K T\u00dcKET\u0130M 6. TAKINTILI T\u00dcKET\u0130M 7. ANLIK SATIN ALMA 8. D\u0130DEROT ETK\u0130S\u0130<span class=\"excerpt-hellip\"> [\u2026]<\/span><\/p>\n","protected":false},"featured_media":0,"template":"","meta":{"_monsterinsights_skip_tracking":false,"_monsterinsights_sitenote_active":false,"_monsterinsights_sitenote_note":"","_monsterinsights_sitenote_category":0},"product_brand":[],"product_cat":[13043,17492],"product_tag":[],"class_list":{"0":"post-734821","1":"product","2":"type-product","3":"status-publish","5":"product_cat-ekonomi","6":"product_cat-pazarlama-satis-reklam","7":"pa_cilt-ciltsiz","8":"pa_tur-kitap","9":"pa_yayinevi-gazi-kitabevi","10":"pa_yazar-sezen-bozyigit","12":"first","13":"instock","14":"sale","15":"shipping-taxable","16":"purchasable","17":"product-type-simple"},"_links":{"self":[{"href":"https:\/\/roveyayinevi.com.tr\/index.php\/wp-json\/wp\/v2\/product\/734821","targetHints":{"allow":["GET"]}}],"collection":[{"href":"https:\/\/roveyayinevi.com.tr\/index.php\/wp-json\/wp\/v2\/product"}],"about":[{"href":"https:\/\/roveyayinevi.com.tr\/index.php\/wp-json\/wp\/v2\/types\/product"}],"wp:attachment":[{"href":"https:\/\/roveyayinevi.com.tr\/index.php\/wp-json\/wp\/v2\/media?parent=734821"}],"wp:term":[{"taxonomy":"product_brand","embeddable":true,"href":"https:\/\/roveyayinevi.com.tr\/index.php\/wp-json\/wp\/v2\/product_brand?post=734821"},{"taxonomy":"product_cat","embeddable":true,"href":"https:\/\/roveyayinevi.com.tr\/index.php\/wp-json\/wp\/v2\/product_cat?post=734821"},{"taxonomy":"product_tag","embeddable":true,"href":"https:\/\/roveyayinevi.com.tr\/index.php\/wp-json\/wp\/v2\/product_tag?post=734821"}],"curies":[{"name":"wp","href":"https:\/\/api.w.org\/{rel}","templated":true}]}}