{"id":734820,"date":"2025-08-27T22:35:17","date_gmt":"2025-08-27T19:35:17","guid":{"rendered":"https:\/\/roveyayinevi.com.tr\/index.php\/urun\/kozmetik-kimyasi-ve-analizi\/"},"modified":"2026-04-16T02:42:51","modified_gmt":"2026-04-15T23:42:51","slug":"kozmetik-kimyasi-ve-analizi","status":"publish","type":"product","link":"https:\/\/roveyayinevi.com.tr\/index.php\/urun\/kozmetik-kimyasi-ve-analizi\/","title":{"rendered":"Kozmetik Kimyas\u0131 ve Analizi"},"content":{"rendered":"<p>1.      B\u00d6L\u00dcM 1: 1.1.   KOZMET\u0130KLER\u0130N TAR\u0130HSEL GEL\u0130\u015e\u0130M\u0130 1.2.   KOZMET\u0130K \u00dcR\u00dcNLER 1.3.   KOZMET\u0130K \u00dcR\u00dcNLER\u0130N SINIFLANDIRILMASI 2.      B\u00d6L\u00dcM 2: KOZMET\u0130K \u00dcR\u00dcNLER\u0130N \u00c7E\u015e\u0130TLER\u0130 VE KULLANIMI 2.1.   PARF\u00dcM, DEDORANT ve ANT\u0130PERSP\u0130RANTLAR 2.2.   BANYO VE DU\u015e \u00dcR\u00dcNLER\u0130 2.3.   MAKYAJ \u00dcR\u00dcNLER\u0130 2.4.   TIRNAK \u00dcR\u00dcNLER\u0130 2.5.   C\u0130LT \u00dcR\u00dcNLER\u0130 2.6.   A\u011eIZ VE D\u0130\u015e BAKIM \u00dcR\u00dcNLER\u0130 2.7.   SA\u00c7 BOYALARI 2.8.   G\u00dcNE\u015e \u00dcR\u00dcNLER\u0130 3.      B\u00d6L\u00dcM 3: KOZMET\u0130KTE KULLANILAN PREPARATLAR VE FORM\u00dcLLER\u0130 3.1.   GENEL B\u0130LG\u0130LER 3.2.   G\u00d6Z \u0130\u00c7\u0130N KULLANILAN PREPARAT FORM\u00dcLLER\u0130 3.3.   A\u011eIZ \u0130\u00c7\u0130N KULLANILAN PREPARAT FORM\u00dcLLER\u0130 3.4.   DUDAK BOYASI (RUJ) FORM\u00dcLLER\u0130 3.5.   Y\u00dcZ \u0130\u00c7\u0130N KULLANILAN PREPARAT FORM\u00dcLLER\u0130 3.6.   SA\u00c7 \u0130\u00c7\u0130N KULLANILAN PREPARAT VE \u015eAMPUAN FORM\u00dcLLER\u0130 3.7.   V\u00dcCUT \u0130\u00c7\u0130N KULLANILAN PREPARAT ( EL KREM\u0130, Y\u00dcZ KREM\u0130, TRA\u015e KREM\u0130) FORM\u00dcLLER\u0130 3.8.   AYAK VE TIRNAK H\u0130JYEN\u0130 \u0130\u00c7\u0130N PREPARAT FORM\u00dcLLER\u0130 3.9.   LOSYONLAR VE BANYO PREPARAT FORM\u00dcLLER\u0130 3.10.                   DEODORANTLAR VE TERLEMEYE KAR\u015eI PREPARAT FORM\u00dcLLER\u0130 3.11.                   G\u00dcNE\u015e I\u015eI\u011eINA KAR\u015eI KORUYUCU PREPARAT FORM\u00dcLLER\u0130 3.12.                   ODA HAVASI TEM\u0130ZLEY\u0130C\u0130 VE S\u0130NEK KOVUCU PREPARAT FORM\u00dcLLER\u0130 3.13.                   KOLONYA FORM\u00dcLLER\u0130 3.14.                   SABUN FORM\u00dcLLER\u0130 3.15.                   TEM\u0130ZLEME MADDELER\u0130 VE FORM\u00dcLLER\u0130 4.      4. B\u00d6L\u00dcM KOZMET\u0130K \u00dcR\u00dcNLER\u0130N ANAL\u0130Z Y\u00d6NTEMLER\u0130 4.1.   Kozmetik \u00f6rnek \u00e7e\u015fitleri 4.2.   Analiz \u00f6rneklerinin t\u00fcrler 4.3.   Analitik Metotlar <\/p>\n","protected":false},"excerpt":{"rendered":"<p>1. B\u00d6L\u00dcM 1: 1.1. KOZMET\u0130KLER\u0130N TAR\u0130HSEL GEL\u0130\u015e\u0130M\u0130 1.2. KOZMET\u0130K \u00dcR\u00dcNLER 1.3. KOZMET\u0130K \u00dcR\u00dcNLER\u0130N SINIFLANDIRILMASI 2. B\u00d6L\u00dcM 2: KOZMET\u0130K \u00dcR\u00dcNLER\u0130N \u00c7E\u015e\u0130TLER\u0130 VE KULLANIMI 2.1. PARF\u00dcM, DEDORANT ve<span class=\"excerpt-hellip\"> [\u2026]<\/span><\/p>\n","protected":false},"featured_media":0,"template":"","meta":{"_monsterinsights_skip_tracking":false,"_monsterinsights_sitenote_active":false,"_monsterinsights_sitenote_note":"","_monsterinsights_sitenote_category":0},"product_brand":[],"product_cat":[12573,12566],"product_tag":[],"class_list":{"0":"post-734820","1":"product","2":"type-product","3":"status-publish","5":"product_cat-akademik-kitaplar","6":"product_cat-egitim","7":"pa_cilt-ciltsiz","8":"pa_tur-kitap","9":"pa_yayinevi-gazi-kitabevi","10":"pa_yazar-gazi-kitabevi-kolektif","12":"first","13":"instock","14":"sale","15":"shipping-taxable","16":"purchasable","17":"product-type-simple"},"_links":{"self":[{"href":"https:\/\/roveyayinevi.com.tr\/index.php\/wp-json\/wp\/v2\/product\/734820","targetHints":{"allow":["GET"]}}],"collection":[{"href":"https:\/\/roveyayinevi.com.tr\/index.php\/wp-json\/wp\/v2\/product"}],"about":[{"href":"https:\/\/roveyayinevi.com.tr\/index.php\/wp-json\/wp\/v2\/types\/product"}],"wp:attachment":[{"href":"https:\/\/roveyayinevi.com.tr\/index.php\/wp-json\/wp\/v2\/media?parent=734820"}],"wp:term":[{"taxonomy":"product_brand","embeddable":true,"href":"https:\/\/roveyayinevi.com.tr\/index.php\/wp-json\/wp\/v2\/product_brand?post=734820"},{"taxonomy":"product_cat","embeddable":true,"href":"https:\/\/roveyayinevi.com.tr\/index.php\/wp-json\/wp\/v2\/product_cat?post=734820"},{"taxonomy":"product_tag","embeddable":true,"href":"https:\/\/roveyayinevi.com.tr\/index.php\/wp-json\/wp\/v2\/product_tag?post=734820"}],"curies":[{"name":"wp","href":"https:\/\/api.w.org\/{rel}","templated":true}]}}