{"id":734818,"date":"2025-08-27T22:35:16","date_gmt":"2025-08-27T19:35:16","guid":{"rendered":"https:\/\/roveyayinevi.com.tr\/index.php\/urun\/mutluluk-yavas-yavas-gelir\/"},"modified":"2026-04-13T02:52:03","modified_gmt":"2026-04-12T23:52:03","slug":"mutluluk-yavas-yavas-gelir","status":"publish","type":"product","link":"https:\/\/roveyayinevi.com.tr\/index.php\/urun\/mutluluk-yavas-yavas-gelir\/","title":{"rendered":"Mutluluk Yava\u015f Yava\u015f Gelir"},"content":{"rendered":"<p>Do\u011fdu\u011fumuz andan itibaren d\u00fcnyay\u0131 hik\u00e2yeler \u00fczerinden anlamland\u0131r\u0131r\u0131z. Derdimiz, sevincimiz, duygular\u0131m\u0131z hep hik\u00e2yelerin i\u00e7inde anlam bulur. Gelece\u011fe aktard\u0131klar\u0131m\u0131z da hep hik\u00e2yelerdir, ge\u00e7mi\u015ften miras ald\u0131klar\u0131m\u0131z da.Mutluluk Yava\u015f Yava\u015f Gelir, k\u00fc\u00e7\u00fck ya\u015ftan itibaren hayat\u0131 hik\u00e2yeler \u00fczerinden anlamland\u0131rmaya \u00e7al\u0131\u015fan bir gencin, Emre\u2019nin ya\u015fam\u0131ndan s\u00fcz\u00fclenlerle i\u00e7inde pek \u00e7ok g\u00f6zlem bar\u0131nd\u0131r\u0131yor.Edebiyatla psikolojinin yumu\u015fak bir sentezi, bizi biz yapan de\u011ferlerin yer yer h\u00fcz\u00fcnl\u00fc yer yer umut vadeden hat\u0131rlat\u0131c\u0131s\u0131&#8230;Bu \u00f6yk\u00fclerde insan\u0131n kendiyle, etraf\u0131ndakilerle ve do\u011fayla nas\u0131l daha doyumlu, mutlu ili\u015fkiler kurabilece\u011fine dair sorgulamalar okuyacaks\u0131n\u0131z. Ve her bir hik\u00e2yede kendinizden bir par\u00e7a bulacaks\u0131n\u0131z.\u201cSevgili Emre\u2019nin kitab\u0131n\u0131 ilk okuyanlardan biri oldum. Ve inan\u0131n kitaba ve i\u00e7indeki \u00f6yk\u00fclere bay\u0131ld\u0131m. Bu kadar sade bir dille bunca duygu ve bilgiyi okuyucuya nas\u0131l aktarabildin Emre\u2026 Seni g\u00f6n\u00fclden kutluyor ve bu kitab\u0131 okuyanlar\u0131n da benim kadar keyifle okumalar\u0131n\u0131 diliyorum.\u201d\u2014G\u00fclseren Buday\u0131c\u0131o\u011flu\u201cSevgili Emre Pek\u00e7etinkaya ya\u015fam\u0131 \u00f6nce bir \u00e7ocu\u011fun, sonra da bir gencin g\u00f6zlemleyen, d\u00fc\u015f\u00fcnen, anlamaya \u00e7al\u0131\u015fan merakl\u0131 ve masum g\u00f6zleriyle aktar\u0131yor. Ve o \u00e7ocu\u011fun, gencin g\u00f6zlerinden ya\u015fam\u0131n s\u0131radanl\u0131\u011f\u0131n\u0131n ard\u0131ndaki muhte\u015femli\u011fi g\u00f6rmek kimi zaman h\u00fcz\u00fcnl\u00fc, kimi zaman ne\u015feli ama ba\u015ftan sona keyifli bir yolculuk\u2026\u201d\u2014Y\u0131ld\u0131z Hac\u0131evliyagil\u201cBu kitap, insan ve ya\u015fama dair de\u011ferler bilinci \u00f6yk\u00fclerinin ekibimizin g\u00fc\u00e7l\u00fc g\u00f6zlemcisi Emre\u2019nin kaleminden ifade edilmi\u015f halidir. Ya\u015famda iyi-k\u00f6t\u00fc, do\u011fru-yanl\u0131\u015f hep bir arada; as\u0131l mesele g\u00f6r\u00fcp fark edip bir se\u00e7im yapmakta. Sevgili Emre bizim yerimize bu g\u00f6ren g\u00f6z oluyor. Eline g\u00f6nl\u00fcne sa\u011fl\u0131k.\u201d\u2014Polat Do\u011fru\u201cEmre Pek\u00e7etinkaya\u2019y\u0131 tan\u0131d\u0131\u011f\u0131n\u0131z anda onun d\u00fcr\u00fcstl\u00fc\u011f\u00fcn\u00fc, kapsay\u0131c\u0131l\u0131\u011f\u0131n\u0131, olgunlu\u011funu ve ger\u00e7ek\u00e7ili\u011fini derhal kavrars\u0131n\u0131z. Kitab\u0131 okurken Emre\u2019yi oldu\u011fu gibi yans\u0131tan \u00e7ok etkileyici \u00f6yk\u00fcler buldum. Ufac\u0131k bir g\u00f6zlemden yola \u00e7\u0131k\u0131p hepimize, bana, insanlara, toplumumuza \u00e7ok g\u00fc\u00e7l\u00fc bir ayna tuttu\u011funu g\u00f6rd\u00fcm. \u00c7ok b\u00fcy\u00fck bir keyifle okudum. Bir sonraki kitab\u0131nda neler yazaca\u011f\u0131n\u0131 \u015fimdiden merak ediyorum.\u201d\u2014Nurdo\u011fan Ark\u0131\u015f<\/p>\n","protected":false},"excerpt":{"rendered":"<p>Do\u011fdu\u011fumuz andan itibaren d\u00fcnyay\u0131 hik\u00e2yeler \u00fczerinden anlamland\u0131r\u0131r\u0131z. Derdimiz, sevincimiz, duygular\u0131m\u0131z hep hik\u00e2yelerin i\u00e7inde anlam bulur. Gelece\u011fe aktard\u0131klar\u0131m\u0131z da hep hik\u00e2yelerdir, ge\u00e7mi\u015ften miras ald\u0131klar\u0131m\u0131z da.Mutluluk Yava\u015f Yava\u015f<span class=\"excerpt-hellip\"> [\u2026]<\/span><\/p>\n","protected":false},"featured_media":0,"template":"","meta":{"_monsterinsights_skip_tracking":false,"_monsterinsights_sitenote_active":false,"_monsterinsights_sitenote_note":"","_monsterinsights_sitenote_category":0},"product_brand":[],"product_cat":[12364,12376],"product_tag":[],"class_list":{"0":"post-734818","1":"product","2":"type-product","3":"status-publish","5":"product_cat-genel-konular","6":"product_cat-kisisel-gelisim","7":"pa_cilt-ciltsiz","8":"pa_tur-kitap","9":"pa_yayinevi-kronik-kitap","10":"pa_yazar-emre-pekcetinkaya","12":"first","13":"instock","14":"sale","15":"shipping-taxable","16":"purchasable","17":"product-type-simple"},"_links":{"self":[{"href":"https:\/\/roveyayinevi.com.tr\/index.php\/wp-json\/wp\/v2\/product\/734818","targetHints":{"allow":["GET"]}}],"collection":[{"href":"https:\/\/roveyayinevi.com.tr\/index.php\/wp-json\/wp\/v2\/product"}],"about":[{"href":"https:\/\/roveyayinevi.com.tr\/index.php\/wp-json\/wp\/v2\/types\/product"}],"wp:attachment":[{"href":"https:\/\/roveyayinevi.com.tr\/index.php\/wp-json\/wp\/v2\/media?parent=734818"}],"wp:term":[{"taxonomy":"product_brand","embeddable":true,"href":"https:\/\/roveyayinevi.com.tr\/index.php\/wp-json\/wp\/v2\/product_brand?post=734818"},{"taxonomy":"product_cat","embeddable":true,"href":"https:\/\/roveyayinevi.com.tr\/index.php\/wp-json\/wp\/v2\/product_cat?post=734818"},{"taxonomy":"product_tag","embeddable":true,"href":"https:\/\/roveyayinevi.com.tr\/index.php\/wp-json\/wp\/v2\/product_tag?post=734818"}],"curies":[{"name":"wp","href":"https:\/\/api.w.org\/{rel}","templated":true}]}}