{"id":734811,"date":"2025-08-27T22:35:09","date_gmt":"2025-08-27T19:35:09","guid":{"rendered":"https:\/\/roveyayinevi.com.tr\/index.php\/urun\/harika-bir-uzay-tatili\/"},"modified":"2026-04-16T02:42:51","modified_gmt":"2026-04-15T23:42:51","slug":"harika-bir-uzay-tatili","status":"publish","type":"product","link":"https:\/\/roveyayinevi.com.tr\/index.php\/urun\/harika-bir-uzay-tatili\/","title":{"rendered":"Harika Bir Uzay Tatili"},"content":{"rendered":"<p>\u201cHarika Bir Uzay Tatili\u201d, uzay insanlar\u0131, g\u00f6k ta\u015flar\u0131, dinozorlar, korsanlar ve bir mangal ile evreni ke\u015ffe \u00e7\u0131kan \u015fahanebir \u00e7izgi roman!Bilimsel bilgiye sad\u0131k, sade ve anla\u015f\u0131l\u0131r bir anlat\u0131m, incelikle i\u015flenmi\u015f siyah beyaz \u00e7izimler, yer yer s\u00fcrprizrenklendirmeler ve sevimli \u00fc\u00e7 karakterle kurgulanan mizah dolu bir \u00f6yk\u00fc\u2026G\u00fczel bir ak\u015fam\u00fcst\u00fc, Orni ile k\u0131z arkada\u015f\u0131 Kunduz, arkada\u015flar\u0131 S\u0131\u00e7an\u2019\u0131n muhte\u015fem g\u00f6zlemevinde konaklamak \u00fczere yola\u00e7\u0131karlar. Bir a\u011faca kurulmu\u015f g\u00f6zlemevi, harika ke\u015fifler yapmak i\u00e7in t\u00fcm ara\u00e7 gerece sahiptir: g\u00f6ky\u00fcz\u00fc, y\u0131ld\u0131zlar, bizimgalaksimiz, sonsuzluk&#8230; K\u0131sacas\u0131, g\u00f6k bilimini ilgilendiren her \u015fey!D\u00fcnya nerede? Kutup Y\u0131ld\u0131z\u0131 ne i\u015fe yarar? G\u00f6ky\u00fcz\u00fcnde parlayan \u015fu \u015fey y\u0131ld\u0131z m\u0131 gezegen mi? G\u00f6kte b\u00fcy\u00fck bir ay\u0131 ya\u015farm\u0131? G\u00f6l k\u0131y\u0131s\u0131ndaki \u015fu siyah \u00e7ak\u0131l ta\u015f\u0131 g\u00f6kten d\u00fc\u015fm\u00fc\u015f olabilir mi? G\u00f6r\u00fcnmez \u0131\u015f\u0131klar var m\u0131d\u0131r? Biz g\u00f6kku\u015fa\u011f\u0131 yapabilirmiyiz? Evren bebekken nas\u0131ld\u0131? G\u00f6ky\u00fcz\u00fcn\u00fcn de bir haritas\u0131 var m\u0131? Peki, g\u00f6ky\u00fcz\u00fcn\u00fc ke\u015ffetmek i\u00e7in bize nelergerekiyor?<\/p>\n","protected":false},"excerpt":{"rendered":"<p>\u201cHarika Bir Uzay Tatili\u201d, uzay insanlar\u0131, g\u00f6k ta\u015flar\u0131, dinozorlar, korsanlar ve bir mangal ile evreni ke\u015ffe \u00e7\u0131kan \u015fahanebir \u00e7izgi roman!Bilimsel bilgiye sad\u0131k, sade ve anla\u015f\u0131l\u0131r bir<span class=\"excerpt-hellip\"> [\u2026]<\/span><\/p>\n","protected":false},"featured_media":0,"template":"","meta":{"_monsterinsights_skip_tracking":false,"_monsterinsights_sitenote_active":false,"_monsterinsights_sitenote_note":"","_monsterinsights_sitenote_category":0},"product_brand":[],"product_cat":[12275,12274],"product_tag":[],"class_list":{"0":"post-734811","1":"product","2":"type-product","3":"status-publish","5":"product_cat-6-12-yas-kitaplari","6":"product_cat-cocuk-ve-genclik-kitaplari","7":"pa_cilt-ciltsiz","8":"pa_tur-kitap","9":"pa_yayinevi-kuraldisi-yayinevi","10":"pa_yazar-gaelle-almeras","12":"first","13":"instock","14":"sale","15":"shipping-taxable","16":"purchasable","17":"product-type-simple"},"_links":{"self":[{"href":"https:\/\/roveyayinevi.com.tr\/index.php\/wp-json\/wp\/v2\/product\/734811","targetHints":{"allow":["GET"]}}],"collection":[{"href":"https:\/\/roveyayinevi.com.tr\/index.php\/wp-json\/wp\/v2\/product"}],"about":[{"href":"https:\/\/roveyayinevi.com.tr\/index.php\/wp-json\/wp\/v2\/types\/product"}],"wp:attachment":[{"href":"https:\/\/roveyayinevi.com.tr\/index.php\/wp-json\/wp\/v2\/media?parent=734811"}],"wp:term":[{"taxonomy":"product_brand","embeddable":true,"href":"https:\/\/roveyayinevi.com.tr\/index.php\/wp-json\/wp\/v2\/product_brand?post=734811"},{"taxonomy":"product_cat","embeddable":true,"href":"https:\/\/roveyayinevi.com.tr\/index.php\/wp-json\/wp\/v2\/product_cat?post=734811"},{"taxonomy":"product_tag","embeddable":true,"href":"https:\/\/roveyayinevi.com.tr\/index.php\/wp-json\/wp\/v2\/product_tag?post=734811"}],"curies":[{"name":"wp","href":"https:\/\/api.w.org\/{rel}","templated":true}]}}