{"id":734806,"date":"2025-08-27T22:35:04","date_gmt":"2025-08-27T19:35:04","guid":{"rendered":"https:\/\/roveyayinevi.com.tr\/index.php\/urun\/icimizdeki-seytan-23\/"},"modified":"2026-04-16T02:42:50","modified_gmt":"2026-04-15T23:42:50","slug":"icimizdeki-seytan-23","status":"publish","type":"product","link":"https:\/\/roveyayinevi.com.tr\/index.php\/urun\/icimizdeki-seytan-23\/","title":{"rendered":"\u0130\u00e7imizdeki \u015eeytan"},"content":{"rendered":"<p>\u201cKafamda, hi\u00e7bir \u015feyle de\u011fi\u015filmesi m\u00fcmk\u00fcn olmayan muazzam hayaller, bana her \u015feylerden daha kuvvetli g\u00f6r\u00fcnen fikirler birbirini koval\u0131yor&#8230; Fakat sonra birdenbire etraf\u0131mda bana yak\u0131n birini ar\u0131yorum. B\u00fct\u00fcn bu beynimde ge\u00e7en \u015feyleri teker teker, uzun uzun anlatacak birini. (\u2026) Zannediyorum ki, tasavvuru bile bas\u0327 d\u00f6nd\u00fcren bir s\u00fcratle hi\u00e7 durmadan ko\u015fup giden bu hayat ve bir avu\u00e7 topra\u011f\u0131n\u0131n bile do\u011fru d\u00fcr\u00fcst esrar\u0131na varamad\u0131\u011f\u0131m\u0131z bu karmakar\u0131\u015f\u0131k d\u00fcnya beni bir bu\u011fday tanesi, bir kar\u0131nca gibi ezip ge\u00e7iverecek&#8230;\u201d Postane memuru \u00d6mer\u2019in \u00e7eli\u015fkilerle dolu hayat\u0131nda kendine yer bulmaya \u00e7al\u0131\u015fan Macide, gen\u00e7 bir kad\u0131n olarak kendini yeni ba\u015ftan kuracakt\u0131r. \u0130\u00e7imizdeki \u015eeytan, Sabahattin Ali\u2019nin e\u015fsiz bir arkada\u015fl\u0131k ve yar\u0131m kalm\u0131\u015f a\u015fk roman\u0131d\u0131r. <\/p>\n","protected":false},"excerpt":{"rendered":"<p>\u201cKafamda, hi\u00e7bir \u015feyle de\u011fi\u015filmesi m\u00fcmk\u00fcn olmayan muazzam hayaller, bana her \u015feylerden daha kuvvetli g\u00f6r\u00fcnen fikirler birbirini koval\u0131yor&#8230; Fakat sonra birdenbire etraf\u0131mda bana yak\u0131n birini ar\u0131yorum. B\u00fct\u00fcn<span class=\"excerpt-hellip\"> [\u2026]<\/span><\/p>\n","protected":false},"featured_media":0,"template":"","meta":{"_monsterinsights_skip_tracking":false,"_monsterinsights_sitenote_active":false,"_monsterinsights_sitenote_note":"","_monsterinsights_sitenote_category":0},"product_brand":[],"product_cat":[12291,12711],"product_tag":[],"class_list":{"0":"post-734806","1":"product","2":"type-product","3":"status-publish","5":"product_cat-edebiyat","6":"product_cat-roman-oyku","7":"pa_cilt-ciltsiz","8":"pa_tur-kitap","9":"pa_yayinevi-ani-yayincilik","10":"pa_yazar-sabahattin-ali","12":"first","13":"instock","14":"sale","15":"shipping-taxable","16":"purchasable","17":"product-type-simple"},"_links":{"self":[{"href":"https:\/\/roveyayinevi.com.tr\/index.php\/wp-json\/wp\/v2\/product\/734806","targetHints":{"allow":["GET"]}}],"collection":[{"href":"https:\/\/roveyayinevi.com.tr\/index.php\/wp-json\/wp\/v2\/product"}],"about":[{"href":"https:\/\/roveyayinevi.com.tr\/index.php\/wp-json\/wp\/v2\/types\/product"}],"wp:attachment":[{"href":"https:\/\/roveyayinevi.com.tr\/index.php\/wp-json\/wp\/v2\/media?parent=734806"}],"wp:term":[{"taxonomy":"product_brand","embeddable":true,"href":"https:\/\/roveyayinevi.com.tr\/index.php\/wp-json\/wp\/v2\/product_brand?post=734806"},{"taxonomy":"product_cat","embeddable":true,"href":"https:\/\/roveyayinevi.com.tr\/index.php\/wp-json\/wp\/v2\/product_cat?post=734806"},{"taxonomy":"product_tag","embeddable":true,"href":"https:\/\/roveyayinevi.com.tr\/index.php\/wp-json\/wp\/v2\/product_tag?post=734806"}],"curies":[{"name":"wp","href":"https:\/\/api.w.org\/{rel}","templated":true}]}}