{"id":734805,"date":"2025-08-27T22:35:03","date_gmt":"2025-08-27T19:35:03","guid":{"rendered":"https:\/\/roveyayinevi.com.tr\/index.php\/urun\/kurk-mantolu-madonna-24\/"},"modified":"2026-04-16T02:42:50","modified_gmt":"2026-04-15T23:42:50","slug":"kurk-mantolu-madonna-24","status":"publish","type":"product","link":"https:\/\/roveyayinevi.com.tr\/index.php\/urun\/kurk-mantolu-madonna-24\/","title":{"rendered":"K\u00fcrk Mantolu Madonna"},"content":{"rendered":"<p>\u201cBen bu kad\u0131n\u0131 yedi ya\u015f\u0131mdan beri okudu\u011fum kitaplardan, be\u015f ya\u015f\u0131mdan beri kurdu\u011fum hayal d\u00fcnyalar\u0131ndan tan\u0131yordum. Onda Halit Ziya&#8217;n\u0131n Nihal&#8217;inden, Vecihi Bey&#8217;in Mehcure&#8217;sinden, \u015e\u00f6valye B\u00fcridan&#8217;\u0131n sevgilisinden ve tarih kitaplar\u0131nda okudu\u011fum Kleopatra&#8217;dan, hatta mevlit dinlerken tasavvur etti\u011fim, Muhammed&#8217;in annesi \u00c2mine Hatun&#8217;dan birer par\u00e7a vard\u0131. O benim hayalimdeki b\u00fct\u00fcn kad\u0131nlar\u0131n bir terkibi, bir imtizac\u0131yd\u0131.\u201d Raif Efendi\u2019nin Berlin\u2019den Ankara\u2019ya dek y\u00fcre\u011finde ta\u015f\u0131y\u0131p asla unutamad\u0131\u011f\u0131 Maria Puder\u2019e duydu\u011fu a\u015fk\u0131n roman\u0131, K\u00fcrk Mantolu Madonna, bir kez daha okurlar\u0131yla bulu\u015fuyor&#8230; <\/p>\n","protected":false},"excerpt":{"rendered":"<p>\u201cBen bu kad\u0131n\u0131 yedi ya\u015f\u0131mdan beri okudu\u011fum kitaplardan, be\u015f ya\u015f\u0131mdan beri kurdu\u011fum hayal d\u00fcnyalar\u0131ndan tan\u0131yordum. Onda Halit Ziya&#8217;n\u0131n Nihal&#8217;inden, Vecihi Bey&#8217;in Mehcure&#8217;sinden, \u015e\u00f6valye B\u00fcridan&#8217;\u0131n sevgilisinden ve<span class=\"excerpt-hellip\"> [\u2026]<\/span><\/p>\n","protected":false},"featured_media":0,"template":"","meta":{"_monsterinsights_skip_tracking":false,"_monsterinsights_sitenote_active":false,"_monsterinsights_sitenote_note":"","_monsterinsights_sitenote_category":0},"product_brand":[],"product_cat":[12291,12711],"product_tag":[],"class_list":{"0":"post-734805","1":"product","2":"type-product","3":"status-publish","5":"product_cat-edebiyat","6":"product_cat-roman-oyku","7":"pa_cilt-ciltsiz","8":"pa_tur-kitap","9":"pa_yayinevi-ani-yayincilik","10":"pa_yazar-sabahattin-ali","12":"first","13":"instock","14":"sale","15":"shipping-taxable","16":"purchasable","17":"product-type-simple"},"_links":{"self":[{"href":"https:\/\/roveyayinevi.com.tr\/index.php\/wp-json\/wp\/v2\/product\/734805","targetHints":{"allow":["GET"]}}],"collection":[{"href":"https:\/\/roveyayinevi.com.tr\/index.php\/wp-json\/wp\/v2\/product"}],"about":[{"href":"https:\/\/roveyayinevi.com.tr\/index.php\/wp-json\/wp\/v2\/types\/product"}],"wp:attachment":[{"href":"https:\/\/roveyayinevi.com.tr\/index.php\/wp-json\/wp\/v2\/media?parent=734805"}],"wp:term":[{"taxonomy":"product_brand","embeddable":true,"href":"https:\/\/roveyayinevi.com.tr\/index.php\/wp-json\/wp\/v2\/product_brand?post=734805"},{"taxonomy":"product_cat","embeddable":true,"href":"https:\/\/roveyayinevi.com.tr\/index.php\/wp-json\/wp\/v2\/product_cat?post=734805"},{"taxonomy":"product_tag","embeddable":true,"href":"https:\/\/roveyayinevi.com.tr\/index.php\/wp-json\/wp\/v2\/product_tag?post=734805"}],"curies":[{"name":"wp","href":"https:\/\/api.w.org\/{rel}","templated":true}]}}