{"id":734804,"date":"2025-08-27T22:35:01","date_gmt":"2025-08-27T19:35:01","guid":{"rendered":"https:\/\/roveyayinevi.com.tr\/index.php\/urun\/kardes-2\/"},"modified":"2026-04-16T02:42:50","modified_gmt":"2026-04-15T23:42:50","slug":"kardes-2","status":"publish","type":"product","link":"https:\/\/roveyayinevi.com.tr\/index.php\/urun\/kardes-2\/","title":{"rendered":"Karde\u015f"},"content":{"rendered":"<p>\u0130nsan\u0131n y\u00fcre\u011fini y\u0131llarca s\u0131zlatan, beyninin \u015furas\u0131nda, buras\u0131nda, nihayet bir k\u00f6\u015fesinde unutulmaya b\u0131rak\u0131lm\u0131\u015f bir an\u0131s\u0131na rastlars\u0131n\u0131z. Ancak en ummad\u0131\u011f\u0131n\u0131z, en yak\u0131n\u0131n\u0131zdan g\u00f6rd\u00fc\u011f\u00fcn\u00fcz bir aldatmacay\u0131, sorun etmeyeyim diye \u00e7eyrek as\u0131r i\u00e7inizden atmaya, unutmaya \u00e7al\u0131\u015f\u0131p dururken, yine yak\u0131n\u0131n\u0131z\u0131n kendisi taraf\u0131ndan g\u00fcn y\u00fcz\u00fcne \u00e7\u0131kar\u0131ld\u0131\u011f\u0131nda, \u201cNe halt ettim de onunla yine bir araya geldim?\u201d  diye sorar durursunuz kendinize.   En yak\u0131n\u0131n\u0131zdakileri bile derinlemesine tan\u0131mak, onun \u00f6z\u00fcne inebilmek i\u00e7in ge\u00e7en zaman, bo\u015fa harcanm\u0131\u015fta olsa,  iyiyle k\u00f6t\u00fcy\u00fc, ay\u0131rma konusunda vermi\u015f oldu\u011fu ders fevkalade bir kazan\u00e7 olarak yaz\u0131l\u0131r hanene. S\u00fcrekli bir aray\u0131\u015f i\u00e7inde olunca, benzersiz bak\u0131\u015f a\u00e7\u0131s\u0131, en iyi \u00f6rneklerini ortaya \u00e7\u0131kar\u0131yor.   Y\u0131llarca \u00fc\u015fenmeden, zorsunmadan, kahr\u0131n\u0131 \u00e7ekti\u011fin en yak\u0131n\u0131n, g\u00fcn\u00fcn birinde kendine has y\u00f6ntemlerle omzuna basarak belli imk\u00e2nlara kavu\u015funca, hi\u00e7 d\u00fc\u015f\u00fcnmeden bir pa\u00e7avra gibi at\u0131lan bir a\u011fabeyin kaleme ald\u0131\u011f\u0131 bir \u00f6yk\u00fc. Yazan i\u00e7in durum bu kitaptaki gibiydi. O kadar h\u0131rs\u0131n, iste\u011fin, birazda aile i\u00e7inde \u00e7\u0131kacak anla\u015fmazl\u0131\u011f\u0131n, etraftan duyulmas\u0131 ile yapaca\u011f\u0131 yank\u0131n\u0131n etkisinde kalan, a\u011fabeyin bu zaaf\u0131ndan faydalanarak, insafs\u0131zca yap\u0131lan haks\u0131zl\u0131\u011f\u0131n sadece bir karesidir. <\/p>\n","protected":false},"excerpt":{"rendered":"<p>\u0130nsan\u0131n y\u00fcre\u011fini y\u0131llarca s\u0131zlatan, beyninin \u015furas\u0131nda, buras\u0131nda, nihayet bir k\u00f6\u015fesinde unutulmaya b\u0131rak\u0131lm\u0131\u015f bir an\u0131s\u0131na rastlars\u0131n\u0131z. Ancak en ummad\u0131\u011f\u0131n\u0131z, en yak\u0131n\u0131n\u0131zdan g\u00f6rd\u00fc\u011f\u00fcn\u00fcz bir aldatmacay\u0131, sorun etmeyeyim diye<span class=\"excerpt-hellip\"> [\u2026]<\/span><\/p>\n","protected":false},"featured_media":0,"template":"","meta":{"_monsterinsights_skip_tracking":false,"_monsterinsights_sitenote_active":false,"_monsterinsights_sitenote_note":"","_monsterinsights_sitenote_category":0},"product_brand":[],"product_cat":[12291,12711],"product_tag":[],"class_list":{"0":"post-734804","1":"product","2":"type-product","3":"status-publish","5":"product_cat-edebiyat","6":"product_cat-roman-oyku","7":"pa_cilt-ciltsiz","8":"pa_tur-kitap","9":"pa_yayinevi-gulnar-yayinlari","10":"pa_yazar-emin-yildirim","12":"first","13":"instock","14":"sale","15":"shipping-taxable","16":"purchasable","17":"product-type-simple"},"_links":{"self":[{"href":"https:\/\/roveyayinevi.com.tr\/index.php\/wp-json\/wp\/v2\/product\/734804","targetHints":{"allow":["GET"]}}],"collection":[{"href":"https:\/\/roveyayinevi.com.tr\/index.php\/wp-json\/wp\/v2\/product"}],"about":[{"href":"https:\/\/roveyayinevi.com.tr\/index.php\/wp-json\/wp\/v2\/types\/product"}],"wp:attachment":[{"href":"https:\/\/roveyayinevi.com.tr\/index.php\/wp-json\/wp\/v2\/media?parent=734804"}],"wp:term":[{"taxonomy":"product_brand","embeddable":true,"href":"https:\/\/roveyayinevi.com.tr\/index.php\/wp-json\/wp\/v2\/product_brand?post=734804"},{"taxonomy":"product_cat","embeddable":true,"href":"https:\/\/roveyayinevi.com.tr\/index.php\/wp-json\/wp\/v2\/product_cat?post=734804"},{"taxonomy":"product_tag","embeddable":true,"href":"https:\/\/roveyayinevi.com.tr\/index.php\/wp-json\/wp\/v2\/product_tag?post=734804"}],"curies":[{"name":"wp","href":"https:\/\/api.w.org\/{rel}","templated":true}]}}