{"id":734803,"date":"2025-08-27T22:35:01","date_gmt":"2025-08-27T19:35:01","guid":{"rendered":"https:\/\/roveyayinevi.com.tr\/index.php\/urun\/demokrasi-2\/"},"modified":"2026-04-16T02:42:50","modified_gmt":"2026-04-15T23:42:50","slug":"demokrasi-2","status":"publish","type":"product","link":"https:\/\/roveyayinevi.com.tr\/index.php\/urun\/demokrasi-2\/","title":{"rendered":"Demokrasi"},"content":{"rendered":"<p>DEMOKRAS\u0130\u2019nin iki hedef kitlesi var. \u0130lki sosyal bilimler alan\u0131nda \u00e7al\u0131\u015fan \u00f6\u011frenciler. Di\u011feri demokrasi konusundaki bilgilerini derinle\u015ftirmek isteyen okurlar. Yani demokrasiyi merak edenler. \u00c7a\u011fda\u015f demokrasinin temel ilkeleri dedi\u011fimizde ilk elde hemen halk egemenli\u011fini, kat\u0131l\u0131m\u0131, genel oy hakk\u0131n\u0131, erkler ayr\u0131l\u0131\u011f\u0131n\u0131, hukuk devletini, insan haklar\u0131n\u0131, e\u015fitli\u011fi ve \u00f6zg\u00fcrl\u00fc\u011f\u00fc say\u0131yoruz. Halk\u0131n halk taraf\u0131ndan halk i\u00e7in y\u00f6netimi diyoruz. Bunlar bilinen ilkeler. Bu ilkeler nerede, ne zaman ve nas\u0131l olu\u015ftu? Bu sorular\u0131n yan\u0131t\u0131n\u0131 ar\u0131yoruz bu kitapta. Cengiz \u00c7a\u011fla\u2019n\u0131n \u00e7al\u0131\u015fmas\u0131 demokrasiyi hem toplumsal\/siyasal tarih hem de siyasal d\u00fc\u015f\u00fcnceler bak\u0131m\u0131ndan irdeliyor. Kitab\u0131n konu ba\u015fl\u0131klar\u0131 aras\u0131nda Antik Atina Demokrasisi, Roma Cumhuriyeti, Kartaca, Orta \u00c7a\u011flarda Demokratik D\u00fc\u015f\u00fcnce ve Pratikler, \u0130talyan Kent Cumhuriyetleri, Modern Temsili Demokrasinin Olu\u015fumu, Fransa\u2019da, B\u00fcy\u00fck Britanya\u2019da, Amerika\u2019da Demokrasinin Evrimi, Demokrasi Kar\u015f\u0131t\u0131 Rejimler ve Demokrasi\u2019ye Ele\u015ftirel Yakla\u015f\u0131mlar (Tocqueville, Elit Kuramc\u0131lar\u0131, Gramsci, Habermas ve di\u011ferleri) yer almakta. *** CENG\u0130Z \u00c7A\u011eLA, Galatasaray Lisesi\u2019nde, Bo\u011fazi\u00e7i ve \u0130stanbul \u00dcniversitelerinde e\u011fitim g\u00f6rd\u00fc. Y\u0131ld\u0131z Teknik \u00dcniversitesi\u2019nde \u00e7al\u0131\u015f\u0131yor. Misafir \u00f6\u011fretim \u00fcyesi ve ara\u015ft\u0131rmac\u0131 olarak EHESS-Paris, Roma La Sapienza, SciencesPo Paris ve Paris 8 \u00dcniversitelerinde bulundu. Siyaset bilimi ve siyaset teorisinin yan\u0131 s\u0131ra Frans\u0131z Yaz\u0131n ve Uygarl\u0131\u011f\u0131 ve G\u00fcney Kafkasya \u00fcst\u00fcne dersler de veriyor. 2007 y\u0131l\u0131nda siyasal d\u00fc\u015f\u00fcnceler do\u00e7enti oldu, 2013 y\u0131l\u0131nda siyaset bilimi alan\u0131nda profes\u00f6rl\u00fc\u011fe y\u00fckseltildi. <\/p>\n","protected":false},"excerpt":{"rendered":"<p>DEMOKRAS\u0130\u2019nin iki hedef kitlesi var. \u0130lki sosyal bilimler alan\u0131nda \u00e7al\u0131\u015fan \u00f6\u011frenciler. Di\u011feri demokrasi konusundaki bilgilerini derinle\u015ftirmek isteyen okurlar. Yani demokrasiyi merak edenler. \u00c7a\u011fda\u015f demokrasinin temel ilkeleri<span class=\"excerpt-hellip\"> [\u2026]<\/span><\/p>\n","protected":false},"featured_media":0,"template":"","meta":{"_monsterinsights_skip_tracking":false,"_monsterinsights_sitenote_active":false,"_monsterinsights_sitenote_note":"","_monsterinsights_sitenote_category":0},"product_brand":[],"product_cat":[12337,14706],"product_tag":[],"class_list":{"0":"post-734803","1":"product","2":"type-product","3":"status-publish","5":"product_cat-politika-siyaset","6":"product_cat-siyaset-bilimi","7":"pa_cilt-ciltsiz","8":"pa_tur-kitap","9":"pa_yayinevi-bilge-kultur-sanat","10":"pa_yazar-cengiz-cagla","12":"first","13":"instock","14":"sale","15":"shipping-taxable","16":"purchasable","17":"product-type-simple"},"_links":{"self":[{"href":"https:\/\/roveyayinevi.com.tr\/index.php\/wp-json\/wp\/v2\/product\/734803","targetHints":{"allow":["GET"]}}],"collection":[{"href":"https:\/\/roveyayinevi.com.tr\/index.php\/wp-json\/wp\/v2\/product"}],"about":[{"href":"https:\/\/roveyayinevi.com.tr\/index.php\/wp-json\/wp\/v2\/types\/product"}],"wp:attachment":[{"href":"https:\/\/roveyayinevi.com.tr\/index.php\/wp-json\/wp\/v2\/media?parent=734803"}],"wp:term":[{"taxonomy":"product_brand","embeddable":true,"href":"https:\/\/roveyayinevi.com.tr\/index.php\/wp-json\/wp\/v2\/product_brand?post=734803"},{"taxonomy":"product_cat","embeddable":true,"href":"https:\/\/roveyayinevi.com.tr\/index.php\/wp-json\/wp\/v2\/product_cat?post=734803"},{"taxonomy":"product_tag","embeddable":true,"href":"https:\/\/roveyayinevi.com.tr\/index.php\/wp-json\/wp\/v2\/product_tag?post=734803"}],"curies":[{"name":"wp","href":"https:\/\/api.w.org\/{rel}","templated":true}]}}