{"id":734801,"date":"2025-08-27T22:34:59","date_gmt":"2025-08-27T19:34:59","guid":{"rendered":"https:\/\/roveyayinevi.com.tr\/index.php\/urun\/yuzde-25in-muz-ciltli\/"},"modified":"2026-04-16T02:42:50","modified_gmt":"2026-04-15T23:42:50","slug":"yuzde-25in-muz-ciltli","status":"publish","type":"product","link":"https:\/\/roveyayinevi.com.tr\/index.php\/urun\/yuzde-25in-muz-ciltli\/","title":{"rendered":"Y\u00fczde 25&#8217;in Muz (Ciltli)"},"content":{"rendered":"<p>Seni SEN yapan \u015feylerin ard\u0131ndaki bilimi KE\u015eFETME zaman\u0131&#8230; Tavuklar\u0131n y\u00fczde 60, farelerin y\u00fczde 75, kedilerin y\u00fczde 90, \u015fempanzelerin ise y\u00fczde 99 oran\u0131nda insanlara benzedi\u011fini biliyor muydun? \u015eA\u015eIRDIN MI? Peki, ya y\u00fczde 25&#8217;inin muz oldu\u011funu s\u00f6ylesek. Evet, muz! E\u011fer sar\u0131 bir kabu\u011fun yoksa endi\u015felenmene gerek yok, ama bil ki insan genlerinin d\u00f6rtte biri bu lezzetli meyveninkiyle ayn\u0131.Bizi B\u0130Z yapan biyolojik \u201ctarif\u201de, yani genlerimize odaklanan Y\u00fczde 25&#8217;in Muz, bitkilerin ve hayvanlar\u0131n d\u00fcnyas\u0131ndan kar\u015f\u0131la\u015ft\u0131rmal\u0131 \u00f6rnekler sunarak do\u011fadan \u00f6\u011frenecek ne \u00e7ok \u015eEY oldu\u011funu hat\u0131rlat\u0131yor. \u0130\u00e7inden bilgi tomurcuklar\u0131 f\u0131\u015fk\u0131ran \u201cansiklopedik\u201d \u00e7al\u0131\u015fmalar\u0131ndan tan\u0131d\u0131\u011f\u0131m\u0131z Susie Brooks&#8217;un elinden \u00e7\u0131kan bu e\u011flenceli kitab\u0131 okudu\u011funda; \u015fark\u0131 s\u00f6yleme genlerinin ku\u015flara, beyin genlerinin ise yunuslara t\u0131pat\u0131p benzedi\u011fini \u00f6\u011freneceksin. K\u00f6peklerle ve hatta bok b\u00f6cekleriyle arandaki \u201cakrabal\u0131k\u201d ili\u015fkisine hayret edecek, bir avu\u00e7 pirincin genlerinin, seninkilerden daha fazla oldu\u011funu ke\u015ffedeceksin. \u0130ddiaya gireriz tavuklar\u0131n, dinozorlar\u0131n ya\u015fayan en yak\u0131n akrabas\u0131 oldu\u011funu da yine bu kitap sayesinde bilgi da\u011farc\u0131\u011f\u0131na ekleyeceksin!Canl\u0131 t\u00fcrlerini yak\u0131ndan tan\u0131maya \u00e7al\u0131\u015fan miniklerin merak duygusunu harekete ge\u00e7irecek \u015eA\u015eIRTICI bilgilerle dolup ta\u015fan bu kitap, bizi farkl\u0131l\u0131klar\u0131m\u0131z \u00fczerine d\u00fc\u015f\u00fcnd\u00fcrmekle kalm\u0131yor genetik bilimine k\u00fc\u00e7\u00fck bir giri\u015f yapmam\u0131z\u0131 da sa\u011fl\u0131yor.<\/p>\n","protected":false},"excerpt":{"rendered":"<p>Seni SEN yapan \u015feylerin ard\u0131ndaki bilimi KE\u015eFETME zaman\u0131&#8230; Tavuklar\u0131n y\u00fczde 60, farelerin y\u00fczde 75, kedilerin y\u00fczde 90, \u015fempanzelerin ise y\u00fczde 99 oran\u0131nda insanlara benzedi\u011fini biliyor muydun?<span class=\"excerpt-hellip\"> [\u2026]<\/span><\/p>\n","protected":false},"featured_media":0,"template":"","meta":{"_monsterinsights_skip_tracking":false,"_monsterinsights_sitenote_active":false,"_monsterinsights_sitenote_note":"","_monsterinsights_sitenote_category":0},"product_brand":[],"product_cat":[12275,12274],"product_tag":[],"class_list":{"0":"post-734801","1":"product","2":"type-product","3":"status-publish","5":"product_cat-6-12-yas-kitaplari","6":"product_cat-cocuk-ve-genclik-kitaplari","7":"pa_cilt-ciltli","8":"pa_tur-kitap","9":"pa_yayinevi-ucanbalik-yayincilik","10":"pa_yazar-susie-brooks","12":"first","13":"instock","14":"sale","15":"shipping-taxable","16":"purchasable","17":"product-type-simple"},"_links":{"self":[{"href":"https:\/\/roveyayinevi.com.tr\/index.php\/wp-json\/wp\/v2\/product\/734801","targetHints":{"allow":["GET"]}}],"collection":[{"href":"https:\/\/roveyayinevi.com.tr\/index.php\/wp-json\/wp\/v2\/product"}],"about":[{"href":"https:\/\/roveyayinevi.com.tr\/index.php\/wp-json\/wp\/v2\/types\/product"}],"wp:attachment":[{"href":"https:\/\/roveyayinevi.com.tr\/index.php\/wp-json\/wp\/v2\/media?parent=734801"}],"wp:term":[{"taxonomy":"product_brand","embeddable":true,"href":"https:\/\/roveyayinevi.com.tr\/index.php\/wp-json\/wp\/v2\/product_brand?post=734801"},{"taxonomy":"product_cat","embeddable":true,"href":"https:\/\/roveyayinevi.com.tr\/index.php\/wp-json\/wp\/v2\/product_cat?post=734801"},{"taxonomy":"product_tag","embeddable":true,"href":"https:\/\/roveyayinevi.com.tr\/index.php\/wp-json\/wp\/v2\/product_tag?post=734801"}],"curies":[{"name":"wp","href":"https:\/\/api.w.org\/{rel}","templated":true}]}}