{"id":734800,"date":"2025-08-27T22:34:57","date_gmt":"2025-08-27T19:34:57","guid":{"rendered":"https:\/\/roveyayinevi.com.tr\/index.php\/urun\/babaannemin-sandigi\/"},"modified":"2026-04-16T02:42:50","modified_gmt":"2026-04-15T23:42:50","slug":"babaannemin-sandigi","status":"publish","type":"product","link":"https:\/\/roveyayinevi.com.tr\/index.php\/urun\/babaannemin-sandigi\/","title":{"rendered":"Babaannemin Sand\u0131\u011f\u0131"},"content":{"rendered":"<p>Yaz, okullar kapan\u0131nca her sene oldu\u011fu gibi babaannesinin yazl\u0131k evine gider. Ancak bu y\u0131l onu \u00e7ok farkl\u0131 bir tatil beklemektedir. Babaannesinin odas\u0131nda, kuytu bir k\u00f6\u015fede duran gizemli bir sand\u0131k Yaz\u2019\u0131n ilgisini \u00e7eker. \u00dcstelik babaanne Mualla Han\u0131m, sand\u0131\u011f\u0131 bir s\u0131r gibi saklamakta ve sand\u0131\u011f\u0131n bulundu\u011fu odaya girilmesine dahi izin vermemektedir. Yaz, tatil arkada\u015flar\u0131 S\u0131la ve Tan\u2019la birlikte sand\u0131\u011f\u0131n gizemini \u00e7\u00f6zmeye \u00e7al\u0131\u015f\u0131rken, kaz\u0131 \u00e7al\u0131\u015fmalar\u0131na kat\u0131lmak \u00fczere \u015fehre gelen iki arkeolog, i\u015fleri daha da kar\u0131\u015ft\u0131r\u0131r. Yoksa bu iki yabanc\u0131 gizemli sand\u0131\u011f\u0131n m\u0131 pe\u015findedir? Bu \u00fc\u00e7 kafadar\u0131n macera dolu hik\u00e2yesini okurken siz de onlarla birlikte heyecanlanacak ve babaannenin sand\u0131\u011f\u0131n\u0131n s\u0131rr\u0131n\u0131 merak edeceksiniz. Sahi bu sand\u0131k i\u00e7inde nas\u0131l bir gizem sakl\u0131yor olabilir?<\/p>\n","protected":false},"excerpt":{"rendered":"<p>Yaz, okullar kapan\u0131nca her sene oldu\u011fu gibi babaannesinin yazl\u0131k evine gider. Ancak bu y\u0131l onu \u00e7ok farkl\u0131 bir tatil beklemektedir. Babaannesinin odas\u0131nda, kuytu bir k\u00f6\u015fede duran<span class=\"excerpt-hellip\"> [\u2026]<\/span><\/p>\n","protected":false},"featured_media":0,"template":"","meta":{"_monsterinsights_skip_tracking":false,"_monsterinsights_sitenote_active":false,"_monsterinsights_sitenote_note":"","_monsterinsights_sitenote_category":0},"product_brand":[],"product_cat":[12275,12274],"product_tag":[],"class_list":{"0":"post-734800","1":"product","2":"type-product","3":"status-publish","5":"product_cat-6-12-yas-kitaplari","6":"product_cat-cocuk-ve-genclik-kitaplari","7":"pa_cilt-ciltsiz","8":"pa_tur-kitap","9":"pa_yayinevi-altin-kitaplar-ozel-urun","10":"pa_yazar-seyma-ayik","12":"first","13":"instock","14":"sale","15":"shipping-taxable","16":"purchasable","17":"product-type-simple"},"_links":{"self":[{"href":"https:\/\/roveyayinevi.com.tr\/index.php\/wp-json\/wp\/v2\/product\/734800","targetHints":{"allow":["GET"]}}],"collection":[{"href":"https:\/\/roveyayinevi.com.tr\/index.php\/wp-json\/wp\/v2\/product"}],"about":[{"href":"https:\/\/roveyayinevi.com.tr\/index.php\/wp-json\/wp\/v2\/types\/product"}],"wp:attachment":[{"href":"https:\/\/roveyayinevi.com.tr\/index.php\/wp-json\/wp\/v2\/media?parent=734800"}],"wp:term":[{"taxonomy":"product_brand","embeddable":true,"href":"https:\/\/roveyayinevi.com.tr\/index.php\/wp-json\/wp\/v2\/product_brand?post=734800"},{"taxonomy":"product_cat","embeddable":true,"href":"https:\/\/roveyayinevi.com.tr\/index.php\/wp-json\/wp\/v2\/product_cat?post=734800"},{"taxonomy":"product_tag","embeddable":true,"href":"https:\/\/roveyayinevi.com.tr\/index.php\/wp-json\/wp\/v2\/product_tag?post=734800"}],"curies":[{"name":"wp","href":"https:\/\/api.w.org\/{rel}","templated":true}]}}