{"id":734799,"date":"2025-08-27T22:34:56","date_gmt":"2025-08-27T19:34:56","guid":{"rendered":"https:\/\/roveyayinevi.com.tr\/index.php\/urun\/egemenlik-ulusundur-23-nisan\/"},"modified":"2026-04-16T02:42:50","modified_gmt":"2026-04-15T23:42:50","slug":"egemenlik-ulusundur-23-nisan","status":"publish","type":"product","link":"https:\/\/roveyayinevi.com.tr\/index.php\/urun\/egemenlik-ulusundur-23-nisan\/","title":{"rendered":"Egemenlik Ulusundur &#8211; 23 Nisan"},"content":{"rendered":"<p>D\u00fc\u015fman g\u00fc\u00e7leri T\u00fcrkiye topraklar\u0131na girmi\u015f, Yunan askerleri \u0130zmir\u2019e \u00e7\u0131km\u0131\u015f, Ankara\u2019ya do\u011fru ilerliyordu. Mustafa Kemal ve askerleri d\u00fc\u015fman g\u00fc\u00e7lerini durdurmak, geriye p\u00fcsk\u00fcrtmek i\u00e7in sava\u015f\u0131yordu. O, yola \u00e7\u0131karken s\u00f6ylemi\u015fti: \u201cGeldikleri gibi giderler!\u201d Mustafa Kemal ve \u00c7ocuk, el ele ko\u015fuyordu! Zafere, gelece\u011fe, ayd\u0131nl\u0131\u011fa ko\u015fuyordu. Kazanacaklar\u0131n\u0131 biliyorlard\u0131 \u00e7\u00fcnk\u00fc onlar hakl\u0131yd\u0131! T\u00fcrk halk\u0131; \u00e7oluk \u00e7ocuk, ya\u015fl\u0131 gen\u00e7, kad\u0131n erkek hakl\u0131yd\u0131. \u00c7\u00fcnk\u00fc onlar kendi yurtlar\u0131n\u0131 savunuyorlard\u0131! Bir a\u011f\u0131zdan kat\u0131lm\u0131\u015flard\u0131 ona: \u201cYa istiklal ya \u00f6l\u00fcm!\u201d \u00c7\u00fcnk\u00fc onlar yeni bir T\u00fcrkiye\u2019nin hayalini kuruyorlard\u0131. \u201cKad\u0131na, \u00e7ocu\u011fa yani insa na, insan haklar\u0131na sayg\u0131l\u0131, modern bir yurdumuz olacak.\u201d diyorlard\u0131. Mustafa Kemal ve yan\u0131ndaki \u00c7ocuk bunun nas\u0131l ba\u015far\u0131labilece\u011fini biliyordu. Bu ancak halk\u0131n iradesinin yeni kurulacak bir meclise yans\u0131mas\u0131yla ger\u00e7ekle\u015febilirdi. Ba\u015farmaktan ba\u015fka se\u00e7enekleri yoktu. Peki, bu nas\u0131l ger\u00e7ekle\u015fti? Bu kitap s\u00f6yleyecek belki, anlat\u0131r o g\u00fcnleri! Bizimle b\u00f6yle bir yolculu\u011fa \u00e7\u0131kmak ister misiniz!<\/p>\n","protected":false},"excerpt":{"rendered":"<p>D\u00fc\u015fman g\u00fc\u00e7leri T\u00fcrkiye topraklar\u0131na girmi\u015f, Yunan askerleri \u0130zmir\u2019e \u00e7\u0131km\u0131\u015f, Ankara\u2019ya do\u011fru ilerliyordu. Mustafa Kemal ve askerleri d\u00fc\u015fman g\u00fc\u00e7lerini durdurmak, geriye p\u00fcsk\u00fcrtmek i\u00e7in sava\u015f\u0131yordu. O, yola \u00e7\u0131karken<span class=\"excerpt-hellip\"> [\u2026]<\/span><\/p>\n","protected":false},"featured_media":0,"template":"","meta":{"_monsterinsights_skip_tracking":false,"_monsterinsights_sitenote_active":false,"_monsterinsights_sitenote_note":"","_monsterinsights_sitenote_category":0},"product_brand":[],"product_cat":[12275,12274],"product_tag":[],"class_list":{"0":"post-734799","1":"product","2":"type-product","3":"status-publish","5":"product_cat-6-12-yas-kitaplari","6":"product_cat-cocuk-ve-genclik-kitaplari","7":"pa_cilt-ciltsiz","8":"pa_tur-kitap","9":"pa_yayinevi-altin-kitaplar-ozel-urun","10":"pa_yazar-habib-bektas","12":"first","13":"instock","14":"sale","15":"shipping-taxable","16":"purchasable","17":"product-type-simple"},"_links":{"self":[{"href":"https:\/\/roveyayinevi.com.tr\/index.php\/wp-json\/wp\/v2\/product\/734799","targetHints":{"allow":["GET"]}}],"collection":[{"href":"https:\/\/roveyayinevi.com.tr\/index.php\/wp-json\/wp\/v2\/product"}],"about":[{"href":"https:\/\/roveyayinevi.com.tr\/index.php\/wp-json\/wp\/v2\/types\/product"}],"wp:attachment":[{"href":"https:\/\/roveyayinevi.com.tr\/index.php\/wp-json\/wp\/v2\/media?parent=734799"}],"wp:term":[{"taxonomy":"product_brand","embeddable":true,"href":"https:\/\/roveyayinevi.com.tr\/index.php\/wp-json\/wp\/v2\/product_brand?post=734799"},{"taxonomy":"product_cat","embeddable":true,"href":"https:\/\/roveyayinevi.com.tr\/index.php\/wp-json\/wp\/v2\/product_cat?post=734799"},{"taxonomy":"product_tag","embeddable":true,"href":"https:\/\/roveyayinevi.com.tr\/index.php\/wp-json\/wp\/v2\/product_tag?post=734799"}],"curies":[{"name":"wp","href":"https:\/\/api.w.org\/{rel}","templated":true}]}}