{"id":734797,"date":"2025-08-27T22:34:54","date_gmt":"2025-08-27T19:34:54","guid":{"rendered":"https:\/\/roveyayinevi.com.tr\/index.php\/urun\/kar-ile-kara\/"},"modified":"2026-04-16T02:42:50","modified_gmt":"2026-04-15T23:42:50","slug":"kar-ile-kara","status":"publish","type":"product","link":"https:\/\/roveyayinevi.com.tr\/index.php\/urun\/kar-ile-kara\/","title":{"rendered":"Kar ile Kara"},"content":{"rendered":"<p>G\u00fczel Sular \u00dclkesi\u2019ni hi\u00e7 duydunuz mu? Ya Sihirli G\u00f6l\u00fc? Peki Kar ile Kara ad\u0131ndaki ikiz s\u0131palar\u0131?.. G\u00fczel Sular \u00dclkesi d\u00fcnyan\u0131n en g\u00fczel \u00fclkesidir, Kozman da d\u00fcnyan\u0131n en k\u00f6t\u00fc kalpli y\u00f6neticilerine sahip olan devleti. Bu devlet pek \u00e7ok hileyle G\u00fczel Sular \u00dclkesi\u2019ni i\u015fgal eder. \u0130nsanlar ve hayvanlar gizli bir ge\u00e7itten ge\u00e7erek hi\u00e7 kimsenin g\u00f6rmedi\u011fi bir yerde saklan\u0131rlar. Bir g\u00fcn \u00fclkelerini kurtaracaklar\u0131na inan\u0131rlar. Bunun i\u00e7in de insanlar\u0131n ve hayvanlar\u0131n i\u015f birli\u011fine ihtiya\u00e7lar\u0131 vard\u0131r, \u00f6zellikle farkl\u0131 t\u00fcrlerdeki ikiz hayvanlara\u2026 Kar ile Kara da onlardan ikisidir. Ne var ki esir tutulduklar\u0131 yerden kurtulup \u00f6zg\u00fcrl\u00fcklerine kavu\u015fmalar\u0131 i\u00e7in onlar\u0131 ciddi m\u00fccadeleler beklemektedir. &amp;O uml;d\u00fcll\u00fc yazar Abdullah Ata\u015f\u00e7\u0131 bu ilk gen\u00e7lik roman\u0131yla okurlara farkl\u0131 d\u00fcnyalar, zengin hayaller ve soluk solu\u011fa bir macera vadediyor.<\/p>\n","protected":false},"excerpt":{"rendered":"<p>G\u00fczel Sular \u00dclkesi\u2019ni hi\u00e7 duydunuz mu? Ya Sihirli G\u00f6l\u00fc? Peki Kar ile Kara ad\u0131ndaki ikiz s\u0131palar\u0131?.. G\u00fczel Sular \u00dclkesi d\u00fcnyan\u0131n en g\u00fczel \u00fclkesidir, Kozman da d\u00fcnyan\u0131n<span class=\"excerpt-hellip\"> [\u2026]<\/span><\/p>\n","protected":false},"featured_media":0,"template":"","meta":{"_monsterinsights_skip_tracking":false,"_monsterinsights_sitenote_active":false,"_monsterinsights_sitenote_note":"","_monsterinsights_sitenote_category":0},"product_brand":[],"product_cat":[12275,12274],"product_tag":[],"class_list":{"0":"post-734797","1":"product","2":"type-product","3":"status-publish","5":"product_cat-6-12-yas-kitaplari","6":"product_cat-cocuk-ve-genclik-kitaplari","7":"pa_cilt-ciltsiz","8":"pa_tur-kitap","9":"pa_yayinevi-altin-kitaplar-ozel-urun","10":"pa_yazar-abdullah-atasci","12":"first","13":"instock","14":"sale","15":"shipping-taxable","16":"purchasable","17":"product-type-simple"},"_links":{"self":[{"href":"https:\/\/roveyayinevi.com.tr\/index.php\/wp-json\/wp\/v2\/product\/734797","targetHints":{"allow":["GET"]}}],"collection":[{"href":"https:\/\/roveyayinevi.com.tr\/index.php\/wp-json\/wp\/v2\/product"}],"about":[{"href":"https:\/\/roveyayinevi.com.tr\/index.php\/wp-json\/wp\/v2\/types\/product"}],"wp:attachment":[{"href":"https:\/\/roveyayinevi.com.tr\/index.php\/wp-json\/wp\/v2\/media?parent=734797"}],"wp:term":[{"taxonomy":"product_brand","embeddable":true,"href":"https:\/\/roveyayinevi.com.tr\/index.php\/wp-json\/wp\/v2\/product_brand?post=734797"},{"taxonomy":"product_cat","embeddable":true,"href":"https:\/\/roveyayinevi.com.tr\/index.php\/wp-json\/wp\/v2\/product_cat?post=734797"},{"taxonomy":"product_tag","embeddable":true,"href":"https:\/\/roveyayinevi.com.tr\/index.php\/wp-json\/wp\/v2\/product_tag?post=734797"}],"curies":[{"name":"wp","href":"https:\/\/api.w.org\/{rel}","templated":true}]}}