{"id":734796,"date":"2025-08-27T22:34:53","date_gmt":"2025-08-27T19:34:53","guid":{"rendered":"https:\/\/roveyayinevi.com.tr\/index.php\/urun\/pinokyo-19\/"},"modified":"2026-04-16T02:42:50","modified_gmt":"2026-04-15T23:42:50","slug":"pinokyo-19","status":"publish","type":"product","link":"https:\/\/roveyayinevi.com.tr\/index.php\/urun\/pinokyo-19\/","title":{"rendered":"Pinokyo"},"content":{"rendered":"<p>D\u00fcnya \u00e7ocuk edebiyat\u0131n\u0131n en \u00fcnl\u00fc kahramanlar\u0131ndan Pinokyo, babas\u0131 Geppetto Usta\u2019n\u0131n \u00f6\u011f\u00fctlerine kulak asmayan, verdi\u011fi s\u00f6zleri hemencecik unutuveren bir kuklad\u0131r. Haylazl\u0131\u011f\u0131 y\u00fcz\u00fcnden ba\u015f\u0131 dertten kurtulmayan Pinokyo ger\u00e7ek bir \u00e7ocuk olma hayalinin pe\u015finde maceradan maceraya ko\u015far. Yaramazl\u0131klar\u0131 y\u00fcz\u00fcnden babas\u0131ndan ayr\u0131 d\u00fc\u015fen Pinokyo acaba bir g\u00fcn bu hayaline kavu\u015fabilecek midir? <\/p>\n","protected":false},"excerpt":{"rendered":"<p>D\u00fcnya \u00e7ocuk edebiyat\u0131n\u0131n en \u00fcnl\u00fc kahramanlar\u0131ndan Pinokyo, babas\u0131 Geppetto Usta\u2019n\u0131n \u00f6\u011f\u00fctlerine kulak asmayan, verdi\u011fi s\u00f6zleri hemencecik unutuveren bir kuklad\u0131r. Haylazl\u0131\u011f\u0131 y\u00fcz\u00fcnden ba\u015f\u0131 dertten kurtulmayan Pinokyo ger\u00e7ek<span class=\"excerpt-hellip\"> [\u2026]<\/span><\/p>\n","protected":false},"featured_media":0,"template":"","meta":{"_monsterinsights_skip_tracking":false,"_monsterinsights_sitenote_active":false,"_monsterinsights_sitenote_note":"","_monsterinsights_sitenote_category":0},"product_brand":[],"product_cat":[12274,12467],"product_tag":[],"class_list":{"0":"post-734796","1":"product","2":"type-product","3":"status-publish","5":"product_cat-cocuk-ve-genclik-kitaplari","6":"product_cat-dunya-klasikleri","7":"pa_cilt-ciltsiz","8":"pa_tur-kitap","9":"pa_yayinevi-beyaz-balina-yayinlari","10":"pa_yazar-carlo-collodi","12":"first","13":"instock","14":"sale","15":"shipping-taxable","16":"purchasable","17":"product-type-simple"},"_links":{"self":[{"href":"https:\/\/roveyayinevi.com.tr\/index.php\/wp-json\/wp\/v2\/product\/734796","targetHints":{"allow":["GET"]}}],"collection":[{"href":"https:\/\/roveyayinevi.com.tr\/index.php\/wp-json\/wp\/v2\/product"}],"about":[{"href":"https:\/\/roveyayinevi.com.tr\/index.php\/wp-json\/wp\/v2\/types\/product"}],"wp:attachment":[{"href":"https:\/\/roveyayinevi.com.tr\/index.php\/wp-json\/wp\/v2\/media?parent=734796"}],"wp:term":[{"taxonomy":"product_brand","embeddable":true,"href":"https:\/\/roveyayinevi.com.tr\/index.php\/wp-json\/wp\/v2\/product_brand?post=734796"},{"taxonomy":"product_cat","embeddable":true,"href":"https:\/\/roveyayinevi.com.tr\/index.php\/wp-json\/wp\/v2\/product_cat?post=734796"},{"taxonomy":"product_tag","embeddable":true,"href":"https:\/\/roveyayinevi.com.tr\/index.php\/wp-json\/wp\/v2\/product_tag?post=734796"}],"curies":[{"name":"wp","href":"https:\/\/api.w.org\/{rel}","templated":true}]}}