{"id":734795,"date":"2025-08-27T22:34:52","date_gmt":"2025-08-27T19:34:52","guid":{"rendered":"https:\/\/roveyayinevi.com.tr\/index.php\/urun\/denizler-altinda-yirmi-bin-fersah-6\/"},"modified":"2026-04-16T02:42:50","modified_gmt":"2026-04-15T23:42:50","slug":"denizler-altinda-yirmi-bin-fersah-6","status":"publish","type":"product","link":"https:\/\/roveyayinevi.com.tr\/index.php\/urun\/denizler-altinda-yirmi-bin-fersah-6\/","title":{"rendered":"Denizler Alt\u0131nda Yirmi Bin Fersah"},"content":{"rendered":"<p>1866 y\u0131l\u0131nda t\u00fcm d\u00fcnya, denizlerde deh\u015fet sa\u00e7an bir yarat\u0131\u011fa dair haberlerle \u00e7alkalanmaktad\u0131r. Denizlerin g\u00fcvenli\u011fini tehdit eden bu gizemli yarat\u0131\u011f\u0131 etkisiz h\u00e2le getirmek i\u00e7in bir sefer d\u00fczenlenir. Sefere kat\u0131lan Profes\u00f6r Aronnax, onun sad\u0131k hizmetk\u00e2r\u0131 Conseil ve z\u0131pk\u0131nc\u0131 Ned Land ge\u00e7irdikleri deniz kazas\u0131n\u0131n ard\u0131ndan kendilerini Kaptan Nemo\u2019nun muhte\u015fem denizalt\u0131s\u0131 Nautilus\u2019ta bulurlar. Onlar\u0131 e\u015fsiz g\u00fczellikteki bu gizemli su alt\u0131 d\u00fcnyas\u0131nda ola\u011fan\u00fcst\u00fc maceralar beklemektedir. <\/p>\n","protected":false},"excerpt":{"rendered":"<p>1866 y\u0131l\u0131nda t\u00fcm d\u00fcnya, denizlerde deh\u015fet sa\u00e7an bir yarat\u0131\u011fa dair haberlerle \u00e7alkalanmaktad\u0131r. Denizlerin g\u00fcvenli\u011fini tehdit eden bu gizemli yarat\u0131\u011f\u0131 etkisiz h\u00e2le getirmek i\u00e7in bir sefer d\u00fczenlenir.<span class=\"excerpt-hellip\"> [\u2026]<\/span><\/p>\n","protected":false},"featured_media":0,"template":"","meta":{"_monsterinsights_skip_tracking":false,"_monsterinsights_sitenote_active":false,"_monsterinsights_sitenote_note":"","_monsterinsights_sitenote_category":0},"product_brand":[],"product_cat":[12274,12467],"product_tag":[],"class_list":{"0":"post-734795","1":"product","2":"type-product","3":"status-publish","5":"product_cat-cocuk-ve-genclik-kitaplari","6":"product_cat-dunya-klasikleri","7":"pa_cilt-ciltsiz","8":"pa_tur-kitap","9":"pa_yayinevi-beyaz-balina-yayinlari","10":"pa_yazar-jules-verne","12":"first","13":"instock","14":"sale","15":"shipping-taxable","16":"purchasable","17":"product-type-simple"},"_links":{"self":[{"href":"https:\/\/roveyayinevi.com.tr\/index.php\/wp-json\/wp\/v2\/product\/734795","targetHints":{"allow":["GET"]}}],"collection":[{"href":"https:\/\/roveyayinevi.com.tr\/index.php\/wp-json\/wp\/v2\/product"}],"about":[{"href":"https:\/\/roveyayinevi.com.tr\/index.php\/wp-json\/wp\/v2\/types\/product"}],"wp:attachment":[{"href":"https:\/\/roveyayinevi.com.tr\/index.php\/wp-json\/wp\/v2\/media?parent=734795"}],"wp:term":[{"taxonomy":"product_brand","embeddable":true,"href":"https:\/\/roveyayinevi.com.tr\/index.php\/wp-json\/wp\/v2\/product_brand?post=734795"},{"taxonomy":"product_cat","embeddable":true,"href":"https:\/\/roveyayinevi.com.tr\/index.php\/wp-json\/wp\/v2\/product_cat?post=734795"},{"taxonomy":"product_tag","embeddable":true,"href":"https:\/\/roveyayinevi.com.tr\/index.php\/wp-json\/wp\/v2\/product_tag?post=734795"}],"curies":[{"name":"wp","href":"https:\/\/api.w.org\/{rel}","templated":true}]}}