{"id":734793,"date":"2025-08-27T22:34:50","date_gmt":"2025-08-27T19:34:50","guid":{"rendered":"https:\/\/roveyayinevi.com.tr\/index.php\/urun\/pollyanna-15\/"},"modified":"2026-04-16T02:42:50","modified_gmt":"2026-04-15T23:42:50","slug":"pollyanna-15","status":"publish","type":"product","link":"https:\/\/roveyayinevi.com.tr\/index.php\/urun\/pollyanna-15\/","title":{"rendered":"Pollyanna"},"content":{"rendered":"<p>Annesini ve babas\u0131n\u0131 kaybedince teyzesinin yan\u0131na ta\u015f\u0131n\u0131p onunla birlikte ya\u015famaya ba\u015flayan k\u00fc\u00e7\u00fck Pollyanna, babas\u0131n\u0131n ona \u00f6\u011fretti\u011fi \u201cmutluluk oyunu\u201d sayesinde olaylara hep olumlu taraf\u0131ndan bak\u0131p mutlu olmay\u0131 bilir. \u00c7evresindeki insanlara da b\u0131kmadan usanmadan bu mutluluk oyununu \u00f6\u011freten Pollyanna acaba aksi teyzesinin y\u0131llar i\u00e7inde kat\u0131la\u015fan kalbini de yumu\u015fatmay\u0131 ba\u015farabilecek midir? <\/p>\n","protected":false},"excerpt":{"rendered":"<p>Annesini ve babas\u0131n\u0131 kaybedince teyzesinin yan\u0131na ta\u015f\u0131n\u0131p onunla birlikte ya\u015famaya ba\u015flayan k\u00fc\u00e7\u00fck Pollyanna, babas\u0131n\u0131n ona \u00f6\u011fretti\u011fi \u201cmutluluk oyunu\u201d sayesinde olaylara hep olumlu taraf\u0131ndan bak\u0131p mutlu olmay\u0131<span class=\"excerpt-hellip\"> [\u2026]<\/span><\/p>\n","protected":false},"featured_media":0,"template":"","meta":{"_monsterinsights_skip_tracking":false,"_monsterinsights_sitenote_active":false,"_monsterinsights_sitenote_note":"","_monsterinsights_sitenote_category":0},"product_brand":[],"product_cat":[12274,12467],"product_tag":[],"class_list":{"0":"post-734793","1":"product","2":"type-product","3":"status-publish","5":"product_cat-cocuk-ve-genclik-kitaplari","6":"product_cat-dunya-klasikleri","7":"pa_cilt-ciltsiz","8":"pa_tur-kitap","9":"pa_yayinevi-beyaz-balina-yayinlari","10":"pa_yazar-eleanor-h-porter","12":"first","13":"instock","14":"sale","15":"shipping-taxable","16":"purchasable","17":"product-type-simple"},"_links":{"self":[{"href":"https:\/\/roveyayinevi.com.tr\/index.php\/wp-json\/wp\/v2\/product\/734793","targetHints":{"allow":["GET"]}}],"collection":[{"href":"https:\/\/roveyayinevi.com.tr\/index.php\/wp-json\/wp\/v2\/product"}],"about":[{"href":"https:\/\/roveyayinevi.com.tr\/index.php\/wp-json\/wp\/v2\/types\/product"}],"wp:attachment":[{"href":"https:\/\/roveyayinevi.com.tr\/index.php\/wp-json\/wp\/v2\/media?parent=734793"}],"wp:term":[{"taxonomy":"product_brand","embeddable":true,"href":"https:\/\/roveyayinevi.com.tr\/index.php\/wp-json\/wp\/v2\/product_brand?post=734793"},{"taxonomy":"product_cat","embeddable":true,"href":"https:\/\/roveyayinevi.com.tr\/index.php\/wp-json\/wp\/v2\/product_cat?post=734793"},{"taxonomy":"product_tag","embeddable":true,"href":"https:\/\/roveyayinevi.com.tr\/index.php\/wp-json\/wp\/v2\/product_tag?post=734793"}],"curies":[{"name":"wp","href":"https:\/\/api.w.org\/{rel}","templated":true}]}}