{"id":734791,"date":"2025-08-27T22:34:47","date_gmt":"2025-08-27T19:34:47","guid":{"rendered":"https:\/\/roveyayinevi.com.tr\/index.php\/urun\/ismailin-hikayesi\/"},"modified":"2026-04-16T02:42:50","modified_gmt":"2026-04-15T23:42:50","slug":"ismailin-hikayesi","status":"publish","type":"product","link":"https:\/\/roveyayinevi.com.tr\/index.php\/urun\/ismailin-hikayesi\/","title":{"rendered":"\u0130smail&#8217;in Hikayesi"},"content":{"rendered":"<p>\u0130smail, Kuzey Afrika&#8217;da bal\u0131k\u00e7\u0131l\u0131k yapan, on be\u015f ya\u015f\u0131nda bir gen\u00e7. Babas\u0131 denizin derinliklerinde kayboldu\u011funda ya\u015fam\u0131 alt\u00fcst oluyor. Bu yetmezmi\u015f gibi deniz kirlili\u011fi nedeniyle yoksulla\u015f\u0131yorlar. \u0130smail, \u00e7ok zor kararlar almas\u0131 gereken, yeti\u015fkin bir erkek olmak zorunda kal\u0131yor ve \u0130talya k\u0131y\u0131lar\u0131na kadar uzanan bir yolculu\u011fa \u00e7\u0131k\u0131yor. Ailesinin ge\u00e7imini sa\u011flamak umuduyla denizi a\u015fmaya \u00e7al\u0131\u015fan \u0130smail&#8217;in hik\u00e2yesi, ayn\u0131 umudu ta\u015f\u0131yan binlerce g\u00f6\u00e7menin ya\u015fam\u0131na ayna tutuyor. <\/p>\n","protected":false},"excerpt":{"rendered":"<p>\u0130smail, Kuzey Afrika&#8217;da bal\u0131k\u00e7\u0131l\u0131k yapan, on be\u015f ya\u015f\u0131nda bir gen\u00e7. Babas\u0131 denizin derinliklerinde kayboldu\u011funda ya\u015fam\u0131 alt\u00fcst oluyor. Bu yetmezmi\u015f gibi deniz kirlili\u011fi nedeniyle yoksulla\u015f\u0131yorlar. \u0130smail, \u00e7ok<span class=\"excerpt-hellip\"> [\u2026]<\/span><\/p>\n","protected":false},"featured_media":0,"template":"","meta":{"_monsterinsights_skip_tracking":false,"_monsterinsights_sitenote_active":false,"_monsterinsights_sitenote_note":"","_monsterinsights_sitenote_category":0},"product_brand":[],"product_cat":[12275,12274],"product_tag":[],"class_list":{"0":"post-734791","1":"product","2":"type-product","3":"status-publish","5":"product_cat-6-12-yas-kitaplari","6":"product_cat-cocuk-ve-genclik-kitaplari","7":"pa_cilt-ciltsiz","8":"pa_tur-kitap","9":"pa_yayinevi-beyaz-balina-yayinlari","10":"pa_yazar-francesco-dadamo","12":"first","13":"instock","14":"sale","15":"shipping-taxable","16":"purchasable","17":"product-type-simple"},"_links":{"self":[{"href":"https:\/\/roveyayinevi.com.tr\/index.php\/wp-json\/wp\/v2\/product\/734791","targetHints":{"allow":["GET"]}}],"collection":[{"href":"https:\/\/roveyayinevi.com.tr\/index.php\/wp-json\/wp\/v2\/product"}],"about":[{"href":"https:\/\/roveyayinevi.com.tr\/index.php\/wp-json\/wp\/v2\/types\/product"}],"wp:attachment":[{"href":"https:\/\/roveyayinevi.com.tr\/index.php\/wp-json\/wp\/v2\/media?parent=734791"}],"wp:term":[{"taxonomy":"product_brand","embeddable":true,"href":"https:\/\/roveyayinevi.com.tr\/index.php\/wp-json\/wp\/v2\/product_brand?post=734791"},{"taxonomy":"product_cat","embeddable":true,"href":"https:\/\/roveyayinevi.com.tr\/index.php\/wp-json\/wp\/v2\/product_cat?post=734791"},{"taxonomy":"product_tag","embeddable":true,"href":"https:\/\/roveyayinevi.com.tr\/index.php\/wp-json\/wp\/v2\/product_tag?post=734791"}],"curies":[{"name":"wp","href":"https:\/\/api.w.org\/{rel}","templated":true}]}}