{"id":734789,"date":"2025-08-27T22:34:45","date_gmt":"2025-08-27T19:34:45","guid":{"rendered":"https:\/\/roveyayinevi.com.tr\/index.php\/urun\/kaos-lordu-zaman-carki-6\/"},"modified":"2026-04-16T02:42:50","modified_gmt":"2026-04-15T23:42:50","slug":"kaos-lordu-zaman-carki-6","status":"publish","type":"product","link":"https:\/\/roveyayinevi.com.tr\/index.php\/urun\/kaos-lordu-zaman-carki-6\/","title":{"rendered":"Kaos Lordu &#8211; Zaman \u00c7ark\u0131 6"},"content":{"rendered":"<p>\u201cZaman \u00c7ark\u0131 d\u00f6ner, \u00c7a\u011flar gelip ge\u00e7er, efsanele\u015fen an\u0131lar b\u0131rak\u0131r ard\u0131nda. Efsaneler solarak mit olur ve onlar\u0131 do\u011furan \u00c7a\u011f yeniden geldi\u011finde mitler bile unutulur.\u201dFantastik edebiyat\u0131n devi Robert Jordan\u2019\u0131n kaleminden \u00e7\u0131kan Zaman \u00c7ark\u0131 destan\u0131 d\u00fcnya \u00e7ap\u0131nda milyonlar\u0131n hayal g\u00fcc\u00fcnde yer etti. Ayr\u0131nt\u0131l\u0131 d\u00fcnyas\u0131, en ince detay\u0131na kadar d\u00fc\u015f\u00fcn\u00fclm\u00fc\u015f b\u00fcy\u00fc sistemi, g\u00f6n\u00fcllere taht kuran karakterleri Zaman \u00c7ark\u0131\u2019n\u0131n okurlar taraf\u0131ndan bu kadar sevilmesinin sadece birka\u00e7 sebebi. Zaman \u00c7ark\u0131\u2019n\u0131n etkileri, Patrick Rothfuss, Brandon Sanderson, Brent Weeks gibi g\u00fcn\u00fcm\u00fcz\u00fcn en b\u00fcy\u00fck fantastik yazarlar\u0131n\u0131n eserlerinde g\u00f6r\u00fclebilir.   Tar Valon\u2019da, Amyrlin Elaida\u2019n\u0131n emrindeki Beyaz Kule, Rand\u2019\u0131n hemen kontrol alt\u0131na al\u0131nmas\u0131n\u0131n elzem oldu\u011funa karar vermi\u015fti; zorla ya da g\u00fczellikle\u2026 Salidar\u2019da s\u00fcrg\u00fcnde olan Aes Sedailerden Egwene al\u2019Vere ise di\u011fer Aes Sedailerin kendisine engel olmak istedi\u011finin fark\u0131ndayd\u0131.   Nynaeve al\u2019Maera ve Andor\u2019un v\u00e2risi Elayne havay\u0131 normalle\u015ftirmeyi sa\u011flamak i\u00e7in efsanevi ter\u2019angreal\u2019in pe\u015findeydi. Bu aray\u0131\u015f ise onlar\u0131 Aes Sedaileri avlamak isteyen Beyazpelerinlerle kar\u015f\u0131 kar\u015f\u0131ya getirecekti.   Ve \u00e7ok uzaklardaki Perrin, Rand\u2019\u0131n kendisini \u00e7a\u011f\u0131rd\u0131\u011f\u0131n\u0131 hissediyordu. Binlerce y\u0131l sonra ilk kez \u0130ki Nehir\u2019in ok\u00e7ular\u0131 sava\u015fa y\u00fcr\u00fcyecekti.   Ejderha, bir kez daha zaman\u0131n r\u00fczg\u00e2rlar\u0131nda havalanacak.   \u201cBir yazar olarak beni Robert Jordan kadar etkileyen ba\u015fka kimse olmad\u0131.\u201d \u2013Tochi Onyebuchi   \u201cZengin mi zengin bu hik\u00e2ye dolamba\u00e7l\u0131, derin bir macera i\u00e7eriyor. Tavsiyemizdir.\u201d \u2013Library Journal <\/p>\n","protected":false},"excerpt":{"rendered":"<p>\u201cZaman \u00c7ark\u0131 d\u00f6ner, \u00c7a\u011flar gelip ge\u00e7er, efsanele\u015fen an\u0131lar b\u0131rak\u0131r ard\u0131nda. Efsaneler solarak mit olur ve onlar\u0131 do\u011furan \u00c7a\u011f yeniden geldi\u011finde mitler bile unutulur.\u201dFantastik edebiyat\u0131n devi Robert<span class=\"excerpt-hellip\"> [\u2026]<\/span><\/p>\n","protected":false},"featured_media":0,"template":"","meta":{"_monsterinsights_skip_tracking":false,"_monsterinsights_sitenote_active":false,"_monsterinsights_sitenote_note":"","_monsterinsights_sitenote_category":0},"product_brand":[],"product_cat":[12291,14777],"product_tag":[],"class_list":{"0":"post-734789","1":"product","2":"type-product","3":"status-publish","5":"product_cat-edebiyat","6":"product_cat-fantastik","7":"pa_cilt-ciltsiz","8":"pa_tur-kitap","9":"pa_yayinevi-ithaki-yayinlari","10":"pa_yazar-robert-jordan","12":"first","13":"instock","14":"sale","15":"shipping-taxable","16":"purchasable","17":"product-type-simple"},"_links":{"self":[{"href":"https:\/\/roveyayinevi.com.tr\/index.php\/wp-json\/wp\/v2\/product\/734789","targetHints":{"allow":["GET"]}}],"collection":[{"href":"https:\/\/roveyayinevi.com.tr\/index.php\/wp-json\/wp\/v2\/product"}],"about":[{"href":"https:\/\/roveyayinevi.com.tr\/index.php\/wp-json\/wp\/v2\/types\/product"}],"wp:attachment":[{"href":"https:\/\/roveyayinevi.com.tr\/index.php\/wp-json\/wp\/v2\/media?parent=734789"}],"wp:term":[{"taxonomy":"product_brand","embeddable":true,"href":"https:\/\/roveyayinevi.com.tr\/index.php\/wp-json\/wp\/v2\/product_brand?post=734789"},{"taxonomy":"product_cat","embeddable":true,"href":"https:\/\/roveyayinevi.com.tr\/index.php\/wp-json\/wp\/v2\/product_cat?post=734789"},{"taxonomy":"product_tag","embeddable":true,"href":"https:\/\/roveyayinevi.com.tr\/index.php\/wp-json\/wp\/v2\/product_tag?post=734789"}],"curies":[{"name":"wp","href":"https:\/\/api.w.org\/{rel}","templated":true}]}}