{"id":734787,"date":"2025-08-27T22:34:42","date_gmt":"2025-08-27T19:34:42","guid":{"rendered":"https:\/\/roveyayinevi.com.tr\/index.php\/urun\/tuylerinizi-urpertecek-yepyeni-oykuler-korkunc-oykuler-3\/"},"modified":"2026-04-16T02:42:50","modified_gmt":"2026-04-15T23:42:50","slug":"tuylerinizi-urpertecek-yepyeni-oykuler-korkunc-oykuler-3","status":"publish","type":"product","link":"https:\/\/roveyayinevi.com.tr\/index.php\/urun\/tuylerinizi-urpertecek-yepyeni-oykuler-korkunc-oykuler-3\/","title":{"rendered":"T\u00fcylerinizi \u00dcrpertecek Yepyeni \u00d6yk\u00fcler &#8211; Korkun\u00e7 \u00d6yk\u00fcler 3"},"content":{"rendered":"<p>\u201cKesinlikle t\u00fcyler \u00fcrpertici bir antoloji.\u201d \u2013Publishers Weekly   Korkun\u00e7 \u00d6yk\u00fcler serisinde halkbilimci Alvin Schwartz y\u00fczy\u0131llard\u0131r insanlar\u0131 her daim korkutan, dilden dile dola\u015fan ve farkl\u0131 yerlerde farkl\u0131 versiyonlar\u0131 bulunan t\u00fcyler \u00fcrpertici \u00f6yk\u00fcler ile \u015fehir efsanelerini kendine has tekinsiz \u00fcslubuyla yeniden anlat\u0131yor.   \u00dc\u00e7 cildin sonuncusunda, otostop yapan bir hayalet, \u00e7al\u0131nan organlar\u0131n\u0131n pe\u015findeki bir \u00f6l\u00fc, kurda d\u00f6n\u00fc\u015fen bir k\u0131z, canlanan k\u00f6t\u00fcc\u00fcl bir korkuluk, bir aileye musallat olan poltergeist ve daha fazla korkun\u00e7 \u00f6yk\u00fc anlat\u0131l\u0131yor.   Mezarl\u0131ktan gelen seslere kulak verme! <\/p>\n","protected":false},"excerpt":{"rendered":"<p>\u201cKesinlikle t\u00fcyler \u00fcrpertici bir antoloji.\u201d \u2013Publishers Weekly Korkun\u00e7 \u00d6yk\u00fcler serisinde halkbilimci Alvin Schwartz y\u00fczy\u0131llard\u0131r insanlar\u0131 her daim korkutan, dilden dile dola\u015fan ve farkl\u0131 yerlerde farkl\u0131 versiyonlar\u0131<span class=\"excerpt-hellip\"> [\u2026]<\/span><\/p>\n","protected":false},"featured_media":0,"template":"","meta":{"_monsterinsights_skip_tracking":false,"_monsterinsights_sitenote_active":false,"_monsterinsights_sitenote_note":"","_monsterinsights_sitenote_category":0},"product_brand":[],"product_cat":[12291,17033],"product_tag":[],"class_list":{"0":"post-734787","1":"product","2":"type-product","3":"status-publish","5":"product_cat-edebiyat","6":"product_cat-korku-gerilim","7":"pa_cilt-ciltsiz","8":"pa_tur-kitap","9":"pa_yayinevi-ithaki-yayinlari","10":"pa_yazar-alvin-schwartz","12":"first","13":"instock","14":"sale","15":"shipping-taxable","16":"purchasable","17":"product-type-simple"},"_links":{"self":[{"href":"https:\/\/roveyayinevi.com.tr\/index.php\/wp-json\/wp\/v2\/product\/734787","targetHints":{"allow":["GET"]}}],"collection":[{"href":"https:\/\/roveyayinevi.com.tr\/index.php\/wp-json\/wp\/v2\/product"}],"about":[{"href":"https:\/\/roveyayinevi.com.tr\/index.php\/wp-json\/wp\/v2\/types\/product"}],"wp:attachment":[{"href":"https:\/\/roveyayinevi.com.tr\/index.php\/wp-json\/wp\/v2\/media?parent=734787"}],"wp:term":[{"taxonomy":"product_brand","embeddable":true,"href":"https:\/\/roveyayinevi.com.tr\/index.php\/wp-json\/wp\/v2\/product_brand?post=734787"},{"taxonomy":"product_cat","embeddable":true,"href":"https:\/\/roveyayinevi.com.tr\/index.php\/wp-json\/wp\/v2\/product_cat?post=734787"},{"taxonomy":"product_tag","embeddable":true,"href":"https:\/\/roveyayinevi.com.tr\/index.php\/wp-json\/wp\/v2\/product_tag?post=734787"}],"curies":[{"name":"wp","href":"https:\/\/api.w.org\/{rel}","templated":true}]}}