{"id":734786,"date":"2025-08-27T22:34:41","date_gmt":"2025-08-27T19:34:41","guid":{"rendered":"https:\/\/roveyayinevi.com.tr\/index.php\/urun\/karanlikta-anlatilacak-bambaska-korkunc-oykuler-korkunc-oykuler-2\/"},"modified":"2026-04-16T02:42:50","modified_gmt":"2026-04-15T23:42:50","slug":"karanlikta-anlatilacak-bambaska-korkunc-oykuler-korkunc-oykuler-2","status":"publish","type":"product","link":"https:\/\/roveyayinevi.com.tr\/index.php\/urun\/karanlikta-anlatilacak-bambaska-korkunc-oykuler-korkunc-oykuler-2\/","title":{"rendered":"Karanl\u0131kta Anlat\u0131lacak Bamba\u015fka Korkun\u00e7 \u00d6yk\u00fcler &#8211; Korkun\u00e7 \u00d6yk\u00fcler 2"},"content":{"rendered":"<p>\u201cBu \u00f6yk\u00fcler k\u00e2buslar\u0131n\u0131za giriyor.\u201d \u2013Victor LaValle   Korkun\u00e7 \u00d6yk\u00fcler serisinde halkbilimci Alvin Schwartz y\u00fczy\u0131llard\u0131r insanlar\u0131 her daim korkutan, dilden dile dola\u015fan ve farkl\u0131 yerlerde farkl\u0131 versiyonlar\u0131 bulunan t\u00fcyler \u00fcrpertici \u00f6yk\u00fcler ile \u015fehir efsanelerini kendine has tekinsiz \u00fcslubuyla yeniden anlat\u0131yor.    \u00dc\u00e7 cildin ikincisinde, mezar\u0131nda rahat b\u0131rak\u0131lmayan \u00f6l\u00fcler, \u00f6ld\u00fc\u011f\u00fcn\u00fcn fark\u0131nda olmayan hayaletler, gen\u00e7 bir k\u0131za dadanan bir vampir, kesik bir el y\u00fcz\u00fcnden deliren bir \u00f6\u011frenci, insan eti satan bir kasap ve daha fazla korkun\u00e7 \u00f6yk\u00fc anlat\u0131l\u0131yor.   Gece yar\u0131s\u0131ndan sonra okuma! <\/p>\n","protected":false},"excerpt":{"rendered":"<p>\u201cBu \u00f6yk\u00fcler k\u00e2buslar\u0131n\u0131za giriyor.\u201d \u2013Victor LaValle Korkun\u00e7 \u00d6yk\u00fcler serisinde halkbilimci Alvin Schwartz y\u00fczy\u0131llard\u0131r insanlar\u0131 her daim korkutan, dilden dile dola\u015fan ve farkl\u0131 yerlerde farkl\u0131 versiyonlar\u0131 bulunan<span class=\"excerpt-hellip\"> [\u2026]<\/span><\/p>\n","protected":false},"featured_media":0,"template":"","meta":{"_monsterinsights_skip_tracking":false,"_monsterinsights_sitenote_active":false,"_monsterinsights_sitenote_note":"","_monsterinsights_sitenote_category":0},"product_brand":[],"product_cat":[12291,17033],"product_tag":[],"class_list":{"0":"post-734786","1":"product","2":"type-product","3":"status-publish","5":"product_cat-edebiyat","6":"product_cat-korku-gerilim","7":"pa_cilt-ciltsiz","8":"pa_tur-kitap","9":"pa_yayinevi-ithaki-yayinlari","10":"pa_yazar-alvin-schwartz","12":"first","13":"instock","14":"sale","15":"shipping-taxable","16":"purchasable","17":"product-type-simple"},"_links":{"self":[{"href":"https:\/\/roveyayinevi.com.tr\/index.php\/wp-json\/wp\/v2\/product\/734786","targetHints":{"allow":["GET"]}}],"collection":[{"href":"https:\/\/roveyayinevi.com.tr\/index.php\/wp-json\/wp\/v2\/product"}],"about":[{"href":"https:\/\/roveyayinevi.com.tr\/index.php\/wp-json\/wp\/v2\/types\/product"}],"wp:attachment":[{"href":"https:\/\/roveyayinevi.com.tr\/index.php\/wp-json\/wp\/v2\/media?parent=734786"}],"wp:term":[{"taxonomy":"product_brand","embeddable":true,"href":"https:\/\/roveyayinevi.com.tr\/index.php\/wp-json\/wp\/v2\/product_brand?post=734786"},{"taxonomy":"product_cat","embeddable":true,"href":"https:\/\/roveyayinevi.com.tr\/index.php\/wp-json\/wp\/v2\/product_cat?post=734786"},{"taxonomy":"product_tag","embeddable":true,"href":"https:\/\/roveyayinevi.com.tr\/index.php\/wp-json\/wp\/v2\/product_tag?post=734786"}],"curies":[{"name":"wp","href":"https:\/\/api.w.org\/{rel}","templated":true}]}}